{"id":16601,"date":"2020-04-04T11:59:03","date_gmt":"2020-04-04T11:59:03","guid":{"rendered":"http:\/\/www.wedadi.org\/?page_id=16601"},"modified":"2021-03-11T15:23:44","modified_gmt":"2021-03-11T15:23:44","slug":"home","status":"publish","type":"page","link":"https:\/\/www.wedadint.org\/fr\/","title":{"rendered":"Accueil"},"content":{"rendered":"\n<div class=\"wp-block-themeisle-blocks-advanced-columns alignfull has-1-columns has-desktop-equal-layout has-tablet-equal-layout has-mobile-equal-layout has-nogap-gap has-vertical-unset\" id=\"wp-block-themeisle-blocks-advanced-columns-fac601c2\"><div class=\"wp-block-themeisle-blocks-advanced-columns-overlay\"><\/div><div class=\"innerblocks-wrap\">\n<div class=\"wp-block-themeisle-blocks-advanced-column\" id=\"wp-block-themeisle-blocks-advanced-column-66818b79\">\n<h2 class=\"has-text-align-center has-white-color has-text-color\">Qui nous sommes<\/h2>\n\n\n\n<div style=\"height:50px\" aria-hidden=\"true\" class=\"wp-block-spacer\"><\/div>\n\n\n\n<h3 class=\"has-text-align-center has-white-color has-text-color\">Donner de l&rsquo;espoir aux b\u00e9b\u00e9s abandonn\u00e9s<\/h3>\n\n\n\n<div style=\"height:50px\" aria-hidden=\"true\" class=\"wp-block-spacer\"><\/div>\n\n\n\n<div class=\"wp-container-1 wp-block-buttons is-content-justification-center\">\n<div class=\"wp-block-button\"><a class=\"wp-block-button__link has-accent-background-color has-background\" href=\"https:\/\/www.wedadint.org\/how-you-can-help\/\">Faites un don aujourd&rsquo;hui et sauvez un enfant\n<\/a><\/div>\n<\/div>\n\n\n\n<div style=\"height:444px\" aria-hidden=\"true\" class=\"wp-block-spacer\"><\/div>\n<\/div>\n<\/div><\/div>\n\n\n\n<div class=\"wp-block-themeisle-blocks-advanced-columns alignfull has-5-columns has-desktop-equal-layout has-tablet-equal-layout has-mobile-collapsedRows-layout has-nogap-gap has-vertical-unset ticss-c393b760\" id=\"wp-block-themeisle-blocks-advanced-columns-5a1aec00\"><div class=\"wp-block-themeisle-blocks-advanced-columns-overlay\"><\/div><div class=\"innerblocks-wrap\">\n<div class=\"wp-block-themeisle-blocks-advanced-column\" id=\"wp-block-themeisle-blocks-advanced-column-645a5bdd\">\n<div class=\"wp-block-image mb-0\"><figure class=\"aligncenter size-large\"><a href=\"\/how-you-can-support\/\"><img loading=\"lazy\" width=\"55\" height=\"55\" src=\"https:\/\/www.wedadint.org\/wp-content\/uploads\/2017\/06\/1-3.png\" alt=\"abandoned infants hope Sponsor donate\" class=\"wp-image-16285\"\/><\/a><\/figure><\/div>\n\n\n\n<p class=\"has-text-align-center has-white-color has-text-color\"><strong><a href=\"https:\/\/www.wedadint.org\/how-you-can-help\/\"><span class=\"has-inline-color has-white-color\">Faire un don<\/span><\/a><\/strong><\/p>\n<\/div>\n\n\n\n<div class=\"wp-block-themeisle-blocks-advanced-column\" id=\"wp-block-themeisle-blocks-advanced-column-fabb00f3\">\n<div class=\"wp-block-image mb-0\"><figure class=\"aligncenter size-large is-resized\"><a href=\"\/volunteer\"><img loading=\"lazy\" src=\"https:\/\/www.wedadint.org\/wp-content\/uploads\/2017\/06\/2-3.png\" alt=\"abandoned infants hope Sponsor volunteer\" class=\"wp-image-16282\" width=\"55\" height=\"55\"\/><\/a><\/figure><\/div>\n\n\n\n<p class=\"has-text-align-center has-white-color has-text-color\"><strong><a href=\"\/volunteer\/\"><span class=\"has-inline-color has-white-color\">B\u00e9n\u00e9vole<\/span><\/a><\/strong><\/p>\n<\/div>\n\n\n\n<div class=\"wp-block-themeisle-blocks-advanced-column\" id=\"wp-block-themeisle-blocks-advanced-column-e53032fe\">\n<div class=\"wp-block-image mb-0\"><figure class=\"aligncenter size-large is-resized\"><a href=\"\/sponsor\"><img loading=\"lazy\" src=\"https:\/\/www.wedadint.org\/wp-content\/uploads\/2017\/06\/3-3.png\" alt=\"abandoned infants hope Sponsor sponsor\" class=\"wp-image-16284\" width=\"55\" height=\"55\"\/><\/a><\/figure><\/div>\n\n\n\n<p class=\"has-text-align-center has-white-color has-text-color\"><strong><a href=\"\/sponsor\/\"><span class=\"has-inline-color has-white-color\">Parrainer<\/span><\/a><\/strong><\/p>\n<\/div>\n\n\n\n<div class=\"wp-block-themeisle-blocks-advanced-column\" id=\"wp-block-themeisle-blocks-advanced-column-94a19980\">\n<div class=\"wp-block-image mb-0\"><figure class=\"aligncenter size-large is-resized\"><a href=\"\/foster\"><img loading=\"lazy\" src=\"https:\/\/www.wedadint.org\/wp-content\/uploads\/2017\/06\/4-2.png\" alt=\"abandoned infants hope Sponsor foster\" class=\"wp-image-16275\" width=\"56\" height=\"56\"\/><\/a><\/figure><\/div>\n\n\n\n<p class=\"has-text-align-center has-white-color has-text-color\"><a href=\"\/foster\/\"><span class=\"has-inline-color has-white-color\"><strong>Favoriser<\/strong> <\/span><\/a><\/p>\n<\/div>\n\n\n\n<div class=\"wp-block-themeisle-blocks-advanced-column\" id=\"wp-block-themeisle-blocks-advanced-column-98375672\">\n<div class=\"wp-block-image\"><figure class=\"aligncenter size-large\"><a href=\"\/partnerships\"><img loading=\"lazy\" width=\"55\" height=\"55\" src=\"https:\/\/www.wedadint.org\/wp-content\/uploads\/2017\/06\/2-3.png\" alt=\"abandoned infants hope Sponsor partnership\" class=\"wp-image-16282\"\/><\/a><\/figure><\/div>\n\n\n\n<p class=\"has-text-align-center has-white-color has-text-color\"><strong><a href=\"\/partnerships\/\"><span class=\"has-inline-color has-white-color\">Partenariats <\/span><\/a><\/strong><\/p>\n<\/div>\n<\/div><\/div>\n\n\n\n<div class=\"wp-block-themeisle-blocks-advanced-columns alignfull has-2-columns has-desktop-equal-layout has-tablet-equal-layout has-mobile-collapsedRows-layout has-nogap-gap has-vertical-unset\" id=\"wp-block-themeisle-blocks-advanced-columns-865de390\"><div class=\"wp-block-themeisle-blocks-advanced-columns-overlay\"><\/div><div class=\"innerblocks-wrap\">\n<div class=\"wp-block-themeisle-blocks-advanced-column\" id=\"wp-block-themeisle-blocks-advanced-column-b3884905\">\n<h2>Abonnez-vous \u00e0 notre newsletter<\/h2>\n\n\n\n<meta http-equiv=\"Content-Type\" content=\"text\/html;charset=UTF-8\">\n<link rel=\"stylesheet\" href=\"\/crm\/forms_h.css\">\n<form id=\"regForm\" name=\"Newsletter\" action=\"\/crm\/news_submit.php\" method=\"post\" accept-charset=\"utf-8\" enctype=\"multipart\/form-data\">\n\n<div>\n<input type=\"hidden\" id=\"cont_wd_a\" name=\"cont_id\">\n<input type=\"hidden\" id=\"counter_dat\" name=\"counter_dat\">\n\n<p><label>Nom*<\/label><\/p>\n<p><input type=\"text\" placeholder=\"Votre nom*...\" name=\"wd_name\" value=\"\" required=\"\"><\/p>\n\n<p><label>eMail*<\/label><\/p>\n<p><input type=\"email\" placeholder=\"Votre eMail*...\" name=\"wd_email_adress\" value=\"\" required=\"\"><\/p>\n\n<p><label>J&rsquo;accepte la politique de confidentialit\u00e9 et de s\u00e9curit\u00e9 *<\/label>\n<input type=\"hidden\" name=\"wd_Privacy_Policy_and_Security\" value\"=\"\" value=\"0\">\n<input style=\"cursor: pointer; position: relative; width:50px; hight:50px;\" type=\"checkbox\" name=\"wd_Privacy_Policy_and_Security\" value\"=\"\" value=\"1\" required=\"\"><\/p>\n\n<p id=\"html_element\" align=\"right\"><\/p>\n\n<input style=\"width: 100%\" type=\"submit\" value=\"Soumettre\">\n\n<\/div>\n\n<\/form>\n\n<script src=\"\/crm\/recaptcha_valid.js\"><\/script>\n<\/div>\n\n\n\n<div class=\"wp-block-themeisle-blocks-advanced-column\" id=\"wp-block-themeisle-blocks-advanced-column-3f89f95c\">\n<div class=\"wp-block-image\"><figure class=\"aligncenter size-large\"><img loading=\"lazy\" width=\"600\" height=\"600\" src=\"https:\/\/www.wedadint.org\/wp-content\/uploads\/2020\/05\/crop-0-0-600-600-0-wif-newsletter-front.jpg\" alt=\"abandoned infants hope Sponsor Newsletter\" class=\"wp-image-19623\" srcset=\"https:\/\/www.wedadint.org\/wp-content\/uploads\/2020\/05\/crop-0-0-600-600-0-wif-newsletter-front.jpg 600w, https:\/\/www.wedadint.org\/wp-content\/uploads\/2020\/05\/crop-0-0-600-600-0-wif-newsletter-front-300x300.jpg 300w, https:\/\/www.wedadint.org\/wp-content\/uploads\/2020\/05\/crop-0-0-600-600-0-wif-newsletter-front-150x150.jpg 150w\" sizes=\"(max-width: 600px) 100vw, 600px\" \/><\/figure><\/div>\n<\/div>\n<\/div><\/div>\n\n\n\n<h4 class=\"has-text-align-center has-header-gradient-color has-text-color\">Cr\u00e9\u00e9e en 2017, Wedad International Foundation est une organisation qui s\u00e9curise un logement permanent gr\u00e2ce \u00e0 des familles alternatives pour les enfants \u00e2g\u00e9s de 0 \u00e0 18 mois qui ont \u00e9t\u00e9 abandonn\u00e9s et ont perdu la garde parentale.<\/h4>\n\n\n\n<p class=\"has-text-align-center has-medium-font-size\">Tous les enfants m\u00e9ritent de vivre avec une famille dans un foyer s\u00fbr et aimant o\u00f9 ils se sentent valoris\u00e9s et aim\u00e9s<\/p>\n\n\n\n<div class=\"wp-block-themeisle-blocks-advanced-columns alignfull has-2-columns has-desktop-twoOne-layout has-tablet-equal-layout has-mobile-collapsedRows-layout has-nogap-gap has-vertical-unset\" id=\"wp-block-themeisle-blocks-advanced-columns-25785058\"><div class=\"wp-block-themeisle-blocks-advanced-columns-overlay\"><\/div><div class=\"innerblocks-wrap\">\n<div class=\"wp-block-themeisle-blocks-advanced-column\" id=\"wp-block-themeisle-blocks-advanced-column-17b7d272\">\n<figure class=\"wp-block-image size-large\"><img loading=\"lazy\" width=\"1024\" height=\"624\" src=\"https:\/\/www.wedadint.org\/wp-content\/uploads\/2021\/01\/a-2-1024x624.jpg\" alt=\"\" class=\"wp-image-20628\" srcset=\"https:\/\/www.wedadint.org\/wp-content\/uploads\/2021\/01\/a-2-1024x624.jpg 1024w, https:\/\/www.wedadint.org\/wp-content\/uploads\/2021\/01\/a-2-300x183.jpg 300w, https:\/\/www.wedadint.org\/wp-content\/uploads\/2021\/01\/a-2-768x468.jpg 768w, https:\/\/www.wedadint.org\/wp-content\/uploads\/2021\/01\/a-2.jpg 1430w\" sizes=\"(max-width: 1024px) 100vw, 1024px\" \/><\/figure>\n<\/div>\n\n\n\n<div class=\"wp-block-themeisle-blocks-advanced-column\" id=\"wp-block-themeisle-blocks-advanced-column-0846e54b\">\n<h2 class=\"has-white-color has-text-color\"><span class=\"has-inline-color has-white-color\">Notre couverture<\/span><\/h2>\n\n\n\n<p class=\"has-white-color has-text-color\">Aujourd&rsquo;hui, Wedad International Foundation (WIF) se pr\u00e9pare \u00e0 r\u00e9pliquer son mod\u00e8le dans 12 pays d&rsquo;ici 2024 <\/p>\n\n\n\n<p class=\"has-text-align-center has-white-color has-text-color\"> <\/p>\n\n\n\n<div class=\"wp-container-2 wp-block-buttons\">\n<div class=\"wp-block-button\"><a class=\"wp-block-button__link has-white-color has-accent-background-color has-text-color has-background\" href=\"\/where-we-work\/\">Learn More<\/a><\/div>\n<\/div>\n<\/div>\n<\/div><\/div>\n\n\n\n<h2 class=\"has-text-align-center\">Faire du b\u00e9n\u00e9volat, parrainer, faire un don ou d\u00e9fendre<span class=\"has-inline-color has-header-gradient-color\">.<\/span><\/h2>\n\n\n\n<p class=\"has-text-align-center\">Depuis plus de 20 ans, la Wedad International Foundation (WIF) place des nourrissons et des enfants abandonn\u00e9s dans des foyers permanents, stables et aimants. Pour poursuivre notre mission, nous avons de multiples fa\u00e7ons de vous impliquer qui peuvent faire une diff\u00e9rence. Entre le parrainage d&rsquo;un enfant, le partenariat avec notre organisation, le b\u00e9n\u00e9volat de votre temps ou le don de ressources suppl\u00e9mentaires, votre g\u00e9n\u00e9rosit\u00e9 peut avoir un impact positif sur la vie d&rsquo;un enfant aujourd&rsquo;hui.\n  <\/p>\n\n\n\n<div class=\"wp-container-3 wp-block-buttons is-content-justification-center\">\n<div class=\"wp-block-button\" style=\"font-size:16px\"><a class=\"wp-block-button__link has-white-color has-accent-background-color has-text-color has-background\" href=\"\/volunteer\/\">\u00catre impliqu\u00e9<\/a><\/div>\n<\/div>\n\n\n\n<figure class=\"wp-block-image alignfull size-large mb-0\"><img loading=\"lazy\" width=\"1024\" height=\"325\" src=\"https:\/\/www.wedadint.org\/wp-content\/uploads\/2020\/05\/wif-volunteers-hands-1024x325.jpg\" alt=\"abandoned infants hope Sponsor Volunteer_with_WIF\" class=\"wp-image-19191\" srcset=\"https:\/\/www.wedadint.org\/wp-content\/uploads\/2020\/05\/wif-volunteers-hands-1024x325.jpg 1024w, https:\/\/www.wedadint.org\/wp-content\/uploads\/2020\/05\/wif-volunteers-hands-300x95.jpg 300w, https:\/\/www.wedadint.org\/wp-content\/uploads\/2020\/05\/wif-volunteers-hands-768x244.jpg 768w, https:\/\/www.wedadint.org\/wp-content\/uploads\/2020\/05\/wif-volunteers-hands.jpg 1260w\" sizes=\"(max-width: 1024px) 100vw, 1024px\" \/><\/figure>\n\n\n\n<div class=\"wp-block-themeisle-blocks-advanced-columns alignfull has-1-columns has-desktop-equal-layout has-tablet-equal-layout has-mobile-equal-layout has-nogap-gap has-vertical-unset\" id=\"wp-block-themeisle-blocks-advanced-columns-5a1056e6\"><div class=\"wp-block-themeisle-blocks-advanced-columns-overlay\"><\/div><div class=\"innerblocks-wrap\">\n<div class=\"wp-block-themeisle-blocks-advanced-column\" id=\"wp-block-themeisle-blocks-advanced-column-69a9ab16\">\n<h4 class=\"has-text-align-center has-white-color has-text-color has-custom-font\" style=\"font-family:Open Sans\">Activit\u00e9s \u00e0 venir et \u00e9v\u00e9nements internationaux<\/h4>\n\n\n\n<div class=\"wp-container-4 wp-block-buttons is-content-justification-center\">\n<div class=\"wp-block-button has-custom-font\" style=\"font-family:Open Sans\"><a class=\"wp-block-button__link has-white-color has-accent-background-color has-text-color has-background\" href=\"\/events\/\" rel=\"\/events\/\">Afficher le calendrier<\/a><\/div>\n<\/div>\n<\/div>\n<\/div><\/div>\n","protected":false},"excerpt":{"rendered":"<p>Cr\u00e9\u00e9e en 2017, Wedad International Foundation est une organisation qui s\u00e9curise un logement permanent gr\u00e2ce \u00e0 des familles alternatives pour les enfants \u00e2g\u00e9s de 0 \u00e0 18 mois qui ont \u00e9t\u00e9 abandonn\u00e9s et ont perdu la garde parentale. Tous les enfants m\u00e9ritent de vivre avec une famille dans un foyer [&hellip;]<\/p>\n","protected":false},"author":1,"featured_media":20564,"parent":0,"menu_order":0,"comment_status":"closed","ping_status":"closed","template":"page-templates\/template-pagebuilder-full-width.php","meta":{"_coblocks_attr":"Open Sans,Open Sans","_coblocks_dimensions":"","_coblocks_responsive_height":"","_coblocks_accordion_ie_support":"","_themeisle_gutenberg_block_has_review":false},"translation":{"provider":"WPGlobus","version":"2.8.11","language":"fr","enabled_languages":["en","ar","fr"],"languages":{"en":{"title":true,"content":true,"excerpt":false},"ar":{"title":true,"content":true,"excerpt":false},"fr":{"title":true,"content":true,"excerpt":false}}},"yoast_head":"<!-- This site is optimized with the Yoast SEO plugin v18.2 - https:\/\/yoast.com\/wordpress\/plugins\/seo\/ -->\n<title>Accueil | WIF | Fondation internationale Wedad | Espoir des nourrissons abandonn\u00e9s<\/title>\n<meta name=\"robots\" content=\"index, follow, max-snippet:-1, max-image-preview:large, max-video-preview:-1\" \/>\n<link rel=\"canonical\" href=\"https:\/\/www.wedadint.org\/\" \/>\n<meta property=\"og:locale\" content=\"fr_FR\" \/>\n<meta property=\"og:type\" content=\"article\" \/>\n<meta property=\"og:title\" content=\"Accueil | WIF | Fondation internationale Wedad | Espoir des nourrissons abandonn\u00e9s\" \/>\n<meta property=\"og:url\" content=\"https:\/\/www.wedadint.org\/\" \/>\n<meta property=\"og:site_name\" content=\"WIF | Fondation internationale Wedad | Espoir des nourrissons abandonn\u00e9s\" \/>\n<meta property=\"article:publisher\" content=\"https:\/\/www.facebook.com\/wedadint\" \/>\n<meta property=\"article:modified_time\" content=\"2021-03-11T15:23:44+00:00\" \/>\n<meta property=\"og:image\" content=\"https:\/\/www.wedadint.org\/wp-content\/uploads\/2021\/01\/a-1.jpg\" \/>\n\t<meta property=\"og:image:width\" content=\"1431\" \/>\n\t<meta property=\"og:image:height\" content=\"956\" \/>\n\t<meta property=\"og:image:type\" content=\"image\/jpeg\" \/>\n<meta name=\"twitter:card\" content=\"summary_large_image\" \/>\n<meta name=\"twitter:site\" content=\"@Wedadint\" \/>\n<meta name=\"twitter:label1\" content=\"Dur\u00e9e de lecture estim\u00e9e\" \/>\n\t<meta name=\"twitter:data1\" content=\"3 minutes\" \/>\n<script type=\"application\/ld+json\" class=\"yoast-schema-graph\">{\"@context\":\"https:\/\/schema.org\",\"@graph\":[{\"@type\":\"Organization\",\"@id\":\"https:\/\/www.wedadint.org\/#organization\",\"name\":\"Wedad International Foundation\",\"url\":\"https:\/\/www.wedadint.org\/\",\"sameAs\":[\"https:\/\/www.facebook.com\/wedadint\",\"https:\/\/www.instagram.com\/wedadint\",\"https:\/\/twitter.com\/Wedadint\"],\"logo\":{\"@type\":\"ImageObject\",\"@id\":\"https:\/\/www.wedadint.org\/#logo\",\"inLanguage\":\"fr-FR\",\"url\":\"https:\/\/www.wedadint.org\/wp-content\/uploads\/2020\/06\/Wedad-Logo-N300.png\",\"contentUrl\":\"https:\/\/www.wedadint.org\/wp-content\/uploads\/2020\/06\/Wedad-Logo-N300.png\",\"width\":300,\"height\":299,\"caption\":\"Wedad International Foundation\"},\"image\":{\"@id\":\"https:\/\/www.wedadint.org\/#logo\"}},{\"@type\":\"WebSite\",\"@id\":\"https:\/\/www.wedadint.org\/#website\",\"url\":\"https:\/\/www.wedadint.org\/\",\"name\":\"WIF | Fondation internationale Wedad | Espoir des nourrissons abandonn\u00e9s\",\"description\":\"Espoir des nourrissons abandonn\u00e9s\",\"publisher\":{\"@id\":\"https:\/\/www.wedadint.org\/#organization\"},\"potentialAction\":[{\"@type\":\"SearchAction\",\"target\":{\"@type\":\"EntryPoint\",\"urlTemplate\":\"https:\/\/www.wedadint.org\/?s={search_term_string}\"},\"query-input\":\"required name=search_term_string\"}],\"inLanguage\":\"fr-FR\"},{\"@type\":\"ImageObject\",\"@id\":\"https:\/\/www.wedadint.org\/#primaryimage\",\"inLanguage\":\"fr-FR\",\"url\":\"https:\/\/www.wedadint.org\/wp-content\/uploads\/2021\/01\/a-1.jpg\",\"contentUrl\":\"https:\/\/www.wedadint.org\/wp-content\/uploads\/2021\/01\/a-1.jpg\",\"width\":1431,\"height\":956},{\"@type\":\"WebPage\",\"@id\":\"https:\/\/www.wedadint.org\/#webpage\",\"url\":\"https:\/\/www.wedadint.org\/\",\"name\":\"Accueil | WIF | Fondation internationale Wedad | Espoir des nourrissons abandonn\u00e9s\",\"isPartOf\":{\"@id\":\"https:\/\/www.wedadint.org\/#website\"},\"primaryImageOfPage\":{\"@id\":\"https:\/\/www.wedadint.org\/#primaryimage\"},\"datePublished\":\"2020-04-04T11:59:03+00:00\",\"dateModified\":\"2021-03-11T15:23:44+00:00\",\"description\":\"Wedad International Foundation (WIF) is the abandoned infants hope to be able to dream of their future and have safe homes.\",\"breadcrumb\":{\"@id\":\"https:\/\/www.wedadint.org\/#breadcrumb\"},\"inLanguage\":\"fr-FR\",\"potentialAction\":[{\"@type\":\"ReadAction\",\"target\":[\"https:\/\/www.wedadint.org\/\"]}]},{\"@type\":\"BreadcrumbList\",\"@id\":\"https:\/\/www.wedadint.org\/#breadcrumb\",\"itemListElement\":[{\"@type\":\"ListItem\",\"position\":1,\"name\":\"Home\",\"item\":\"https:\/\/www.wedadint.org\/\"},{\"@type\":\"ListItem\",\"position\":2,\"name\":\"Home\"}]}]}<\/script>\n<!-- \/ Yoast SEO plugin. -->","yoast_head_json":{"title":"Accueil | WIF | Fondation internationale Wedad | Espoir des nourrissons abandonn\u00e9s","robots":{"index":"index","follow":"follow","max-snippet":"max-snippet:-1","max-image-preview":"max-image-preview:large","max-video-preview":"max-video-preview:-1"},"canonical":"https:\/\/www.wedadint.org\/","og_locale":"fr_FR","og_type":"article","og_title":"Accueil | WIF | Fondation internationale Wedad | Espoir des nourrissons abandonn\u00e9s","og_url":"https:\/\/www.wedadint.org\/","og_site_name":"WIF | Fondation internationale Wedad | Espoir des nourrissons abandonn\u00e9s","article_publisher":"https:\/\/www.facebook.com\/wedadint","article_modified_time":"2021-03-11T15:23:44+00:00","og_image":[{"width":1431,"height":956,"url":"https:\/\/www.wedadint.org\/wp-content\/uploads\/2021\/01\/a-1.jpg","type":"image\/jpeg"}],"twitter_card":"summary_large_image","twitter_site":"@Wedadint","twitter_misc":{"Dur\u00e9e de lecture estim\u00e9e":"3 minutes"},"schema":{"@context":"https:\/\/schema.org","@graph":[{"@type":"Organization","@id":"https:\/\/www.wedadint.org\/#organization","name":"Wedad International Foundation","url":"https:\/\/www.wedadint.org\/","sameAs":["https:\/\/www.facebook.com\/wedadint","https:\/\/www.instagram.com\/wedadint","https:\/\/twitter.com\/Wedadint"],"logo":{"@type":"ImageObject","@id":"https:\/\/www.wedadint.org\/#logo","inLanguage":"fr-FR","url":"https:\/\/www.wedadint.org\/wp-content\/uploads\/2020\/06\/Wedad-Logo-N300.png","contentUrl":"https:\/\/www.wedadint.org\/wp-content\/uploads\/2020\/06\/Wedad-Logo-N300.png","width":300,"height":299,"caption":"Wedad International Foundation"},"image":{"@id":"https:\/\/www.wedadint.org\/#logo"}},{"@type":"WebSite","@id":"https:\/\/www.wedadint.org\/#website","url":"https:\/\/www.wedadint.org\/","name":"WIF | Fondation internationale Wedad | Espoir des nourrissons abandonn\u00e9s","description":"Espoir des nourrissons abandonn\u00e9s","publisher":{"@id":"https:\/\/www.wedadint.org\/#organization"},"potentialAction":[{"@type":"SearchAction","target":{"@type":"EntryPoint","urlTemplate":"https:\/\/www.wedadint.org\/?s={search_term_string}"},"query-input":"required name=search_term_string"}],"inLanguage":"fr-FR"},{"@type":"ImageObject","@id":"https:\/\/www.wedadint.org\/#primaryimage","inLanguage":"fr-FR","url":"https:\/\/www.wedadint.org\/wp-content\/uploads\/2021\/01\/a-1.jpg","contentUrl":"https:\/\/www.wedadint.org\/wp-content\/uploads\/2021\/01\/a-1.jpg","width":1431,"height":956},{"@type":"WebPage","@id":"https:\/\/www.wedadint.org\/#webpage","url":"https:\/\/www.wedadint.org\/","name":"Accueil | WIF | Fondation internationale Wedad | Espoir des nourrissons abandonn\u00e9s","isPartOf":{"@id":"https:\/\/www.wedadint.org\/#website"},"primaryImageOfPage":{"@id":"https:\/\/www.wedadint.org\/#primaryimage"},"datePublished":"2020-04-04T11:59:03+00:00","dateModified":"2021-03-11T15:23:44+00:00","description":"Wedad International Foundation (WIF) is the abandoned infants hope to be able to dream of their future and have safe homes.","breadcrumb":{"@id":"https:\/\/www.wedadint.org\/#breadcrumb"},"inLanguage":"fr-FR","potentialAction":[{"@type":"ReadAction","target":["https:\/\/www.wedadint.org\/"]}]},{"@type":"BreadcrumbList","@id":"https:\/\/www.wedadint.org\/#breadcrumb","itemListElement":[{"@type":"ListItem","position":1,"name":"Home","item":"https:\/\/www.wedadint.org\/"},{"@type":"ListItem","position":2,"name":"Home"}]}]}},"uagb_featured_image_src":{"full":["https:\/\/www.wedadint.org\/wp-content\/uploads\/2021\/01\/a-1.jpg",1431,956,false],"thumbnail":["https:\/\/www.wedadint.org\/wp-content\/uploads\/2021\/01\/a-1-150x150.jpg",150,150,true],"medium":["https:\/\/www.wedadint.org\/wp-content\/uploads\/2021\/01\/a-1-300x200.jpg",300,200,true],"medium_large":["https:\/\/www.wedadint.org\/wp-content\/uploads\/2021\/01\/a-1-768x513.jpg",750,501,true],"large":["https:\/\/www.wedadint.org\/wp-content\/uploads\/2021\/01\/a-1-1024x684.jpg",750,501,true],"thumblist":["https:\/\/www.wedadint.org\/wp-content\/uploads\/2021\/01\/a-1-300x300.jpg",300,300,true],"meccarouselthumb":["https:\/\/www.wedadint.org\/wp-content\/uploads\/2021\/01\/a-1-474x324.jpg",474,324,true],"gridsquare":["https:\/\/www.wedadint.org\/wp-content\/uploads\/2021\/01\/a-1-391x260.jpg",391,260,true],"tileview":["https:\/\/www.wedadint.org\/wp-content\/uploads\/2021\/01\/a-1-300x400.jpg",300,400,true],"1536x1536":["https:\/\/www.wedadint.org\/wp-content\/uploads\/2021\/01\/a-1.jpg",1431,956,false],"2048x2048":["https:\/\/www.wedadint.org\/wp-content\/uploads\/2021\/01\/a-1.jpg",1431,956,false],"hestia-blog":["https:\/\/www.wedadint.org\/wp-content\/uploads\/2021\/01\/a-1-360x240.jpg",360,240,true]},"uagb_author_info":{"display_name":"wedad","author_link":"https:\/\/www.wedadint.org\/fr\/author\/wedad\/"},"uagb_comment_info":0,"uagb_excerpt":"Cr\u00e9\u00e9e en 2017, Wedad International Foundation est une organisation qui s\u00e9curise un logement permanent gr\u00e2ce \u00e0 des familles alternatives pour les enfants \u00e2g\u00e9s de 0 \u00e0 18 mois qui ont \u00e9t\u00e9 abandonn\u00e9s et ont perdu la garde parentale. Tous les enfants m\u00e9ritent de vivre avec une famille dans un foyer [&hellip;]","_links":{"self":[{"href":"https:\/\/www.wedadint.org\/fr\/wp-json\/wp\/v2\/pages\/16601"}],"collection":[{"href":"https:\/\/www.wedadint.org\/fr\/wp-json\/wp\/v2\/pages"}],"about":[{"href":"https:\/\/www.wedadint.org\/fr\/wp-json\/wp\/v2\/types\/page"}],"author":[{"embeddable":true,"href":"https:\/\/www.wedadint.org\/fr\/wp-json\/wp\/v2\/users\/1"}],"replies":[{"embeddable":true,"href":"https:\/\/www.wedadint.org\/fr\/wp-json\/wp\/v2\/comments?post=16601"}],"version-history":[{"count":454,"href":"https:\/\/www.wedadint.org\/fr\/wp-json\/wp\/v2\/pages\/16601\/revisions"}],"predecessor-version":[{"id":20775,"href":"https:\/\/www.wedadint.org\/fr\/wp-json\/wp\/v2\/pages\/16601\/revisions\/20775"}],"wp:featuredmedia":[{"embeddable":true,"href":"https:\/\/www.wedadint.org\/fr\/wp-json\/wp\/v2\/media\/20564"}],"wp:attachment":[{"href":"https:\/\/www.wedadint.org\/fr\/wp-json\/wp\/v2\/media?parent=16601"}],"curies":[{"name":"wp","href":"https:\/\/api.w.org\/{rel}","templated":true}]}}