{"id":16605,"date":"2020-04-04T12:00:42","date_gmt":"2020-04-04T12:00:42","guid":{"rendered":"http:\/\/www.wedadi.org\/?page_id=16605"},"modified":"2021-02-03T07:29:10","modified_gmt":"2021-02-03T07:29:10","slug":"who-we-are","status":"publish","type":"page","link":"https:\/\/www.wedadint.org\/fr\/who-we-are\/","title":{"rendered":"Qui sommes-nous\u00a0?"},"content":{"rendered":"\n<div class=\"wp-block-themeisle-blocks-advanced-columns has-1-columns has-desktop-equal-layout has-tablet-equal-layout has-mobile-equal-layout has-default-gap has-vertical-unset\" id=\"wp-block-themeisle-blocks-advanced-columns-7a2f3bd5\"><div class=\"wp-block-themeisle-blocks-advanced-columns-overlay\"><\/div><div class=\"innerblocks-wrap\">\n<div class=\"wp-block-themeisle-blocks-advanced-column\" id=\"wp-block-themeisle-blocks-advanced-column-26f94a8a\">\n<p> <\/p>\n\n\n\n<pre id=\"tw-target-text\" class=\"wp-block-preformatted\">Nous sommes une organisation caritative philanthropique ind\u00e9pendante, humanitaire, \u00e0 but non lucratif et non gouvernementale, enregistr\u00e9e au niveau international. Notre op\u00e9ration se concentre sur les soins aux nourrissons abandonn\u00e9s (parents inconnus) et les attribue \u00e0 des familles aimantes appropri\u00e9es. Nous faisons ce soin depuis plus de 15 ans avec des r\u00e9sultats prouv\u00e9s. Gr\u00e2ce \u00e0 un travail collectif avec nos partenaires WW, nous avons un objectif clair: permettre \u00e0 ces nourrissons abandonn\u00e9s d'avoir leurs droits comme indiqu\u00e9 dans<\/pre>\n\n\n\n<figure class=\"wp-block-image size-large\"><img loading=\"lazy\" width=\"20\" height=\"20\" src=\"https:\/\/www.wedadint.org\/wp-content\/uploads\/2021\/02\/image.png\" alt=\"Community Verified icon\" class=\"wp-image-20683\"\/><\/figure>\n\n\n\n<p><a href=\"https:\/\/www.ohchr.org\/en\/professionalinterest\/pages\/crc.aspx\">https:\/\/www.ohchr.org\/en\/professionalinterest\/pages\/crc.aspx<\/a><\/p>\n\n\n\n<p><\/p>\n<\/div>\n<\/div><\/div>\n\n\n\n<pre id=\"tw-target-text\" class=\"wp-block-preformatted\">Nous envisageons un monde o\u00f9 chaque enfant abandonn\u00e9 a le droit de vivre en toute s\u00e9curit\u00e9 et en bonne sant\u00e9 dans une famille aimante qui le nourrit et lui donne l'espoir d'\u00eatre un individu autonome et prosp\u00e8re dans sa soci\u00e9t\u00e9.<\/pre>\n\n\n\n<figure class=\"wp-block-image size-large\"><img loading=\"lazy\" width=\"20\" height=\"20\" src=\"https:\/\/www.wedadint.org\/wp-content\/uploads\/2021\/02\/image-1.png\" alt=\"Community Verified icon\" class=\"wp-image-20685\"\/><\/figure>\n","protected":false},"excerpt":{"rendered":"<p>Nous envisageons un monde o\u00f9 chaque enfant abandonn\u00e9 a le droit de vivre en toute s\u00e9curit\u00e9 et en bonne sant\u00e9 dans une famille aimante qui le nourrit et lui donne l&rsquo;espoir d&rsquo;\u00eatre un individu autonome et prosp\u00e8re dans sa soci\u00e9t\u00e9.<\/p>\n","protected":false},"author":1,"featured_media":19170,"parent":0,"menu_order":0,"comment_status":"closed","ping_status":"closed","template":"","meta":{"_coblocks_attr":"Open Sans","_coblocks_dimensions":"","_coblocks_responsive_height":"","_coblocks_accordion_ie_support":"","_themeisle_gutenberg_block_has_review":false},"translation":{"provider":"WPGlobus","version":"2.8.11","language":"fr","enabled_languages":["en","ar","fr"],"languages":{"en":{"title":true,"content":true,"excerpt":false},"ar":{"title":true,"content":true,"excerpt":false},"fr":{"title":true,"content":true,"excerpt":false}}},"yoast_head":"<!-- This site is optimized with the Yoast SEO plugin v18.2 - https:\/\/yoast.com\/wordpress\/plugins\/seo\/ -->\n<title>Qui sommes-nous\u00a0? | WIF | Fondation internationale Wedad | Espoir des nourrissons abandonn\u00e9s<\/title>\n<meta name=\"robots\" content=\"index, follow, max-snippet:-1, max-image-preview:large, max-video-preview:-1\" \/>\n<link rel=\"canonical\" href=\"https:\/\/www.wedadint.org\/who-we-are\/\" \/>\n<meta property=\"og:locale\" content=\"fr_FR\" \/>\n<meta property=\"og:type\" content=\"article\" \/>\n<meta property=\"og:title\" content=\"Qui sommes-nous\u00a0? | WIF | Fondation internationale Wedad | Espoir des nourrissons abandonn\u00e9s\" \/>\n<meta property=\"og:url\" content=\"https:\/\/www.wedadint.org\/who-we-are\/\" \/>\n<meta property=\"og:site_name\" content=\"WIF | Fondation internationale Wedad | Espoir des nourrissons abandonn\u00e9s\" \/>\n<meta property=\"article:publisher\" content=\"https:\/\/www.facebook.com\/wedadint\" \/>\n<meta property=\"article:modified_time\" content=\"2021-02-03T07:29:10+00:00\" \/>\n<meta property=\"og:image\" content=\"https:\/\/www.wedadint.org\/wp-content\/uploads\/2020\/05\/brothers-457237_1920.jpg\" \/>\n\t<meta property=\"og:image:width\" content=\"1920\" \/>\n\t<meta property=\"og:image:height\" content=\"1280\" \/>\n\t<meta property=\"og:image:type\" content=\"image\/jpeg\" \/>\n<meta name=\"twitter:card\" content=\"summary_large_image\" \/>\n<meta name=\"twitter:site\" content=\"@Wedadint\" \/>\n<meta name=\"twitter:label1\" content=\"Dur\u00e9e de lecture estim\u00e9e\" \/>\n\t<meta name=\"twitter:data1\" content=\"1 minute\" \/>\n<script type=\"application\/ld+json\" class=\"yoast-schema-graph\">{\"@context\":\"https:\/\/schema.org\",\"@graph\":[{\"@type\":\"Organization\",\"@id\":\"https:\/\/www.wedadint.org\/#organization\",\"name\":\"Wedad International Foundation\",\"url\":\"https:\/\/www.wedadint.org\/\",\"sameAs\":[\"https:\/\/www.facebook.com\/wedadint\",\"https:\/\/www.instagram.com\/wedadint\",\"https:\/\/twitter.com\/Wedadint\"],\"logo\":{\"@type\":\"ImageObject\",\"@id\":\"https:\/\/www.wedadint.org\/#logo\",\"inLanguage\":\"fr-FR\",\"url\":\"https:\/\/www.wedadint.org\/wp-content\/uploads\/2020\/06\/Wedad-Logo-N300.png\",\"contentUrl\":\"https:\/\/www.wedadint.org\/wp-content\/uploads\/2020\/06\/Wedad-Logo-N300.png\",\"width\":300,\"height\":299,\"caption\":\"Wedad International Foundation\"},\"image\":{\"@id\":\"https:\/\/www.wedadint.org\/#logo\"}},{\"@type\":\"WebSite\",\"@id\":\"https:\/\/www.wedadint.org\/#website\",\"url\":\"https:\/\/www.wedadint.org\/\",\"name\":\"WIF | Fondation internationale Wedad | Espoir des nourrissons abandonn\u00e9s\",\"description\":\"Espoir des nourrissons abandonn\u00e9s\",\"publisher\":{\"@id\":\"https:\/\/www.wedadint.org\/#organization\"},\"potentialAction\":[{\"@type\":\"SearchAction\",\"target\":{\"@type\":\"EntryPoint\",\"urlTemplate\":\"https:\/\/www.wedadint.org\/?s={search_term_string}\"},\"query-input\":\"required name=search_term_string\"}],\"inLanguage\":\"fr-FR\"},{\"@type\":\"ImageObject\",\"@id\":\"https:\/\/www.wedadint.org\/who-we-are\/#primaryimage\",\"inLanguage\":\"fr-FR\",\"url\":\"https:\/\/www.wedadint.org\/wp-content\/uploads\/2020\/05\/brothers-457237_1920.jpg\",\"contentUrl\":\"https:\/\/www.wedadint.org\/wp-content\/uploads\/2020\/05\/brothers-457237_1920.jpg\",\"width\":1920,\"height\":1280},{\"@type\":\"WebPage\",\"@id\":\"https:\/\/www.wedadint.org\/who-we-are\/#webpage\",\"url\":\"https:\/\/www.wedadint.org\/who-we-are\/\",\"name\":\"Qui sommes-nous\u00a0? | WIF | Fondation internationale Wedad | Espoir des nourrissons abandonn\u00e9s\",\"isPartOf\":{\"@id\":\"https:\/\/www.wedadint.org\/#website\"},\"primaryImageOfPage\":{\"@id\":\"https:\/\/www.wedadint.org\/who-we-are\/#primaryimage\"},\"datePublished\":\"2020-04-04T12:00:42+00:00\",\"dateModified\":\"2021-02-03T07:29:10+00:00\",\"breadcrumb\":{\"@id\":\"https:\/\/www.wedadint.org\/who-we-are\/#breadcrumb\"},\"inLanguage\":\"fr-FR\",\"potentialAction\":[{\"@type\":\"ReadAction\",\"target\":[\"https:\/\/www.wedadint.org\/who-we-are\/\"]}]},{\"@type\":\"BreadcrumbList\",\"@id\":\"https:\/\/www.wedadint.org\/who-we-are\/#breadcrumb\",\"itemListElement\":[{\"@type\":\"ListItem\",\"position\":1,\"name\":\"Home\",\"item\":\"https:\/\/www.wedadint.org\/\"},{\"@type\":\"ListItem\",\"position\":2,\"name\":\"Who we are?\"}]}]}<\/script>\n<!-- \/ Yoast SEO plugin. -->","yoast_head_json":{"title":"Qui sommes-nous\u00a0? | WIF | Fondation internationale Wedad | Espoir des nourrissons abandonn\u00e9s","robots":{"index":"index","follow":"follow","max-snippet":"max-snippet:-1","max-image-preview":"max-image-preview:large","max-video-preview":"max-video-preview:-1"},"canonical":"https:\/\/www.wedadint.org\/who-we-are\/","og_locale":"fr_FR","og_type":"article","og_title":"Qui sommes-nous\u00a0? | WIF | Fondation internationale Wedad | Espoir des nourrissons abandonn\u00e9s","og_url":"https:\/\/www.wedadint.org\/who-we-are\/","og_site_name":"WIF | Fondation internationale Wedad | Espoir des nourrissons abandonn\u00e9s","article_publisher":"https:\/\/www.facebook.com\/wedadint","article_modified_time":"2021-02-03T07:29:10+00:00","og_image":[{"width":1920,"height":1280,"url":"https:\/\/www.wedadint.org\/wp-content\/uploads\/2020\/05\/brothers-457237_1920.jpg","type":"image\/jpeg"}],"twitter_card":"summary_large_image","twitter_site":"@Wedadint","twitter_misc":{"Dur\u00e9e de lecture estim\u00e9e":"1 minute"},"schema":{"@context":"https:\/\/schema.org","@graph":[{"@type":"Organization","@id":"https:\/\/www.wedadint.org\/#organization","name":"Wedad International Foundation","url":"https:\/\/www.wedadint.org\/","sameAs":["https:\/\/www.facebook.com\/wedadint","https:\/\/www.instagram.com\/wedadint","https:\/\/twitter.com\/Wedadint"],"logo":{"@type":"ImageObject","@id":"https:\/\/www.wedadint.org\/#logo","inLanguage":"fr-FR","url":"https:\/\/www.wedadint.org\/wp-content\/uploads\/2020\/06\/Wedad-Logo-N300.png","contentUrl":"https:\/\/www.wedadint.org\/wp-content\/uploads\/2020\/06\/Wedad-Logo-N300.png","width":300,"height":299,"caption":"Wedad International Foundation"},"image":{"@id":"https:\/\/www.wedadint.org\/#logo"}},{"@type":"WebSite","@id":"https:\/\/www.wedadint.org\/#website","url":"https:\/\/www.wedadint.org\/","name":"WIF | Fondation internationale Wedad | Espoir des nourrissons abandonn\u00e9s","description":"Espoir des nourrissons abandonn\u00e9s","publisher":{"@id":"https:\/\/www.wedadint.org\/#organization"},"potentialAction":[{"@type":"SearchAction","target":{"@type":"EntryPoint","urlTemplate":"https:\/\/www.wedadint.org\/?s={search_term_string}"},"query-input":"required name=search_term_string"}],"inLanguage":"fr-FR"},{"@type":"ImageObject","@id":"https:\/\/www.wedadint.org\/who-we-are\/#primaryimage","inLanguage":"fr-FR","url":"https:\/\/www.wedadint.org\/wp-content\/uploads\/2020\/05\/brothers-457237_1920.jpg","contentUrl":"https:\/\/www.wedadint.org\/wp-content\/uploads\/2020\/05\/brothers-457237_1920.jpg","width":1920,"height":1280},{"@type":"WebPage","@id":"https:\/\/www.wedadint.org\/who-we-are\/#webpage","url":"https:\/\/www.wedadint.org\/who-we-are\/","name":"Qui sommes-nous\u00a0? | WIF | Fondation internationale Wedad | Espoir des nourrissons abandonn\u00e9s","isPartOf":{"@id":"https:\/\/www.wedadint.org\/#website"},"primaryImageOfPage":{"@id":"https:\/\/www.wedadint.org\/who-we-are\/#primaryimage"},"datePublished":"2020-04-04T12:00:42+00:00","dateModified":"2021-02-03T07:29:10+00:00","breadcrumb":{"@id":"https:\/\/www.wedadint.org\/who-we-are\/#breadcrumb"},"inLanguage":"fr-FR","potentialAction":[{"@type":"ReadAction","target":["https:\/\/www.wedadint.org\/who-we-are\/"]}]},{"@type":"BreadcrumbList","@id":"https:\/\/www.wedadint.org\/who-we-are\/#breadcrumb","itemListElement":[{"@type":"ListItem","position":1,"name":"Home","item":"https:\/\/www.wedadint.org\/"},{"@type":"ListItem","position":2,"name":"Who we are?"}]}]}},"uagb_featured_image_src":{"full":["https:\/\/www.wedadint.org\/wp-content\/uploads\/2020\/05\/brothers-457237_1920.jpg",1920,1280,false],"thumbnail":["https:\/\/www.wedadint.org\/wp-content\/uploads\/2020\/05\/brothers-457237_1920-150x150.jpg",150,150,true],"medium":["https:\/\/www.wedadint.org\/wp-content\/uploads\/2020\/05\/brothers-457237_1920-300x200.jpg",300,200,true],"medium_large":["https:\/\/www.wedadint.org\/wp-content\/uploads\/2020\/05\/brothers-457237_1920-768x512.jpg",750,500,true],"large":["https:\/\/www.wedadint.org\/wp-content\/uploads\/2020\/05\/brothers-457237_1920-1024x683.jpg",750,500,true],"thumblist":["https:\/\/www.wedadint.org\/wp-content\/uploads\/2020\/05\/brothers-457237_1920-300x300.jpg",300,300,true],"meccarouselthumb":["https:\/\/www.wedadint.org\/wp-content\/uploads\/2020\/05\/brothers-457237_1920-474x324.jpg",474,324,true],"gridsquare":["https:\/\/www.wedadint.org\/wp-content\/uploads\/2020\/05\/brothers-457237_1920-391x260.jpg",391,260,true],"tileview":["https:\/\/www.wedadint.org\/wp-content\/uploads\/2020\/05\/brothers-457237_1920-300x400.jpg",300,400,true],"1536x1536":["https:\/\/www.wedadint.org\/wp-content\/uploads\/2020\/05\/brothers-457237_1920-1536x1024.jpg",1536,1024,true],"2048x2048":["https:\/\/www.wedadint.org\/wp-content\/uploads\/2020\/05\/brothers-457237_1920.jpg",1920,1280,false],"hestia-blog":["https:\/\/www.wedadint.org\/wp-content\/uploads\/2020\/05\/brothers-457237_1920-360x240.jpg",360,240,true]},"uagb_author_info":{"display_name":"wedad","author_link":"https:\/\/www.wedadint.org\/fr\/author\/wedad\/"},"uagb_comment_info":0,"uagb_excerpt":"Nous envisageons un monde o\u00f9 chaque enfant abandonn\u00e9 a le droit de vivre en toute s\u00e9curit\u00e9 et en bonne sant\u00e9 dans une famille aimante qui le nourrit et lui donne l'espoir d'\u00eatre un individu autonome et prosp\u00e8re dans sa soci\u00e9t\u00e9.","_links":{"self":[{"href":"https:\/\/www.wedadint.org\/fr\/wp-json\/wp\/v2\/pages\/16605"}],"collection":[{"href":"https:\/\/www.wedadint.org\/fr\/wp-json\/wp\/v2\/pages"}],"about":[{"href":"https:\/\/www.wedadint.org\/fr\/wp-json\/wp\/v2\/types\/page"}],"author":[{"embeddable":true,"href":"https:\/\/www.wedadint.org\/fr\/wp-json\/wp\/v2\/users\/1"}],"replies":[{"embeddable":true,"href":"https:\/\/www.wedadint.org\/fr\/wp-json\/wp\/v2\/comments?post=16605"}],"version-history":[{"count":69,"href":"https:\/\/www.wedadint.org\/fr\/wp-json\/wp\/v2\/pages\/16605\/revisions"}],"predecessor-version":[{"id":20686,"href":"https:\/\/www.wedadint.org\/fr\/wp-json\/wp\/v2\/pages\/16605\/revisions\/20686"}],"wp:featuredmedia":[{"embeddable":true,"href":"https:\/\/www.wedadint.org\/fr\/wp-json\/wp\/v2\/media\/19170"}],"wp:attachment":[{"href":"https:\/\/www.wedadint.org\/fr\/wp-json\/wp\/v2\/media?parent=16605"}],"curies":[{"name":"wp","href":"https:\/\/api.w.org\/{rel}","templated":true}]}}