{"id":16607,"date":"2020-04-04T12:10:33","date_gmt":"2020-04-04T12:10:33","guid":{"rendered":"http:\/\/www.wedadi.org\/?page_id=16607"},"modified":"2021-01-25T08:47:06","modified_gmt":"2021-01-25T08:47:06","slug":"vision-and-mission","status":"publish","type":"page","link":"https:\/\/www.wedadint.org\/fr\/vision-and-mission\/","title":{"rendered":"Vision-Mission- Valeurs"},"content":{"rendered":"\n<div class=\"wp-block-themeisle-blocks-advanced-columns alignfull has-2-columns has-desktop-twoOne-layout has-tablet-equal-layout has-mobile-collapsedRows-layout has-nogap-gap has-vertical-unset ticss-42b008c8\" id=\"wp-block-themeisle-blocks-advanced-columns-5ec1b818\"><div class=\"wp-block-themeisle-blocks-advanced-columns-overlay\"><\/div><div class=\"innerblocks-wrap\">\n<div class=\"wp-block-themeisle-blocks-advanced-column\" id=\"wp-block-themeisle-blocks-advanced-column-c835fce8\">\n<h2 class=\"has-header-gradient-color has-text-color\">Notre vision<\/h2>\n\n\n\n<p class=\"has-text-color has-text-align-left has-medium-font-size has-white-color\"><strong>Devenir la r\u00e9f\u00e9rence internationale dans le domaine de traitement des probl\u00e8mes des orphelins abandonn\u00e9s.<\/strong><\/p>\n\n\n\n<p class=\"has-text-color has-white-color\">Gr\u00e2ce \u00e0 notre mode op\u00e9ratoire unique, nous souhaitons devenir la r\u00e9f\u00e9rence pour servir cette noble cause dans le monde entier.<\/p>\n\n\n\n<p class=\"has-text-color has-white-color\"><\/p>\n<\/div>\n\n\n\n<div class=\"wp-block-themeisle-blocks-advanced-column\" id=\"wp-block-themeisle-blocks-advanced-column-91a4bda8\">\n<div class=\"wp-block-image is-style-rounded\"><figure class=\"aligncenter size-large\"><img loading=\"lazy\" width=\"600\" height=\"480\" src=\"https:\/\/www.wedadint.org\/wp-content\/uploads\/2020\/04\/baby-breastfeeding-1.jpg\" alt=\"\" class=\"wp-image-18009\" srcset=\"https:\/\/www.wedadint.org\/wp-content\/uploads\/2020\/04\/baby-breastfeeding-1.jpg 600w, https:\/\/www.wedadint.org\/wp-content\/uploads\/2020\/04\/baby-breastfeeding-1-300x240.jpg 300w\" sizes=\"(max-width: 600px) 100vw, 600px\" \/><\/figure><\/div>\n<\/div>\n<\/div><\/div>\n\n\n\n<div class=\"wp-block-themeisle-blocks-advanced-columns alignfull has-2-columns has-desktop-oneTwo-layout has-tablet-equal-layout has-mobile-collapsedRows-layout has-nogap-gap has-vertical-unset\" id=\"wp-block-themeisle-blocks-advanced-columns-2d728991\"><div class=\"wp-block-themeisle-blocks-advanced-columns-overlay\"><\/div><div class=\"innerblocks-wrap\">\n<div class=\"wp-block-themeisle-blocks-advanced-column\" id=\"wp-block-themeisle-blocks-advanced-column-ba589136\">\n<div class=\"wp-block-image is-style-rounded\"><figure class=\"aligncenter size-large\"><img loading=\"lazy\" width=\"1024\" height=\"576\" src=\"https:\/\/www.wedadint.org\/wp-content\/uploads\/2020\/04\/newborn-4748020_1920-1-1024x576.jpg\" alt=\"\" class=\"wp-image-18011\" srcset=\"https:\/\/www.wedadint.org\/wp-content\/uploads\/2020\/04\/newborn-4748020_1920-1-1024x576.jpg 1024w, https:\/\/www.wedadint.org\/wp-content\/uploads\/2020\/04\/newborn-4748020_1920-1-300x169.jpg 300w, https:\/\/www.wedadint.org\/wp-content\/uploads\/2020\/04\/newborn-4748020_1920-1-768x432.jpg 768w, https:\/\/www.wedadint.org\/wp-content\/uploads\/2020\/04\/newborn-4748020_1920-1-1536x864.jpg 1536w, https:\/\/www.wedadint.org\/wp-content\/uploads\/2020\/04\/newborn-4748020_1920-1-1320x743.jpg 1320w, https:\/\/www.wedadint.org\/wp-content\/uploads\/2020\/04\/newborn-4748020_1920-1.jpg 1920w\" sizes=\"(max-width: 1024px) 100vw, 1024px\" \/><\/figure><\/div>\n<\/div>\n\n\n\n<div class=\"wp-block-themeisle-blocks-advanced-column\" id=\"wp-block-themeisle-blocks-advanced-column-cc1fc7ad\">\n<h2 class=\"has-text-color\" style=\"color:#4e0160\"><strong>Notre mission<\/strong><\/h2>\n\n\n\n<p class=\"has-text-color has-medium-font-size has-white-color\"><strong>Attribuer les orphelins abandonn\u00e9s \u00e0 des familles appropri\u00e9es pour leur permettre de contribuer positivement au d\u00e9veloppement de leurs soci\u00e9t\u00e9s.<\/strong><\/p>\n\n\n\n<p class=\"has-text-color has-white-color\">Notre mission est ax\u00e9e sur les droits des orphelins abandonn\u00e9s, \u00e0 vivre leur enfance au sein d\u2019une famille aimante et attentionn\u00e9e, dans un environnement stimulant, o\u00f9 ils b\u00e9n\u00e9ficions d\u2019un sentiment d&rsquo;appartenance. Notre mission d\u00e9coule de la <a href=\"..\/United%20Nations%20Convention%20on%20the%20Rights%20of%20the%20Child\">Convention des Nations Unies relative aux droits de l&rsquo;enfant<\/a> &#8211; UNICEF <a href=\"https:\/\/www.unicef-irc.org\/portfolios\/crc.html#art\">https:\/\/www.unicef-irc.org\/portfolios\/crc.html#art<\/a>. <a href=\"https:\/\/www.ohchr.org\/\">https:\/\/www.ohchr.org<\/a><\/p>\n<\/div>\n<\/div><\/div>\n\n\n\n<div class=\"wp-block-themeisle-blocks-advanced-columns alignfull has-1-columns has-desktop-equal-layout has-tablet-equal-layout has-mobile-equal-layout has-nogap-gap has-vertical-center\" id=\"wp-block-themeisle-blocks-advanced-columns-46e980e6\"><div class=\"wp-block-themeisle-blocks-advanced-columns-overlay\"><\/div><div class=\"innerblocks-wrap\">\n<div class=\"wp-block-themeisle-blocks-advanced-column\" id=\"wp-block-themeisle-blocks-advanced-column-91f91b1d\">\n<h2 id=\"wp-block-themeisle-blocks-advanced-heading-02946923\" class=\"wp-block-themeisle-blocks-advanced-heading wp-block-themeisle-blocks-advanced-heading-02946923\">Valeurs fondamentales<\/h2>\n\n\n\n<div class=\"wp-block-themeisle-blocks-advanced-columns has-3-columns has-desktop-equal-layout has-tablet-equal-layout has-mobile-collapsedRows-layout has-nogap-gap has-vertical-unset\" id=\"wp-block-themeisle-blocks-advanced-columns-0b8c0c83\"><div class=\"wp-block-themeisle-blocks-advanced-columns-overlay\"><\/div><div class=\"innerblocks-wrap\">\n<div class=\"wp-block-themeisle-blocks-advanced-column\" id=\"wp-block-themeisle-blocks-advanced-column-bdbd6a09\">\n<div class=\"wp-block-themeisle-blocks-service\">\n<p class=\"wp-block-themeisle-blocks-font-awesome-icons\" id=\"wp-block-themeisle-blocks-font-awesome-icons-a03e7a78\"><span class=\"wp-block-themeisle-blocks-font-awesome-icons-container\"><i class=\"fas fa-users\"><\/i><\/span><\/p>\n\n\n\n<h4 id=\"wp-block-themeisle-blocks-advanced-heading-cd121224\" class=\"wp-block-themeisle-blocks-advanced-heading wp-block-themeisle-blocks-advanced-heading-cd121224\">Engagement<\/h4>\n\n\n\n<p id=\"wp-block-themeisle-blocks-advanced-heading-c4ddd3ef\" class=\"wp-block-themeisle-blocks-advanced-heading wp-block-themeisle-blocks-advanced-heading-c4ddd3ef\">Nous nous engageons \u00e0 faire passer l&rsquo;int\u00e9r\u00eat de l&rsquo;enfant abandonn\u00e9 en premier lieu et \u00e0 remplir notre juste mission avec responsabilit\u00e9 et efficacit\u00e9.<\/p>\n<\/div>\n<\/div>\n\n\n\n<div class=\"wp-block-themeisle-blocks-advanced-column\" id=\"wp-block-themeisle-blocks-advanced-column-9c1a7149\">\n<div class=\"wp-block-themeisle-blocks-service\">\n<p class=\"wp-block-themeisle-blocks-font-awesome-icons\" id=\"wp-block-themeisle-blocks-font-awesome-icons-671f5e9b\"><span class=\"wp-block-themeisle-blocks-font-awesome-icons-container\"><i class=\"fas fa-balance-scale\"><\/i><\/span><\/p>\n\n\n\n<h4 id=\"wp-block-themeisle-blocks-advanced-heading-00f0e7e4\" class=\"wp-block-themeisle-blocks-advanced-heading wp-block-themeisle-blocks-advanced-heading-00f0e7e4\"><strong>Justice<\/strong><\/h4>\n\n\n\n<p id=\"wp-block-themeisle-blocks-advanced-heading-94a7b5c3\" class=\"wp-block-themeisle-blocks-advanced-heading wp-block-themeisle-blocks-advanced-heading-94a7b5c3\">Nous croyons que chaque enfant abandonn\u00e9 doit b\u00e9n\u00e9ficier de ses droits humains fondamentaux, consistant essentiellement \u00e0 vivre dans une famille s\u00fbre, qui le prot\u00e8ge et le nourrit.<\/p>\n<\/div>\n<\/div>\n\n\n\n<div class=\"wp-block-themeisle-blocks-advanced-column\" id=\"wp-block-themeisle-blocks-advanced-column-17be2dd6\">\n<div class=\"wp-block-themeisle-blocks-service\">\n<p class=\"wp-block-themeisle-blocks-font-awesome-icons\" id=\"wp-block-themeisle-blocks-font-awesome-icons-1c71713c\"><span class=\"wp-block-themeisle-blocks-font-awesome-icons-container\"><i class=\"far fa-thumbs-up\"><\/i><\/span><\/p>\n\n\n\n<h4 id=\"wp-block-themeisle-blocks-advanced-heading-9c43916d\" class=\"wp-block-themeisle-blocks-advanced-heading wp-block-themeisle-blocks-advanced-heading-9c43916d\">Int\u00e9grit\u00e9<\/h4>\n\n\n\n<p id=\"wp-block-themeisle-blocks-advanced-heading-5cc44d02\" class=\"wp-block-themeisle-blocks-advanced-heading wp-block-themeisle-blocks-advanced-heading-5cc44d02\">Nous agissons de mani\u00e8re responsable, en plein respect \u00e0 nos standards \u00e9thiques tr\u00e8s \u00e9lev\u00e9s et dans le respect de l\u2019environnement.<\/p>\n\n\n\n<p><\/p>\n<\/div>\n<\/div>\n<\/div><\/div>\n\n\n\n<div class=\"wp-block-themeisle-blocks-advanced-columns has-3-columns has-desktop-equal-layout has-tablet-equal-layout has-mobile-collapsedRows-layout has-nogap-gap has-vertical-unset\" id=\"wp-block-themeisle-blocks-advanced-columns-b4fd8430\"><div class=\"wp-block-themeisle-blocks-advanced-columns-overlay\"><\/div><div class=\"innerblocks-wrap\">\n<div class=\"wp-block-themeisle-blocks-advanced-column\" id=\"wp-block-themeisle-blocks-advanced-column-5fef0754\">\n<div class=\"wp-block-themeisle-blocks-service\">\n<p class=\"wp-block-themeisle-blocks-font-awesome-icons\" id=\"wp-block-themeisle-blocks-font-awesome-icons-53792d02\"><span class=\"wp-block-themeisle-blocks-font-awesome-icons-container\"><i class=\"far fa-handshake\"><\/i><\/span><\/p>\n\n\n\n<h4 id=\"wp-block-themeisle-blocks-advanced-heading-1187561a\" class=\"wp-block-themeisle-blocks-advanced-heading wp-block-themeisle-blocks-advanced-heading-1187561a\">Partenariat<\/h4>\n\n\n\n<p id=\"wp-block-themeisle-blocks-advanced-heading-ef91c68e\" class=\"wp-block-themeisle-blocks-advanced-heading wp-block-themeisle-blocks-advanced-heading-ef91c68e\">Nous croyons au travail collectif et nous agissions avec des partenaires strat\u00e9giques, des gouvernements, des groupes et des individus convaincus , pour r\u00e9ussir notre mission.<\/p>\n<\/div>\n<\/div>\n\n\n\n<div class=\"wp-block-themeisle-blocks-advanced-column\" id=\"wp-block-themeisle-blocks-advanced-column-62632e10\">\n<div class=\"wp-block-themeisle-blocks-service\">\n<p class=\"wp-block-themeisle-blocks-font-awesome-icons\" id=\"wp-block-themeisle-blocks-font-awesome-icons-d503176e\"><span class=\"wp-block-themeisle-blocks-font-awesome-icons-container\"><i class=\"fas fa-chalkboard-teacher\"><\/i><\/span><\/p>\n\n\n\n<h4 id=\"wp-block-themeisle-blocks-advanced-heading-40cbd20f\" class=\"wp-block-themeisle-blocks-advanced-heading wp-block-themeisle-blocks-advanced-heading-40cbd20f\">Professionnalisme<\/h4>\n\n\n\n<p id=\"wp-block-themeisle-blocks-advanced-heading-2178f101\" class=\"wp-block-themeisle-blocks-advanced-heading wp-block-themeisle-blocks-advanced-heading-2178f101\">Nous adh\u00e9rons aux normes internationales dans nos activit\u00e9s et recourons aux professionnels dans tous les domaines.<\/p>\n<\/div>\n<\/div>\n\n\n\n<div class=\"wp-block-themeisle-blocks-advanced-column\" id=\"wp-block-themeisle-blocks-advanced-column-11c4b22d\">\n<div class=\"wp-block-themeisle-blocks-service\">\n<p class=\"wp-block-themeisle-blocks-font-awesome-icons\" id=\"wp-block-themeisle-blocks-font-awesome-icons-e275eac0\"><span class=\"wp-block-themeisle-blocks-font-awesome-icons-container\"><i class=\"far fa-comment\"><\/i><\/span><\/p>\n\n\n\n<h4 id=\"wp-block-themeisle-blocks-advanced-heading-a4918110\" class=\"wp-block-themeisle-blocks-advanced-heading wp-block-themeisle-blocks-advanced-heading-a4918110\">Transparence<\/h4>\n\n\n\n<p id=\"wp-block-themeisle-blocks-advanced-heading-aaca3833\" class=\"wp-block-themeisle-blocks-advanced-heading wp-block-themeisle-blocks-advanced-heading-aaca3833\">Nous sommes transparents \u00e0 propos notre organisation, nos partenariats, nos finances et nos objectifs<\/p>\n\n\n\n<p><\/p>\n<\/div>\n<\/div>\n<\/div><\/div>\n<\/div>\n<\/div><\/div>\n","protected":false},"excerpt":{"rendered":"","protected":false},"author":1,"featured_media":20610,"parent":0,"menu_order":0,"comment_status":"closed","ping_status":"closed","template":"page-templates\/template-fullwidth.php","meta":{"_coblocks_attr":"Open Sans,Open Sans","_coblocks_dimensions":"","_coblocks_responsive_height":"","_coblocks_accordion_ie_support":"","_themeisle_gutenberg_block_has_review":false},"translation":{"provider":"WPGlobus","version":"2.8.11","language":"fr","enabled_languages":["en","ar","fr"],"languages":{"en":{"title":true,"content":true,"excerpt":false},"ar":{"title":true,"content":true,"excerpt":false},"fr":{"title":true,"content":true,"excerpt":false}}},"yoast_head":"<!-- This site is optimized with the Yoast SEO plugin v18.2 - https:\/\/yoast.com\/wordpress\/plugins\/seo\/ -->\n<title>Vision-Mission- Valeurs  | WIF | Fondation internationale Wedad | Espoir des nourrissons abandonn\u00e9s<\/title>\n<meta name=\"robots\" content=\"index, follow, max-snippet:-1, max-image-preview:large, max-video-preview:-1\" \/>\n<link rel=\"canonical\" href=\"https:\/\/www.wedadint.org\/vision-and-mission\/\" \/>\n<meta property=\"og:locale\" content=\"fr_FR\" \/>\n<meta property=\"og:type\" content=\"article\" \/>\n<meta property=\"og:title\" content=\"Vision-Mission- Valeurs  | WIF | Fondation internationale Wedad | Espoir des nourrissons abandonn\u00e9s\" \/>\n<meta property=\"og:url\" content=\"https:\/\/www.wedadint.org\/vision-and-mission\/\" \/>\n<meta property=\"og:site_name\" content=\"WIF | Fondation internationale Wedad | Espoir des nourrissons abandonn\u00e9s\" \/>\n<meta property=\"article:publisher\" content=\"https:\/\/www.facebook.com\/wedadint\" \/>\n<meta property=\"article:modified_time\" content=\"2021-01-25T08:47:06+00:00\" \/>\n<meta property=\"og:image\" content=\"https:\/\/www.wedadint.org\/wp-content\/uploads\/2021\/01\/vmv.jpg\" \/>\n\t<meta property=\"og:image:width\" content=\"1429\" \/>\n\t<meta property=\"og:image:height\" content=\"953\" \/>\n\t<meta property=\"og:image:type\" content=\"image\/jpeg\" \/>\n<meta name=\"twitter:card\" content=\"summary_large_image\" \/>\n<meta name=\"twitter:site\" content=\"@Wedadint\" \/>\n<meta name=\"twitter:label1\" content=\"Dur\u00e9e de lecture estim\u00e9e\" \/>\n\t<meta name=\"twitter:data1\" content=\"3 minutes\" \/>\n<script type=\"application\/ld+json\" class=\"yoast-schema-graph\">{\"@context\":\"https:\/\/schema.org\",\"@graph\":[{\"@type\":\"Organization\",\"@id\":\"https:\/\/www.wedadint.org\/#organization\",\"name\":\"Wedad International Foundation\",\"url\":\"https:\/\/www.wedadint.org\/\",\"sameAs\":[\"https:\/\/www.facebook.com\/wedadint\",\"https:\/\/www.instagram.com\/wedadint\",\"https:\/\/twitter.com\/Wedadint\"],\"logo\":{\"@type\":\"ImageObject\",\"@id\":\"https:\/\/www.wedadint.org\/#logo\",\"inLanguage\":\"fr-FR\",\"url\":\"https:\/\/www.wedadint.org\/wp-content\/uploads\/2020\/06\/Wedad-Logo-N300.png\",\"contentUrl\":\"https:\/\/www.wedadint.org\/wp-content\/uploads\/2020\/06\/Wedad-Logo-N300.png\",\"width\":300,\"height\":299,\"caption\":\"Wedad International Foundation\"},\"image\":{\"@id\":\"https:\/\/www.wedadint.org\/#logo\"}},{\"@type\":\"WebSite\",\"@id\":\"https:\/\/www.wedadint.org\/#website\",\"url\":\"https:\/\/www.wedadint.org\/\",\"name\":\"WIF | Fondation internationale Wedad | Espoir des nourrissons abandonn\u00e9s\",\"description\":\"Espoir des nourrissons abandonn\u00e9s\",\"publisher\":{\"@id\":\"https:\/\/www.wedadint.org\/#organization\"},\"potentialAction\":[{\"@type\":\"SearchAction\",\"target\":{\"@type\":\"EntryPoint\",\"urlTemplate\":\"https:\/\/www.wedadint.org\/?s={search_term_string}\"},\"query-input\":\"required name=search_term_string\"}],\"inLanguage\":\"fr-FR\"},{\"@type\":\"ImageObject\",\"@id\":\"https:\/\/www.wedadint.org\/vision-and-mission\/#primaryimage\",\"inLanguage\":\"fr-FR\",\"url\":\"https:\/\/www.wedadint.org\/wp-content\/uploads\/2021\/01\/vmv.jpg\",\"contentUrl\":\"https:\/\/www.wedadint.org\/wp-content\/uploads\/2021\/01\/vmv.jpg\",\"width\":1429,\"height\":953},{\"@type\":\"WebPage\",\"@id\":\"https:\/\/www.wedadint.org\/vision-and-mission\/#webpage\",\"url\":\"https:\/\/www.wedadint.org\/vision-and-mission\/\",\"name\":\"Vision-Mission- Valeurs | WIF | Fondation internationale Wedad | Espoir des nourrissons abandonn\u00e9s\",\"isPartOf\":{\"@id\":\"https:\/\/www.wedadint.org\/#website\"},\"primaryImageOfPage\":{\"@id\":\"https:\/\/www.wedadint.org\/vision-and-mission\/#primaryimage\"},\"datePublished\":\"2020-04-04T12:10:33+00:00\",\"dateModified\":\"2021-01-25T08:47:06+00:00\",\"breadcrumb\":{\"@id\":\"https:\/\/www.wedadint.org\/vision-and-mission\/#breadcrumb\"},\"inLanguage\":\"fr-FR\",\"potentialAction\":[{\"@type\":\"ReadAction\",\"target\":[\"https:\/\/www.wedadint.org\/vision-and-mission\/\"]}]},{\"@type\":\"BreadcrumbList\",\"@id\":\"https:\/\/www.wedadint.org\/vision-and-mission\/#breadcrumb\",\"itemListElement\":[{\"@type\":\"ListItem\",\"position\":1,\"name\":\"Home\",\"item\":\"https:\/\/www.wedadint.org\/\"},{\"@type\":\"ListItem\",\"position\":2,\"name\":\"Vision &#8211; Mission &#8211; Values\"}]}]}<\/script>\n<!-- \/ Yoast SEO plugin. -->","yoast_head_json":{"title":"Vision-Mission- Valeurs  | WIF | Fondation internationale Wedad | Espoir des nourrissons abandonn\u00e9s","robots":{"index":"index","follow":"follow","max-snippet":"max-snippet:-1","max-image-preview":"max-image-preview:large","max-video-preview":"max-video-preview:-1"},"canonical":"https:\/\/www.wedadint.org\/vision-and-mission\/","og_locale":"fr_FR","og_type":"article","og_title":"Vision-Mission- Valeurs  | WIF | Fondation internationale Wedad | Espoir des nourrissons abandonn\u00e9s","og_url":"https:\/\/www.wedadint.org\/vision-and-mission\/","og_site_name":"WIF | Fondation internationale Wedad | Espoir des nourrissons abandonn\u00e9s","article_publisher":"https:\/\/www.facebook.com\/wedadint","article_modified_time":"2021-01-25T08:47:06+00:00","og_image":[{"width":1429,"height":953,"url":"https:\/\/www.wedadint.org\/wp-content\/uploads\/2021\/01\/vmv.jpg","type":"image\/jpeg"}],"twitter_card":"summary_large_image","twitter_site":"@Wedadint","twitter_misc":{"Dur\u00e9e de lecture estim\u00e9e":"3 minutes"},"schema":{"@context":"https:\/\/schema.org","@graph":[{"@type":"Organization","@id":"https:\/\/www.wedadint.org\/#organization","name":"Wedad International Foundation","url":"https:\/\/www.wedadint.org\/","sameAs":["https:\/\/www.facebook.com\/wedadint","https:\/\/www.instagram.com\/wedadint","https:\/\/twitter.com\/Wedadint"],"logo":{"@type":"ImageObject","@id":"https:\/\/www.wedadint.org\/#logo","inLanguage":"fr-FR","url":"https:\/\/www.wedadint.org\/wp-content\/uploads\/2020\/06\/Wedad-Logo-N300.png","contentUrl":"https:\/\/www.wedadint.org\/wp-content\/uploads\/2020\/06\/Wedad-Logo-N300.png","width":300,"height":299,"caption":"Wedad International Foundation"},"image":{"@id":"https:\/\/www.wedadint.org\/#logo"}},{"@type":"WebSite","@id":"https:\/\/www.wedadint.org\/#website","url":"https:\/\/www.wedadint.org\/","name":"WIF | Fondation internationale Wedad | Espoir des nourrissons abandonn\u00e9s","description":"Espoir des nourrissons abandonn\u00e9s","publisher":{"@id":"https:\/\/www.wedadint.org\/#organization"},"potentialAction":[{"@type":"SearchAction","target":{"@type":"EntryPoint","urlTemplate":"https:\/\/www.wedadint.org\/?s={search_term_string}"},"query-input":"required name=search_term_string"}],"inLanguage":"fr-FR"},{"@type":"ImageObject","@id":"https:\/\/www.wedadint.org\/vision-and-mission\/#primaryimage","inLanguage":"fr-FR","url":"https:\/\/www.wedadint.org\/wp-content\/uploads\/2021\/01\/vmv.jpg","contentUrl":"https:\/\/www.wedadint.org\/wp-content\/uploads\/2021\/01\/vmv.jpg","width":1429,"height":953},{"@type":"WebPage","@id":"https:\/\/www.wedadint.org\/vision-and-mission\/#webpage","url":"https:\/\/www.wedadint.org\/vision-and-mission\/","name":"Vision-Mission- Valeurs | WIF | Fondation internationale Wedad | Espoir des nourrissons abandonn\u00e9s","isPartOf":{"@id":"https:\/\/www.wedadint.org\/#website"},"primaryImageOfPage":{"@id":"https:\/\/www.wedadint.org\/vision-and-mission\/#primaryimage"},"datePublished":"2020-04-04T12:10:33+00:00","dateModified":"2021-01-25T08:47:06+00:00","breadcrumb":{"@id":"https:\/\/www.wedadint.org\/vision-and-mission\/#breadcrumb"},"inLanguage":"fr-FR","potentialAction":[{"@type":"ReadAction","target":["https:\/\/www.wedadint.org\/vision-and-mission\/"]}]},{"@type":"BreadcrumbList","@id":"https:\/\/www.wedadint.org\/vision-and-mission\/#breadcrumb","itemListElement":[{"@type":"ListItem","position":1,"name":"Home","item":"https:\/\/www.wedadint.org\/"},{"@type":"ListItem","position":2,"name":"Vision &#8211; Mission &#8211; Values"}]}]}},"uagb_featured_image_src":{"full":["https:\/\/www.wedadint.org\/wp-content\/uploads\/2021\/01\/vmv.jpg",1429,953,false],"thumbnail":["https:\/\/www.wedadint.org\/wp-content\/uploads\/2021\/01\/vmv-150x150.jpg",150,150,true],"medium":["https:\/\/www.wedadint.org\/wp-content\/uploads\/2021\/01\/vmv-300x200.jpg",300,200,true],"medium_large":["https:\/\/www.wedadint.org\/wp-content\/uploads\/2021\/01\/vmv-768x512.jpg",750,500,true],"large":["https:\/\/www.wedadint.org\/wp-content\/uploads\/2021\/01\/vmv-1024x683.jpg",750,500,true],"thumblist":["https:\/\/www.wedadint.org\/wp-content\/uploads\/2021\/01\/vmv-300x300.jpg",300,300,true],"meccarouselthumb":["https:\/\/www.wedadint.org\/wp-content\/uploads\/2021\/01\/vmv-474x324.jpg",474,324,true],"gridsquare":["https:\/\/www.wedadint.org\/wp-content\/uploads\/2021\/01\/vmv-391x260.jpg",391,260,true],"tileview":["https:\/\/www.wedadint.org\/wp-content\/uploads\/2021\/01\/vmv-300x400.jpg",300,400,true],"1536x1536":["https:\/\/www.wedadint.org\/wp-content\/uploads\/2021\/01\/vmv.jpg",1429,953,false],"2048x2048":["https:\/\/www.wedadint.org\/wp-content\/uploads\/2021\/01\/vmv.jpg",1429,953,false],"hestia-blog":["https:\/\/www.wedadint.org\/wp-content\/uploads\/2021\/01\/vmv-360x240.jpg",360,240,true]},"uagb_author_info":{"display_name":"wedad","author_link":"https:\/\/www.wedadint.org\/fr\/author\/wedad\/"},"uagb_comment_info":0,"uagb_excerpt":null,"_links":{"self":[{"href":"https:\/\/www.wedadint.org\/fr\/wp-json\/wp\/v2\/pages\/16607"}],"collection":[{"href":"https:\/\/www.wedadint.org\/fr\/wp-json\/wp\/v2\/pages"}],"about":[{"href":"https:\/\/www.wedadint.org\/fr\/wp-json\/wp\/v2\/types\/page"}],"author":[{"embeddable":true,"href":"https:\/\/www.wedadint.org\/fr\/wp-json\/wp\/v2\/users\/1"}],"replies":[{"embeddable":true,"href":"https:\/\/www.wedadint.org\/fr\/wp-json\/wp\/v2\/comments?post=16607"}],"version-history":[{"count":101,"href":"https:\/\/www.wedadint.org\/fr\/wp-json\/wp\/v2\/pages\/16607\/revisions"}],"predecessor-version":[{"id":20613,"href":"https:\/\/www.wedadint.org\/fr\/wp-json\/wp\/v2\/pages\/16607\/revisions\/20613"}],"wp:featuredmedia":[{"embeddable":true,"href":"https:\/\/www.wedadint.org\/fr\/wp-json\/wp\/v2\/media\/20610"}],"wp:attachment":[{"href":"https:\/\/www.wedadint.org\/fr\/wp-json\/wp\/v2\/media?parent=16607"}],"curies":[{"name":"wp","href":"https:\/\/api.w.org\/{rel}","templated":true}]}}