{"id":16884,"date":"2020-04-08T11:43:57","date_gmt":"2020-04-08T11:43:57","guid":{"rendered":"http:\/\/www.wedadi.org\/?page_id=16884"},"modified":"2020-07-08T15:35:31","modified_gmt":"2020-07-08T15:35:31","slug":"volunteer","status":"publish","type":"page","link":"https:\/\/www.wedadint.org\/fr\/volunteer\/","title":{"rendered":"Volunteer"},"content":{"rendered":"\n<div class=\"wp-block-themeisle-blocks-advanced-columns has-1-columns has-desktop-equal-layout has-tablet-equal-layout has-mobile-equal-layout has-default-gap has-vertical-unset\" id=\"wp-block-themeisle-blocks-advanced-columns-ed3ec646\"><div class=\"wp-block-themeisle-blocks-advanced-columns-overlay\"><\/div><div class=\"innerblocks-wrap\">\n<div class=\"wp-block-themeisle-blocks-advanced-column\" id=\"wp-block-themeisle-blocks-advanced-column-8c9bef13\">\n<p class=\"has-text-color has-header-gradient-color\">Voulez-vous \u00e9viter la mort d&rsquo;un enfant abandonn\u00e9? Voulez-vous cr\u00e9er une diff\u00e9rence dans la vie d&rsquo;un enfant? Trouvez-vous du bien \u00e0 aider notre monde? Avez-vous du temps \u00e0 occuper?<\/p>\n\n\n\n<p class=\"has-text-color has-header-gradient-color\">Si la r\u00e9ponse \u00e0 ces questions est OUI et que vous souhaitez faire partie de notre groupe de travail pour sauver des enfants, veuillez remplir le formulaire ci-dessous et nous vous contacterons. Contribuons pour un monde meilleur pour tous\u00a0!<\/p>\n\n\n\n<p><\/p>\n<\/div>\n<\/div><\/div>\n\n\n\n<link rel=\"stylesheet\" href=\"\/crm\/forms_css.css\">\n<form id=\"regForm\" name=\"Volunteers\" action=\"\/crm\/volu_submit_fr.php\" enctype=\"multipart\/form-data\" method=\"post\" accept-charset=\"utf-8\">\n\n<div>\n\n<input type=\"hidden\" id=\"cont_wd_a\" name=\"cont_id\">\n<input type=\"hidden\" id=\"counter_dat\" name=\"counter_dat\">\n\n<h3>Informations pour le contact<\/h3>\n\n<p><label>Pr\u00e9nom*<\/label><\/p>\n<p><input name=\"fname\" required=\"\" type=\"text\" placeholder=\"Votre pr\u00e9nom*...\" value=\"\">\n<\/p>\n\n<p><label>Nom de famille*<\/label><\/p>\n<p><input name=\"lname\" required=\"\" type=\"text\" placeholder=\"Votre nom de famille*...\" value=\"\">\n<\/p>\n\n<p><label>T\u00e9l\u00e9phone portable*<\/label><\/p>\n<p><input name=\"phmobile\" required=\"\" type=\"number\" placeholder=\"Votre t\u00e9l\u00e9phone portable*...\" value=\"\">\n<\/p>\n\n<p><label>T\u00e9l\u00e9phone d&rsquo;urgence*<\/label><\/p>\n<p><input name=\"phothernumber\" required=\"\" type=\"number\" placeholder=\"T\u00e9l\u00e9phone d'urgence*...\" value=\"\">\n<\/p>\n\n<p><label>eMail*<\/label><\/p>\n<p><input name=\"yrmail\" required=\"\" oninput=\"this.className = ''\" type=\"email\" placeholder=\"Votre eMail*...\" value=\"\">\n<\/p>\n\n<p><label>Date de naissance*<\/label><\/p>\n<p><input name=\"yrbirthday\" required=\"\" type=\"date\" max=\"9999-12-31\" placeholder=\"Date de naissance*...\" value=\"\">\n<\/p>\n\n<p><label>Nationalit\u00e9*<\/label><\/p>\n<p><input name=\"yrothercountry\" required=\"\" type=\"text\" placeholder=\"Nationalit\u00e9*...\" value=\"\">\n<\/p>\n\n<p><label>Pays de r\u00e9sidence*<\/label><\/p>\n<p><input name=\"yrmailingcountry\" required=\"\" type=\"text\" placeholder=\"Pays de r\u00e9sidence*...\" value=\"\">\n<\/p>\n\n<p><label>Ajustement et support n\u00e9cessaires*<\/label><\/p>\n\t<p><textarea name=\"adj_support\" required=\"\" placeholder=\"Ajustement et support n\u00e9cessaires*...\"><\/textarea>\n<\/p>\n\n<p><label>Contact de r\u00e9f\u00e9rence*<\/label><\/p>\n\t<p><textarea name=\"ref_contact\" required=\"\" placeholder=\"Contact de r\u00e9f\u00e9rence*...\"><\/textarea>\n<\/p>\n\n\n<p><label>Domaines d&rsquo;int\u00e9r\u00eat*<\/label><\/p>\n<p><select name=\"Areas_of_Interest\" required=\"\">\n\t<option value=\"\">S\u00e9lectionnez une valeur<\/option>\n    <option value=\"Office Support\">Office Support<\/option>\n    <option value=\"Temp-Home Helper\">Temp-Home Helper<\/option>\n    <option value=\"Advocacy\">Advocacy<\/option>\n\t<option value=\"Funding Activities\">Funding Activities<\/option>\n\t<option value=\"Other\">Other<\/option>\n<\/select>\n<\/p>\n\n<p><label>Comp\u00e9tences*<\/label><\/p>\n\t<p><textarea name=\"Skills\" required=\"\" placeholder=\"\u00c9num\u00e9rez vos comp\u00e9tences*...\"><\/textarea>\n<\/p>\n\n<p><label>Niveau d\u2019\u00e9tude*<\/label><\/p>\n<p><select name=\"Edu_level\" required=\"\">\n\t<option value=\"\">S\u00e9lectionnez une valeur<\/option>\n    <option value=\"Undergraduate\">Undergraduate<\/option>\n    <option value=\"BSC\">BSC<\/option>\n    <option value=\"Master\">Master<\/option>\n\t<option value=\"PHD\">PHD<\/option>\n<\/select>\n<\/p>\n\n<p><label>B\u00e9n\u00e9volat dans le pays *<\/label><\/p>\n<p><select name=\"Volunteering_in_Country\" required=\"\">\n\t<option value=\"\">S\u00e9lectionnez une valeur<\/option>\n    <option value=\"Egypt\">Egypt<\/option>\n    <option value=\"Sudan\">Sudan<\/option>\n    <option value=\"Saudi Arabia\">Saudi Arabia<\/option>\n<\/select>\n<\/p>\n\n\n<p><label>Exp\u00e9rience de b\u00e9n\u00e9volat*<\/label><\/p>\n\t<p><textarea name=\"Volunteer_Experience\" required=\"\" placeholder=\"Inscrivez votre exp\u00e9rience de b\u00e9n\u00e9volat*...\"><\/textarea>\n<\/p>\n\n\n<p><label>J&rsquo;accepte la politique de confidentialit\u00e9 et la s\u00e9curit\u00e9*<\/label>\n\n<input name=\"wd_Privacy_Policy_and_Security\" oninput=\"this.className = ''\" type=\"hidden\" value=\"0\">\n<input style=\"cursor: pointer; position: relative; width:50px; hight:50px;\" type=\"checkbox\" name=\"wd_Privacy_Policy_and_Security\" required=\"\" type=\"checkbox\" value=\"1\">\n<\/p>\n\n<p id=\"html_element\" align=\"right\"><\/p>\n\n\n<input type=\"submit\" value=\"Submit\">\n\n<\/div>\n\n<\/form>\n\n<script src=\"\/crm\/recaptcha_valid.js\"><\/script>\n","protected":false},"excerpt":{"rendered":"<p>Informations pour le contact Pr\u00e9nom* Nom de famille* T\u00e9l\u00e9phone portable* T\u00e9l\u00e9phone d&rsquo;urgence* eMail* Date de naissance* Nationalit\u00e9* Pays de r\u00e9sidence* Ajustement et support n\u00e9cessaires* Contact de r\u00e9f\u00e9rence* Domaines d&rsquo;int\u00e9r\u00eat* S\u00e9lectionnez une valeurOffice SupportTemp-Home HelperAdvocacyFunding ActivitiesOther Comp\u00e9tences* Niveau d\u2019\u00e9tude* S\u00e9lectionnez une valeurUndergraduateBSCMasterPHD B\u00e9n\u00e9volat dans le pays * S\u00e9lectionnez une valeurEgyptSudanSaudi Arabia [&hellip;]<\/p>\n","protected":false},"author":1,"featured_media":19189,"parent":0,"menu_order":0,"comment_status":"closed","ping_status":"closed","template":"","meta":{"_coblocks_attr":"","_coblocks_dimensions":"","_coblocks_responsive_height":"","_coblocks_accordion_ie_support":"","_themeisle_gutenberg_block_has_review":false},"translation":{"provider":"WPGlobus","version":"2.8.11","language":"fr","enabled_languages":["en","ar","fr"],"languages":{"en":{"title":true,"content":true,"excerpt":false},"ar":{"title":true,"content":true,"excerpt":false},"fr":{"title":true,"content":true,"excerpt":false}}},"yoast_head":"<!-- This site is optimized with the Yoast SEO plugin v18.2 - https:\/\/yoast.com\/wordpress\/plugins\/seo\/ -->\n<title>Volunteer | WIF | Fondation internationale Wedad | Espoir des nourrissons abandonn\u00e9s<\/title>\n<meta name=\"robots\" content=\"index, follow, max-snippet:-1, max-image-preview:large, max-video-preview:-1\" \/>\n<link rel=\"canonical\" href=\"https:\/\/www.wedadint.org\/volunteer\/\" \/>\n<meta property=\"og:locale\" content=\"fr_FR\" \/>\n<meta property=\"og:type\" content=\"article\" \/>\n<meta property=\"og:title\" content=\"Volunteer | WIF | Fondation internationale Wedad | Espoir des nourrissons abandonn\u00e9s\" \/>\n<meta property=\"og:url\" content=\"https:\/\/www.wedadint.org\/volunteer\/\" \/>\n<meta property=\"og:site_name\" content=\"WIF | Fondation internationale Wedad | Espoir des nourrissons abandonn\u00e9s\" \/>\n<meta property=\"article:publisher\" content=\"https:\/\/www.facebook.com\/wedadint\" \/>\n<meta property=\"article:modified_time\" content=\"2020-07-08T15:35:31+00:00\" \/>\n<meta property=\"og:image\" content=\"https:\/\/www.wedadint.org\/wp-content\/uploads\/2020\/05\/wif-volunteer.jpg\" \/>\n\t<meta property=\"og:image:width\" content=\"1260\" \/>\n\t<meta property=\"og:image:height\" content=\"400\" \/>\n\t<meta property=\"og:image:type\" content=\"image\/jpeg\" \/>\n<meta name=\"twitter:card\" content=\"summary_large_image\" \/>\n<meta name=\"twitter:site\" content=\"@Wedadint\" \/>\n<meta name=\"twitter:label1\" content=\"Dur\u00e9e de lecture estim\u00e9e\" \/>\n\t<meta name=\"twitter:data1\" content=\"2 minutes\" \/>\n<script type=\"application\/ld+json\" class=\"yoast-schema-graph\">{\"@context\":\"https:\/\/schema.org\",\"@graph\":[{\"@type\":\"Organization\",\"@id\":\"https:\/\/www.wedadint.org\/#organization\",\"name\":\"Wedad International Foundation\",\"url\":\"https:\/\/www.wedadint.org\/\",\"sameAs\":[\"https:\/\/www.facebook.com\/wedadint\",\"https:\/\/www.instagram.com\/wedadint\",\"https:\/\/twitter.com\/Wedadint\"],\"logo\":{\"@type\":\"ImageObject\",\"@id\":\"https:\/\/www.wedadint.org\/#logo\",\"inLanguage\":\"fr-FR\",\"url\":\"https:\/\/www.wedadint.org\/wp-content\/uploads\/2020\/06\/Wedad-Logo-N300.png\",\"contentUrl\":\"https:\/\/www.wedadint.org\/wp-content\/uploads\/2020\/06\/Wedad-Logo-N300.png\",\"width\":300,\"height\":299,\"caption\":\"Wedad International Foundation\"},\"image\":{\"@id\":\"https:\/\/www.wedadint.org\/#logo\"}},{\"@type\":\"WebSite\",\"@id\":\"https:\/\/www.wedadint.org\/#website\",\"url\":\"https:\/\/www.wedadint.org\/\",\"name\":\"WIF | Fondation internationale Wedad | Espoir des nourrissons abandonn\u00e9s\",\"description\":\"Espoir des nourrissons abandonn\u00e9s\",\"publisher\":{\"@id\":\"https:\/\/www.wedadint.org\/#organization\"},\"potentialAction\":[{\"@type\":\"SearchAction\",\"target\":{\"@type\":\"EntryPoint\",\"urlTemplate\":\"https:\/\/www.wedadint.org\/?s={search_term_string}\"},\"query-input\":\"required name=search_term_string\"}],\"inLanguage\":\"fr-FR\"},{\"@type\":\"ImageObject\",\"@id\":\"https:\/\/www.wedadint.org\/volunteer\/#primaryimage\",\"inLanguage\":\"fr-FR\",\"url\":\"https:\/\/www.wedadint.org\/wp-content\/uploads\/2020\/05\/wif-volunteer.jpg\",\"contentUrl\":\"https:\/\/www.wedadint.org\/wp-content\/uploads\/2020\/05\/wif-volunteer.jpg\",\"width\":1260,\"height\":400},{\"@type\":\"WebPage\",\"@id\":\"https:\/\/www.wedadint.org\/volunteer\/#webpage\",\"url\":\"https:\/\/www.wedadint.org\/volunteer\/\",\"name\":\"Volunteer | WIF | Fondation internationale Wedad | Espoir des nourrissons abandonn\u00e9s\",\"isPartOf\":{\"@id\":\"https:\/\/www.wedadint.org\/#website\"},\"primaryImageOfPage\":{\"@id\":\"https:\/\/www.wedadint.org\/volunteer\/#primaryimage\"},\"datePublished\":\"2020-04-08T11:43:57+00:00\",\"dateModified\":\"2020-07-08T15:35:31+00:00\",\"breadcrumb\":{\"@id\":\"https:\/\/www.wedadint.org\/volunteer\/#breadcrumb\"},\"inLanguage\":\"fr-FR\",\"potentialAction\":[{\"@type\":\"ReadAction\",\"target\":[\"https:\/\/www.wedadint.org\/volunteer\/\"]}]},{\"@type\":\"BreadcrumbList\",\"@id\":\"https:\/\/www.wedadint.org\/volunteer\/#breadcrumb\",\"itemListElement\":[{\"@type\":\"ListItem\",\"position\":1,\"name\":\"Home\",\"item\":\"https:\/\/www.wedadint.org\/\"},{\"@type\":\"ListItem\",\"position\":2,\"name\":\"Volunteer\"}]}]}<\/script>\n<!-- \/ Yoast SEO plugin. -->","yoast_head_json":{"title":"Volunteer | WIF | Fondation internationale Wedad | Espoir des nourrissons abandonn\u00e9s","robots":{"index":"index","follow":"follow","max-snippet":"max-snippet:-1","max-image-preview":"max-image-preview:large","max-video-preview":"max-video-preview:-1"},"canonical":"https:\/\/www.wedadint.org\/volunteer\/","og_locale":"fr_FR","og_type":"article","og_title":"Volunteer | WIF | Fondation internationale Wedad | Espoir des nourrissons abandonn\u00e9s","og_url":"https:\/\/www.wedadint.org\/volunteer\/","og_site_name":"WIF | Fondation internationale Wedad | Espoir des nourrissons abandonn\u00e9s","article_publisher":"https:\/\/www.facebook.com\/wedadint","article_modified_time":"2020-07-08T15:35:31+00:00","og_image":[{"width":1260,"height":400,"url":"https:\/\/www.wedadint.org\/wp-content\/uploads\/2020\/05\/wif-volunteer.jpg","type":"image\/jpeg"}],"twitter_card":"summary_large_image","twitter_site":"@Wedadint","twitter_misc":{"Dur\u00e9e de lecture estim\u00e9e":"2 minutes"},"schema":{"@context":"https:\/\/schema.org","@graph":[{"@type":"Organization","@id":"https:\/\/www.wedadint.org\/#organization","name":"Wedad International Foundation","url":"https:\/\/www.wedadint.org\/","sameAs":["https:\/\/www.facebook.com\/wedadint","https:\/\/www.instagram.com\/wedadint","https:\/\/twitter.com\/Wedadint"],"logo":{"@type":"ImageObject","@id":"https:\/\/www.wedadint.org\/#logo","inLanguage":"fr-FR","url":"https:\/\/www.wedadint.org\/wp-content\/uploads\/2020\/06\/Wedad-Logo-N300.png","contentUrl":"https:\/\/www.wedadint.org\/wp-content\/uploads\/2020\/06\/Wedad-Logo-N300.png","width":300,"height":299,"caption":"Wedad International Foundation"},"image":{"@id":"https:\/\/www.wedadint.org\/#logo"}},{"@type":"WebSite","@id":"https:\/\/www.wedadint.org\/#website","url":"https:\/\/www.wedadint.org\/","name":"WIF | Fondation internationale Wedad | Espoir des nourrissons abandonn\u00e9s","description":"Espoir des nourrissons abandonn\u00e9s","publisher":{"@id":"https:\/\/www.wedadint.org\/#organization"},"potentialAction":[{"@type":"SearchAction","target":{"@type":"EntryPoint","urlTemplate":"https:\/\/www.wedadint.org\/?s={search_term_string}"},"query-input":"required name=search_term_string"}],"inLanguage":"fr-FR"},{"@type":"ImageObject","@id":"https:\/\/www.wedadint.org\/volunteer\/#primaryimage","inLanguage":"fr-FR","url":"https:\/\/www.wedadint.org\/wp-content\/uploads\/2020\/05\/wif-volunteer.jpg","contentUrl":"https:\/\/www.wedadint.org\/wp-content\/uploads\/2020\/05\/wif-volunteer.jpg","width":1260,"height":400},{"@type":"WebPage","@id":"https:\/\/www.wedadint.org\/volunteer\/#webpage","url":"https:\/\/www.wedadint.org\/volunteer\/","name":"Volunteer | WIF | Fondation internationale Wedad | Espoir des nourrissons abandonn\u00e9s","isPartOf":{"@id":"https:\/\/www.wedadint.org\/#website"},"primaryImageOfPage":{"@id":"https:\/\/www.wedadint.org\/volunteer\/#primaryimage"},"datePublished":"2020-04-08T11:43:57+00:00","dateModified":"2020-07-08T15:35:31+00:00","breadcrumb":{"@id":"https:\/\/www.wedadint.org\/volunteer\/#breadcrumb"},"inLanguage":"fr-FR","potentialAction":[{"@type":"ReadAction","target":["https:\/\/www.wedadint.org\/volunteer\/"]}]},{"@type":"BreadcrumbList","@id":"https:\/\/www.wedadint.org\/volunteer\/#breadcrumb","itemListElement":[{"@type":"ListItem","position":1,"name":"Home","item":"https:\/\/www.wedadint.org\/"},{"@type":"ListItem","position":2,"name":"Volunteer"}]}]}},"uagb_featured_image_src":{"full":["https:\/\/www.wedadint.org\/wp-content\/uploads\/2020\/05\/wif-volunteer.jpg",1260,400,false],"thumbnail":["https:\/\/www.wedadint.org\/wp-content\/uploads\/2020\/05\/wif-volunteer-150x150.jpg",150,150,true],"medium":["https:\/\/www.wedadint.org\/wp-content\/uploads\/2020\/05\/wif-volunteer-300x95.jpg",300,95,true],"medium_large":["https:\/\/www.wedadint.org\/wp-content\/uploads\/2020\/05\/wif-volunteer-768x244.jpg",750,238,true],"large":["https:\/\/www.wedadint.org\/wp-content\/uploads\/2020\/05\/wif-volunteer-1024x325.jpg",750,238,true],"thumblist":["https:\/\/www.wedadint.org\/wp-content\/uploads\/2020\/05\/wif-volunteer-300x300.jpg",300,300,true],"meccarouselthumb":["https:\/\/www.wedadint.org\/wp-content\/uploads\/2020\/05\/wif-volunteer-474x324.jpg",474,324,true],"gridsquare":["https:\/\/www.wedadint.org\/wp-content\/uploads\/2020\/05\/wif-volunteer-391x260.jpg",391,260,true],"tileview":["https:\/\/www.wedadint.org\/wp-content\/uploads\/2020\/05\/wif-volunteer-300x400.jpg",300,400,true],"1536x1536":["https:\/\/www.wedadint.org\/wp-content\/uploads\/2020\/05\/wif-volunteer.jpg",1260,400,false],"2048x2048":["https:\/\/www.wedadint.org\/wp-content\/uploads\/2020\/05\/wif-volunteer.jpg",1260,400,false],"hestia-blog":["https:\/\/www.wedadint.org\/wp-content\/uploads\/2020\/05\/wif-volunteer-360x240.jpg",360,240,true]},"uagb_author_info":{"display_name":"wedad","author_link":"https:\/\/www.wedadint.org\/fr\/author\/wedad\/"},"uagb_comment_info":0,"uagb_excerpt":"Informations pour le contact Pr\u00e9nom* Nom de famille* T\u00e9l\u00e9phone portable* T\u00e9l\u00e9phone d&rsquo;urgence* eMail* Date de naissance* Nationalit\u00e9* Pays de r\u00e9sidence* Ajustement et support n\u00e9cessaires* Contact de r\u00e9f\u00e9rence* Domaines d&rsquo;int\u00e9r\u00eat* S\u00e9lectionnez une valeurOffice SupportTemp-Home HelperAdvocacyFunding ActivitiesOther Comp\u00e9tences* Niveau d\u2019\u00e9tude* S\u00e9lectionnez une valeurUndergraduateBSCMasterPHD B\u00e9n\u00e9volat dans le pays * S\u00e9lectionnez une valeurEgyptSudanSaudi Arabia [&hellip;]","_links":{"self":[{"href":"https:\/\/www.wedadint.org\/fr\/wp-json\/wp\/v2\/pages\/16884"}],"collection":[{"href":"https:\/\/www.wedadint.org\/fr\/wp-json\/wp\/v2\/pages"}],"about":[{"href":"https:\/\/www.wedadint.org\/fr\/wp-json\/wp\/v2\/types\/page"}],"author":[{"embeddable":true,"href":"https:\/\/www.wedadint.org\/fr\/wp-json\/wp\/v2\/users\/1"}],"replies":[{"embeddable":true,"href":"https:\/\/www.wedadint.org\/fr\/wp-json\/wp\/v2\/comments?post=16884"}],"version-history":[{"count":88,"href":"https:\/\/www.wedadint.org\/fr\/wp-json\/wp\/v2\/pages\/16884\/revisions"}],"predecessor-version":[{"id":20083,"href":"https:\/\/www.wedadint.org\/fr\/wp-json\/wp\/v2\/pages\/16884\/revisions\/20083"}],"wp:featuredmedia":[{"embeddable":true,"href":"https:\/\/www.wedadint.org\/fr\/wp-json\/wp\/v2\/media\/19189"}],"wp:attachment":[{"href":"https:\/\/www.wedadint.org\/fr\/wp-json\/wp\/v2\/media?parent=16884"}],"curies":[{"name":"wp","href":"https:\/\/api.w.org\/{rel}","templated":true}]}}