{"id":16893,"date":"2020-04-08T11:55:18","date_gmt":"2020-04-08T11:55:18","guid":{"rendered":"http:\/\/www.wedadi.org\/?page_id=16893"},"modified":"2021-05-05T12:09:16","modified_gmt":"2021-05-05T12:09:16","slug":"foster","status":"publish","type":"page","link":"https:\/\/www.wedadint.org\/fr\/foster\/","title":{"rendered":"Favoriser la \u00abkafalah\u00bb"},"content":{"rendered":"\n<div class=\"wp-block-themeisle-blocks-advanced-columns has-1-columns has-desktop-equal-layout has-tablet-equal-layout has-mobile-equal-layout has-default-gap has-vertical-unset\" id=\"wp-block-themeisle-blocks-advanced-columns-8c5e19ce\"><div class=\"wp-block-themeisle-blocks-advanced-columns-overlay\"><\/div><div class=\"innerblocks-wrap\">\n<div class=\"wp-block-themeisle-blocks-advanced-column\" id=\"wp-block-themeisle-blocks-advanced-column-1560f573\">\n<p><strong>Le droit \u00e0 la vie est un droit inn\u00e9 qui d\u00e9pend pour sa garantie des normes l\u00e9gislatives des \u00c9tats et des valeurs religieuses et morales des individus, qui emp\u00eachent sa violation ou sa d\u00e9gradation.<\/strong><\/p>\n\n\n\n<p><strong>Qu&rsquo;en est-il de la vie d&rsquo;un enfant innocent dont les parents ont d\u00e9cid\u00e9 pour une raison quelconque de l&rsquo;abandonner\u00a0?<\/strong><\/p>\n\n\n\n<p><strong>Soutenir cet enfant figure parmi les actes les plus nobles qu\u2019un \u00eatre humain peut accomplir. En v\u00e9rit\u00e9, lorsqu\u2019une famille d\u00e9cide de prendre soin de cet orphelin et lui offrir amour et soin, c\u2019est elle qui serait la plus satisfaite et favoris\u00e9e, car le bien n\u2019engendre que du bien.<\/strong><\/p>\n<\/div>\n<\/div><\/div>\n\n\n\n<div class=\"wp-block-themeisle-blocks-advanced-columns has-1-columns has-desktop-equal-layout has-tablet-equal-layout has-mobile-equal-layout has-default-gap has-vertical-unset\" id=\"wp-block-themeisle-blocks-advanced-columns-31994883\"><div class=\"wp-block-themeisle-blocks-advanced-columns-overlay\"><\/div><div class=\"innerblocks-wrap\">\n<div class=\"wp-block-themeisle-blocks-advanced-column\" id=\"wp-block-themeisle-blocks-advanced-column-d7f9b5cb\">\n<p><strong>Quoi<\/strong>&nbsp;: Avec Wedad Int. Foundation et ses partenaires, un programme prometteur est mis en place pour prendre soin des orphelins abandonn\u00e9s. Le syst\u00e8me de \u00abkafalaa\u00bb permet de prendre soin de l\u2019orphelin, qui gagne un statut similaire \u00e0 tout autre enfant dans sa nouvelle famille&nbsp;; qui lui offre amour, affection et soins. Il s\u2019\u00e9panouira alors dans sa soci\u00e9t\u00e9 et grandira avec toutes les chances de succ\u00e8s.<\/p>\n\n\n\n<p><strong>Comment<\/strong>: En vous inscrivant ici, vous faites une demande de prise en charge d\u2019un orphelin se trouvant dans les foyers de Wedad ou ses partenaires. La famille requ\u00e9rante sera contact\u00e9e par notre personnel professionnel pour expliquer le programme et ses conditions (en attendant, il existe des programmes d&rsquo;aide pour sensibiliser les familles tels que le programme de r\u00e9adaptation pour les futures familles adoptives et les options de facilitation de l&rsquo;allaitement maternel).<\/p>\n\n\n\n<p><strong>Conditions<\/strong>: Chaque famille qui demande \u00e0 prendre en charge un enfant doit remplir les conditions requises qui, une fois remplies, aboutiront au parrainage de l\u2019orphelin.<\/p>\n<\/div>\n<\/div><\/div>\n\n\n\n<p class=\"has-text-color has-text-align-center has-accent-color\">Nous pensons qu&rsquo;il est de notre devoir de contribuer, par tout, \u00e0 la protection de ces enfants et d\u2019\u0153uvrer, sans r\u00e9serve, pour leur offrir des familles d&rsquo;accueil. Cet effort est notre priorit\u00e9 absolue, qui est d\u2019un grand int\u00e9r\u00eat pour toutes et tous, quelles que soient les cultures et les convictions cultuelles.<\/p>\n\n\n\n<div class=\"wp-block-themeisle-blocks-advanced-columns has-1-columns has-desktop-equal-layout has-tablet-equal-layout has-mobile-equal-layout has-default-gap has-vertical-unset\" id=\"wp-block-themeisle-blocks-advanced-columns-09d5eef5\"><div class=\"wp-block-themeisle-blocks-advanced-columns-overlay\"><\/div><div class=\"innerblocks-wrap\">\n<div class=\"wp-block-themeisle-blocks-advanced-column\" id=\"wp-block-themeisle-blocks-advanced-column-89e57d22\">\n<link rel=\"stylesheet\" href=\"\/crm\/forms_css.css\">\n<form id=\"regForm\" name=\"Website Contact us form\" action=\"\/crm\/cont_submit_fr.php\" method=\"post\" accept-charset=\"utf-8\" enctype=\"multipart\/form-data\">\n\n<div>\n<input type=\"hidden\" id=\"cont_wd_a\" name=\"cont_id\">\n<input type=\"hidden\" id=\"counter_dat\" name=\"counter_dat\">\n\n<h3>Informations de contact<\/h3>\n\n<p><label>Nom*<\/label><\/p>\n<p><input type=\"text\" placeholder=\"Votre nom*...\" name=\"wd_name\" value=\"\" required=\"\"><\/p>\n\n<p><label>T\u00e9l\u00e9phone portable*<\/label><\/p>\n<p><input type=\"number\" placeholder=\"Votre t\u00e9l\u00e9phone portable*...\" name=\"wd_mobile\" value=\"\" required=\"\"><\/p>\n\n<p><label>eMail*<\/label><\/p>\n<p><input type=\"email\" placeholder=\"Votre eMail *...\" name=\"wd_email_adress\" value=\"\" required=\"\"><\/p>\n\n<input type=\"hidden\" name=\"wd_purpose\" value=\"Foster\">\n<input type=\"hidden\" name=\"wd_subject\" value=\"Foster Request\">\n<input type=\"hidden\" name=\"wd_message\" value=\"Foster Request\">\n\n<p><label>J&rsquo;accepte la politique de confidentialit\u00e9 et la s\u00e9curit\u00e9 *<\/label>\n<input type=\"hidden\" name=\"wd_Privacy_Policy_and_Security\" value\"=\"\" value=\"0\">\n<input style=\"cursor: pointer; position: relative; width:50px; hight:50px;\" type=\"checkbox\" name=\"wd_Privacy_Policy_and_Security\" value\"=\"\" value=\"1\" required=\"\">\n<\/p>\n\n<p id=\"html_element\" align=\"right\"><\/p>\n\n<input style=\"width: 100%\" type=\"submit\" value=\"Soumettre\">\n\n<\/div>\n\n<\/form>\n\n<script src=\"\/crm\/recaptcha_valid.js\"><\/script>\n<\/div>\n<\/div><\/div>\n","protected":false},"excerpt":{"rendered":"<p>Nous pensons qu&rsquo;il est de notre devoir de contribuer, par tout, \u00e0 la protection de ces enfants et d\u2019\u0153uvrer, sans r\u00e9serve, pour leur offrir des familles d&rsquo;accueil. Cet effort est notre priorit\u00e9 absolue, qui est d\u2019un grand int\u00e9r\u00eat pour toutes et tous, quelles que soient les cultures et les convictions [&hellip;]<\/p>\n","protected":false},"author":1,"featured_media":17996,"parent":0,"menu_order":0,"comment_status":"closed","ping_status":"closed","template":"","meta":{"_coblocks_attr":"Open Sans,Open Sans","_coblocks_dimensions":"","_coblocks_responsive_height":"","_coblocks_accordion_ie_support":"","_themeisle_gutenberg_block_has_review":false},"translation":{"provider":"WPGlobus","version":"2.8.11","language":"fr","enabled_languages":["en","ar","fr"],"languages":{"en":{"title":true,"content":true,"excerpt":false},"ar":{"title":true,"content":true,"excerpt":false},"fr":{"title":true,"content":true,"excerpt":false}}},"yoast_head":"<!-- This site is optimized with the Yoast SEO plugin v18.2 - https:\/\/yoast.com\/wordpress\/plugins\/seo\/ -->\n<title>Favoriser la \u00abkafalah\u00bb | WIF | Fondation internationale Wedad | Espoir des nourrissons abandonn\u00e9s<\/title>\n<meta name=\"robots\" content=\"index, follow, max-snippet:-1, max-image-preview:large, max-video-preview:-1\" \/>\n<link rel=\"canonical\" href=\"https:\/\/www.wedadint.org\/fr\/foster\/\" \/>\n<meta property=\"og:locale\" content=\"fr_FR\" \/>\n<meta property=\"og:type\" content=\"article\" \/>\n<meta property=\"og:title\" content=\"Favoriser la \u00abkafalah\u00bb | WIF | Fondation internationale Wedad | Espoir des nourrissons abandonn\u00e9s\" \/>\n<meta property=\"og:url\" content=\"https:\/\/www.wedadint.org\/fr\/foster\/\" \/>\n<meta property=\"og:site_name\" content=\"WIF | Fondation internationale Wedad | Espoir des nourrissons abandonn\u00e9s\" \/>\n<meta property=\"article:publisher\" content=\"https:\/\/www.facebook.com\/wedadint\" \/>\n<meta property=\"article:modified_time\" content=\"2021-05-05T12:09:16+00:00\" \/>\n<meta property=\"og:image\" content=\"https:\/\/www.wedadint.org\/wp-content\/uploads\/2020\/04\/baby-2717347_1920.jpg\" \/>\n\t<meta property=\"og:image:width\" content=\"1920\" \/>\n\t<meta property=\"og:image:height\" content=\"1280\" \/>\n\t<meta property=\"og:image:type\" content=\"image\/jpeg\" \/>\n<meta name=\"twitter:card\" content=\"summary_large_image\" \/>\n<meta name=\"twitter:site\" content=\"@Wedadint\" \/>\n<meta name=\"twitter:label1\" content=\"Dur\u00e9e de lecture estim\u00e9e\" \/>\n\t<meta name=\"twitter:data1\" content=\"2 minutes\" \/>\n<script type=\"application\/ld+json\" class=\"yoast-schema-graph\">{\"@context\":\"https:\/\/schema.org\",\"@graph\":[{\"@type\":\"Organization\",\"@id\":\"https:\/\/www.wedadint.org\/#organization\",\"name\":\"Wedad International Foundation\",\"url\":\"https:\/\/www.wedadint.org\/\",\"sameAs\":[\"https:\/\/www.facebook.com\/wedadint\",\"https:\/\/www.instagram.com\/wedadint\",\"https:\/\/twitter.com\/Wedadint\"],\"logo\":{\"@type\":\"ImageObject\",\"@id\":\"https:\/\/www.wedadint.org\/#logo\",\"inLanguage\":\"fr-FR\",\"url\":\"https:\/\/www.wedadint.org\/wp-content\/uploads\/2020\/06\/Wedad-Logo-N300.png\",\"contentUrl\":\"https:\/\/www.wedadint.org\/wp-content\/uploads\/2020\/06\/Wedad-Logo-N300.png\",\"width\":300,\"height\":299,\"caption\":\"Wedad International Foundation\"},\"image\":{\"@id\":\"https:\/\/www.wedadint.org\/#logo\"}},{\"@type\":\"WebSite\",\"@id\":\"https:\/\/www.wedadint.org\/#website\",\"url\":\"https:\/\/www.wedadint.org\/\",\"name\":\"WIF | Fondation internationale Wedad | Espoir des nourrissons abandonn\u00e9s\",\"description\":\"Espoir des nourrissons abandonn\u00e9s\",\"publisher\":{\"@id\":\"https:\/\/www.wedadint.org\/#organization\"},\"potentialAction\":[{\"@type\":\"SearchAction\",\"target\":{\"@type\":\"EntryPoint\",\"urlTemplate\":\"https:\/\/www.wedadint.org\/?s={search_term_string}\"},\"query-input\":\"required name=search_term_string\"}],\"inLanguage\":\"fr-FR\"},{\"@type\":\"ImageObject\",\"@id\":\"https:\/\/www.wedadint.org\/fr\/foster\/#primaryimage\",\"inLanguage\":\"fr-FR\",\"url\":\"https:\/\/www.wedadint.org\/wp-content\/uploads\/2020\/04\/baby-2717347_1920.jpg\",\"contentUrl\":\"https:\/\/www.wedadint.org\/wp-content\/uploads\/2020\/04\/baby-2717347_1920.jpg\",\"width\":1920,\"height\":1280,\"caption\":\"Abandoned Infants Hope\"},{\"@type\":\"WebPage\",\"@id\":\"https:\/\/www.wedadint.org\/fr\/foster\/#webpage\",\"url\":\"https:\/\/www.wedadint.org\/fr\/foster\/\",\"name\":\"Favoriser la \u00abkafalah\u00bb | WIF | Fondation internationale Wedad | Espoir des nourrissons abandonn\u00e9s\",\"isPartOf\":{\"@id\":\"https:\/\/www.wedadint.org\/#website\"},\"primaryImageOfPage\":{\"@id\":\"https:\/\/www.wedadint.org\/fr\/foster\/#primaryimage\"},\"datePublished\":\"2020-04-08T11:55:18+00:00\",\"dateModified\":\"2021-05-05T12:09:16+00:00\",\"description\":\"We believe that it is our duty to protecting these children, and to work wholeheartedly to provide them with foster families.\",\"breadcrumb\":{\"@id\":\"https:\/\/www.wedadint.org\/fr\/foster\/#breadcrumb\"},\"inLanguage\":\"fr-FR\",\"potentialAction\":[{\"@type\":\"ReadAction\",\"target\":[\"https:\/\/www.wedadint.org\/fr\/foster\/\"]}]},{\"@type\":\"BreadcrumbList\",\"@id\":\"https:\/\/www.wedadint.org\/fr\/foster\/#breadcrumb\",\"itemListElement\":[{\"@type\":\"ListItem\",\"position\":1,\"name\":\"Home\",\"item\":\"https:\/\/www.wedadint.org\/\"},{\"@type\":\"ListItem\",\"position\":2,\"name\":\"Favoriser la \u00abkafalah\u00bb\"}]}]}<\/script>\n<!-- \/ Yoast SEO plugin. -->","yoast_head_json":{"title":"Favoriser la \u00abkafalah\u00bb | WIF | Fondation internationale Wedad | Espoir des nourrissons abandonn\u00e9s","robots":{"index":"index","follow":"follow","max-snippet":"max-snippet:-1","max-image-preview":"max-image-preview:large","max-video-preview":"max-video-preview:-1"},"canonical":"https:\/\/www.wedadint.org\/fr\/foster\/","og_locale":"fr_FR","og_type":"article","og_title":"Favoriser la \u00abkafalah\u00bb | WIF | Fondation internationale Wedad | Espoir des nourrissons abandonn\u00e9s","og_url":"https:\/\/www.wedadint.org\/fr\/foster\/","og_site_name":"WIF | Fondation internationale Wedad | Espoir des nourrissons abandonn\u00e9s","article_publisher":"https:\/\/www.facebook.com\/wedadint","article_modified_time":"2021-05-05T12:09:16+00:00","og_image":[{"width":1920,"height":1280,"url":"https:\/\/www.wedadint.org\/wp-content\/uploads\/2020\/04\/baby-2717347_1920.jpg","type":"image\/jpeg"}],"twitter_card":"summary_large_image","twitter_site":"@Wedadint","twitter_misc":{"Dur\u00e9e de lecture estim\u00e9e":"2 minutes"},"schema":{"@context":"https:\/\/schema.org","@graph":[{"@type":"Organization","@id":"https:\/\/www.wedadint.org\/#organization","name":"Wedad International Foundation","url":"https:\/\/www.wedadint.org\/","sameAs":["https:\/\/www.facebook.com\/wedadint","https:\/\/www.instagram.com\/wedadint","https:\/\/twitter.com\/Wedadint"],"logo":{"@type":"ImageObject","@id":"https:\/\/www.wedadint.org\/#logo","inLanguage":"fr-FR","url":"https:\/\/www.wedadint.org\/wp-content\/uploads\/2020\/06\/Wedad-Logo-N300.png","contentUrl":"https:\/\/www.wedadint.org\/wp-content\/uploads\/2020\/06\/Wedad-Logo-N300.png","width":300,"height":299,"caption":"Wedad International Foundation"},"image":{"@id":"https:\/\/www.wedadint.org\/#logo"}},{"@type":"WebSite","@id":"https:\/\/www.wedadint.org\/#website","url":"https:\/\/www.wedadint.org\/","name":"WIF | Fondation internationale Wedad | Espoir des nourrissons abandonn\u00e9s","description":"Espoir des nourrissons abandonn\u00e9s","publisher":{"@id":"https:\/\/www.wedadint.org\/#organization"},"potentialAction":[{"@type":"SearchAction","target":{"@type":"EntryPoint","urlTemplate":"https:\/\/www.wedadint.org\/?s={search_term_string}"},"query-input":"required name=search_term_string"}],"inLanguage":"fr-FR"},{"@type":"ImageObject","@id":"https:\/\/www.wedadint.org\/fr\/foster\/#primaryimage","inLanguage":"fr-FR","url":"https:\/\/www.wedadint.org\/wp-content\/uploads\/2020\/04\/baby-2717347_1920.jpg","contentUrl":"https:\/\/www.wedadint.org\/wp-content\/uploads\/2020\/04\/baby-2717347_1920.jpg","width":1920,"height":1280,"caption":"Abandoned Infants Hope"},{"@type":"WebPage","@id":"https:\/\/www.wedadint.org\/fr\/foster\/#webpage","url":"https:\/\/www.wedadint.org\/fr\/foster\/","name":"Favoriser la \u00abkafalah\u00bb | WIF | Fondation internationale Wedad | Espoir des nourrissons abandonn\u00e9s","isPartOf":{"@id":"https:\/\/www.wedadint.org\/#website"},"primaryImageOfPage":{"@id":"https:\/\/www.wedadint.org\/fr\/foster\/#primaryimage"},"datePublished":"2020-04-08T11:55:18+00:00","dateModified":"2021-05-05T12:09:16+00:00","description":"We believe that it is our duty to protecting these children, and to work wholeheartedly to provide them with foster families.","breadcrumb":{"@id":"https:\/\/www.wedadint.org\/fr\/foster\/#breadcrumb"},"inLanguage":"fr-FR","potentialAction":[{"@type":"ReadAction","target":["https:\/\/www.wedadint.org\/fr\/foster\/"]}]},{"@type":"BreadcrumbList","@id":"https:\/\/www.wedadint.org\/fr\/foster\/#breadcrumb","itemListElement":[{"@type":"ListItem","position":1,"name":"Home","item":"https:\/\/www.wedadint.org\/"},{"@type":"ListItem","position":2,"name":"Favoriser la \u00abkafalah\u00bb"}]}]}},"uagb_featured_image_src":{"full":["https:\/\/www.wedadint.org\/wp-content\/uploads\/2020\/04\/baby-2717347_1920.jpg",1920,1280,false],"thumbnail":["https:\/\/www.wedadint.org\/wp-content\/uploads\/2020\/04\/baby-2717347_1920-150x150.jpg",150,150,true],"medium":["https:\/\/www.wedadint.org\/wp-content\/uploads\/2020\/04\/baby-2717347_1920-300x200.jpg",300,200,true],"medium_large":["https:\/\/www.wedadint.org\/wp-content\/uploads\/2020\/04\/baby-2717347_1920-768x512.jpg",750,500,true],"large":["https:\/\/www.wedadint.org\/wp-content\/uploads\/2020\/04\/baby-2717347_1920-1024x683.jpg",750,500,true],"thumblist":["https:\/\/www.wedadint.org\/wp-content\/uploads\/2020\/04\/baby-2717347_1920.jpg",300,200,false],"meccarouselthumb":["https:\/\/www.wedadint.org\/wp-content\/uploads\/2020\/04\/baby-2717347_1920.jpg",474,316,false],"gridsquare":["https:\/\/www.wedadint.org\/wp-content\/uploads\/2020\/04\/baby-2717347_1920.jpg",391,260,false],"tileview":["https:\/\/www.wedadint.org\/wp-content\/uploads\/2020\/04\/baby-2717347_1920.jpg",300,200,false],"1536x1536":["https:\/\/www.wedadint.org\/wp-content\/uploads\/2020\/04\/baby-2717347_1920-1536x1024.jpg",1536,1024,true],"2048x2048":["https:\/\/www.wedadint.org\/wp-content\/uploads\/2020\/04\/baby-2717347_1920.jpg",1920,1280,false],"hestia-blog":["https:\/\/www.wedadint.org\/wp-content\/uploads\/2020\/04\/baby-2717347_1920-360x240.jpg",360,240,true]},"uagb_author_info":{"display_name":"wedad","author_link":"https:\/\/www.wedadint.org\/fr\/author\/wedad\/"},"uagb_comment_info":0,"uagb_excerpt":"Nous pensons qu&rsquo;il est de notre devoir de contribuer, par tout, \u00e0 la protection de ces enfants et d\u2019\u0153uvrer, sans r\u00e9serve, pour leur offrir des familles d&rsquo;accueil. Cet effort est notre priorit\u00e9 absolue, qui est d\u2019un grand int\u00e9r\u00eat pour toutes et tous, quelles que soient les cultures et les convictions [&hellip;]","_links":{"self":[{"href":"https:\/\/www.wedadint.org\/fr\/wp-json\/wp\/v2\/pages\/16893"}],"collection":[{"href":"https:\/\/www.wedadint.org\/fr\/wp-json\/wp\/v2\/pages"}],"about":[{"href":"https:\/\/www.wedadint.org\/fr\/wp-json\/wp\/v2\/types\/page"}],"author":[{"embeddable":true,"href":"https:\/\/www.wedadint.org\/fr\/wp-json\/wp\/v2\/users\/1"}],"replies":[{"embeddable":true,"href":"https:\/\/www.wedadint.org\/fr\/wp-json\/wp\/v2\/comments?post=16893"}],"version-history":[{"count":122,"href":"https:\/\/www.wedadint.org\/fr\/wp-json\/wp\/v2\/pages\/16893\/revisions"}],"predecessor-version":[{"id":20786,"href":"https:\/\/www.wedadint.org\/fr\/wp-json\/wp\/v2\/pages\/16893\/revisions\/20786"}],"wp:featuredmedia":[{"embeddable":true,"href":"https:\/\/www.wedadint.org\/fr\/wp-json\/wp\/v2\/media\/17996"}],"wp:attachment":[{"href":"https:\/\/www.wedadint.org\/fr\/wp-json\/wp\/v2\/media?parent=16893"}],"curies":[{"name":"wp","href":"https:\/\/api.w.org\/{rel}","templated":true}]}}