{"id":16982,"date":"2020-04-09T12:24:45","date_gmt":"2020-04-09T12:24:45","guid":{"rendered":"http:\/\/www.wedadi.org\/?page_id=16982"},"modified":"2020-07-03T07:32:07","modified_gmt":"2020-07-03T07:32:07","slug":"transparency","status":"publish","type":"page","link":"https:\/\/www.wedadint.org\/fr\/transparency\/","title":{"rendered":"Transparence"},"content":{"rendered":"\n<div class=\"wp-block-themeisle-blocks-advanced-columns has-1-columns has-desktop-equal-layout has-tablet-equal-layout has-mobile-equal-layout has-default-gap has-vertical-unset\" id=\"wp-block-themeisle-blocks-advanced-columns-ef57a5f2\"><div class=\"wp-block-themeisle-blocks-advanced-columns-overlay\"><\/div><div class=\"innerblocks-wrap\">\n<div class=\"wp-block-themeisle-blocks-advanced-column\" id=\"wp-block-themeisle-blocks-advanced-column-1dbdf2b3\">\n<p>Wedad Int. est d\u00e9di\u00e9e \u00e0 la r\u00e9solution des probl\u00e8mes des enfants abandonn\u00e9s&nbsp;; nous travaillons tout le temps \u00e0 c\u0153ur et esprit charg\u00e9s.<\/p>\n\n\n\n<p>La transparence veut dire pour nous travailler honn\u00eatement conform\u00e9ment \u00e0 la loi , pour tous ce qui touche \u00e0 nos communications, publications, transactions, op\u00e9rations et acc\u00e8s facile et disponibilit\u00e9 des donn\u00e9es. Il est vital pour nous de gagner et de conserver la confiance de nos partenaires et du public.<\/p>\n\n\n\n<p>Nous cherchons aussi \u00e0 satisfaire toutes nos parties prenantes. Nous somme toujours volontaires \u00e0 expliquer nos actions et \u00e0 apporter les d\u00e9tails de tout ce que nous faisons.<\/p>\n\n\n\n<p>Pour gagner votre confiance, nous nous effor\u00e7ons de r\u00e9ussir nos actions et d\u2019agir avec int\u00e9grit\u00e9, tout en tirant les le\u00e7ons de nos \u00e9ventuels erreurs. Nous sommes toujours pr\u00eats \u00e0 expliquer, de clarifier et de justifier les actions et les d\u00e9cisions prises.<\/p>\n\n\n\n<p class=\"has-text-color has-text-align-center has-header-gradient-color\">Notre conseil d&rsquo;administration pilote, dans cet esprit de transparence et d\u2019agilit\u00e9, les activit\u00e9s de la fondation d\u2019une fa\u00e7on responsable et efficace<\/p>\n<\/div>\n<\/div><\/div>\n","protected":false},"excerpt":{"rendered":"","protected":false},"author":1,"featured_media":18220,"parent":0,"menu_order":0,"comment_status":"closed","ping_status":"closed","template":"","meta":{"_coblocks_attr":"","_coblocks_dimensions":"","_coblocks_responsive_height":"","_coblocks_accordion_ie_support":"","_themeisle_gutenberg_block_has_review":false},"translation":{"provider":"WPGlobus","version":"2.8.11","language":"fr","enabled_languages":["en","ar","fr"],"languages":{"en":{"title":true,"content":true,"excerpt":false},"ar":{"title":true,"content":true,"excerpt":false},"fr":{"title":true,"content":true,"excerpt":false}}},"yoast_head":"<!-- This site is optimized with the Yoast SEO plugin v18.2 - https:\/\/yoast.com\/wordpress\/plugins\/seo\/ -->\n<title>Transparence | WIF | Fondation internationale Wedad | Espoir des nourrissons abandonn\u00e9s<\/title>\n<meta name=\"robots\" content=\"index, follow, max-snippet:-1, max-image-preview:large, max-video-preview:-1\" \/>\n<link rel=\"canonical\" href=\"https:\/\/www.wedadint.org\/transparency\/\" \/>\n<meta property=\"og:locale\" content=\"fr_FR\" \/>\n<meta property=\"og:type\" content=\"article\" \/>\n<meta property=\"og:title\" content=\"Transparence | WIF | Fondation internationale Wedad | Espoir des nourrissons abandonn\u00e9s\" \/>\n<meta property=\"og:url\" content=\"https:\/\/www.wedadint.org\/transparency\/\" \/>\n<meta property=\"og:site_name\" content=\"WIF | Fondation internationale Wedad | Espoir des nourrissons abandonn\u00e9s\" \/>\n<meta property=\"article:publisher\" content=\"https:\/\/www.facebook.com\/wedadint\" \/>\n<meta property=\"article:modified_time\" content=\"2020-07-03T07:32:07+00:00\" \/>\n<meta property=\"og:image\" content=\"https:\/\/www.wedadint.org\/wp-content\/uploads\/2020\/04\/transparency-charity.jpg\" \/>\n\t<meta property=\"og:image:width\" content=\"1260\" \/>\n\t<meta property=\"og:image:height\" content=\"401\" \/>\n\t<meta property=\"og:image:type\" content=\"image\/jpeg\" \/>\n<meta name=\"twitter:card\" content=\"summary_large_image\" \/>\n<meta name=\"twitter:site\" content=\"@Wedadint\" \/>\n<meta name=\"twitter:label1\" content=\"Dur\u00e9e de lecture estim\u00e9e\" \/>\n\t<meta name=\"twitter:data1\" content=\"2 minutes\" \/>\n<script type=\"application\/ld+json\" class=\"yoast-schema-graph\">{\"@context\":\"https:\/\/schema.org\",\"@graph\":[{\"@type\":\"Organization\",\"@id\":\"https:\/\/www.wedadint.org\/#organization\",\"name\":\"Wedad International Foundation\",\"url\":\"https:\/\/www.wedadint.org\/\",\"sameAs\":[\"https:\/\/www.facebook.com\/wedadint\",\"https:\/\/www.instagram.com\/wedadint\",\"https:\/\/twitter.com\/Wedadint\"],\"logo\":{\"@type\":\"ImageObject\",\"@id\":\"https:\/\/www.wedadint.org\/#logo\",\"inLanguage\":\"fr-FR\",\"url\":\"https:\/\/www.wedadint.org\/wp-content\/uploads\/2020\/06\/Wedad-Logo-N300.png\",\"contentUrl\":\"https:\/\/www.wedadint.org\/wp-content\/uploads\/2020\/06\/Wedad-Logo-N300.png\",\"width\":300,\"height\":299,\"caption\":\"Wedad International Foundation\"},\"image\":{\"@id\":\"https:\/\/www.wedadint.org\/#logo\"}},{\"@type\":\"WebSite\",\"@id\":\"https:\/\/www.wedadint.org\/#website\",\"url\":\"https:\/\/www.wedadint.org\/\",\"name\":\"WIF | Fondation internationale Wedad | Espoir des nourrissons abandonn\u00e9s\",\"description\":\"Espoir des nourrissons abandonn\u00e9s\",\"publisher\":{\"@id\":\"https:\/\/www.wedadint.org\/#organization\"},\"potentialAction\":[{\"@type\":\"SearchAction\",\"target\":{\"@type\":\"EntryPoint\",\"urlTemplate\":\"https:\/\/www.wedadint.org\/?s={search_term_string}\"},\"query-input\":\"required name=search_term_string\"}],\"inLanguage\":\"fr-FR\"},{\"@type\":\"ImageObject\",\"@id\":\"https:\/\/www.wedadint.org\/transparency\/#primaryimage\",\"inLanguage\":\"fr-FR\",\"url\":\"https:\/\/www.wedadint.org\/wp-content\/uploads\/2020\/04\/transparency-charity.jpg\",\"contentUrl\":\"https:\/\/www.wedadint.org\/wp-content\/uploads\/2020\/04\/transparency-charity.jpg\",\"width\":1260,\"height\":401},{\"@type\":\"WebPage\",\"@id\":\"https:\/\/www.wedadint.org\/transparency\/#webpage\",\"url\":\"https:\/\/www.wedadint.org\/transparency\/\",\"name\":\"Transparence | WIF | Fondation internationale Wedad | Espoir des nourrissons abandonn\u00e9s\",\"isPartOf\":{\"@id\":\"https:\/\/www.wedadint.org\/#website\"},\"primaryImageOfPage\":{\"@id\":\"https:\/\/www.wedadint.org\/transparency\/#primaryimage\"},\"datePublished\":\"2020-04-09T12:24:45+00:00\",\"dateModified\":\"2020-07-03T07:32:07+00:00\",\"breadcrumb\":{\"@id\":\"https:\/\/www.wedadint.org\/transparency\/#breadcrumb\"},\"inLanguage\":\"fr-FR\",\"potentialAction\":[{\"@type\":\"ReadAction\",\"target\":[\"https:\/\/www.wedadint.org\/transparency\/\"]}]},{\"@type\":\"BreadcrumbList\",\"@id\":\"https:\/\/www.wedadint.org\/transparency\/#breadcrumb\",\"itemListElement\":[{\"@type\":\"ListItem\",\"position\":1,\"name\":\"Home\",\"item\":\"https:\/\/www.wedadint.org\/\"},{\"@type\":\"ListItem\",\"position\":2,\"name\":\"Transparency\"}]}]}<\/script>\n<!-- \/ Yoast SEO plugin. -->","yoast_head_json":{"title":"Transparence | WIF | Fondation internationale Wedad | Espoir des nourrissons abandonn\u00e9s","robots":{"index":"index","follow":"follow","max-snippet":"max-snippet:-1","max-image-preview":"max-image-preview:large","max-video-preview":"max-video-preview:-1"},"canonical":"https:\/\/www.wedadint.org\/transparency\/","og_locale":"fr_FR","og_type":"article","og_title":"Transparence | WIF | Fondation internationale Wedad | Espoir des nourrissons abandonn\u00e9s","og_url":"https:\/\/www.wedadint.org\/transparency\/","og_site_name":"WIF | Fondation internationale Wedad | Espoir des nourrissons abandonn\u00e9s","article_publisher":"https:\/\/www.facebook.com\/wedadint","article_modified_time":"2020-07-03T07:32:07+00:00","og_image":[{"width":1260,"height":401,"url":"https:\/\/www.wedadint.org\/wp-content\/uploads\/2020\/04\/transparency-charity.jpg","type":"image\/jpeg"}],"twitter_card":"summary_large_image","twitter_site":"@Wedadint","twitter_misc":{"Dur\u00e9e de lecture estim\u00e9e":"2 minutes"},"schema":{"@context":"https:\/\/schema.org","@graph":[{"@type":"Organization","@id":"https:\/\/www.wedadint.org\/#organization","name":"Wedad International Foundation","url":"https:\/\/www.wedadint.org\/","sameAs":["https:\/\/www.facebook.com\/wedadint","https:\/\/www.instagram.com\/wedadint","https:\/\/twitter.com\/Wedadint"],"logo":{"@type":"ImageObject","@id":"https:\/\/www.wedadint.org\/#logo","inLanguage":"fr-FR","url":"https:\/\/www.wedadint.org\/wp-content\/uploads\/2020\/06\/Wedad-Logo-N300.png","contentUrl":"https:\/\/www.wedadint.org\/wp-content\/uploads\/2020\/06\/Wedad-Logo-N300.png","width":300,"height":299,"caption":"Wedad International Foundation"},"image":{"@id":"https:\/\/www.wedadint.org\/#logo"}},{"@type":"WebSite","@id":"https:\/\/www.wedadint.org\/#website","url":"https:\/\/www.wedadint.org\/","name":"WIF | Fondation internationale Wedad | Espoir des nourrissons abandonn\u00e9s","description":"Espoir des nourrissons abandonn\u00e9s","publisher":{"@id":"https:\/\/www.wedadint.org\/#organization"},"potentialAction":[{"@type":"SearchAction","target":{"@type":"EntryPoint","urlTemplate":"https:\/\/www.wedadint.org\/?s={search_term_string}"},"query-input":"required name=search_term_string"}],"inLanguage":"fr-FR"},{"@type":"ImageObject","@id":"https:\/\/www.wedadint.org\/transparency\/#primaryimage","inLanguage":"fr-FR","url":"https:\/\/www.wedadint.org\/wp-content\/uploads\/2020\/04\/transparency-charity.jpg","contentUrl":"https:\/\/www.wedadint.org\/wp-content\/uploads\/2020\/04\/transparency-charity.jpg","width":1260,"height":401},{"@type":"WebPage","@id":"https:\/\/www.wedadint.org\/transparency\/#webpage","url":"https:\/\/www.wedadint.org\/transparency\/","name":"Transparence | WIF | Fondation internationale Wedad | Espoir des nourrissons abandonn\u00e9s","isPartOf":{"@id":"https:\/\/www.wedadint.org\/#website"},"primaryImageOfPage":{"@id":"https:\/\/www.wedadint.org\/transparency\/#primaryimage"},"datePublished":"2020-04-09T12:24:45+00:00","dateModified":"2020-07-03T07:32:07+00:00","breadcrumb":{"@id":"https:\/\/www.wedadint.org\/transparency\/#breadcrumb"},"inLanguage":"fr-FR","potentialAction":[{"@type":"ReadAction","target":["https:\/\/www.wedadint.org\/transparency\/"]}]},{"@type":"BreadcrumbList","@id":"https:\/\/www.wedadint.org\/transparency\/#breadcrumb","itemListElement":[{"@type":"ListItem","position":1,"name":"Home","item":"https:\/\/www.wedadint.org\/"},{"@type":"ListItem","position":2,"name":"Transparency"}]}]}},"uagb_featured_image_src":{"full":["https:\/\/www.wedadint.org\/wp-content\/uploads\/2020\/04\/transparency-charity.jpg",1260,401,false],"thumbnail":["https:\/\/www.wedadint.org\/wp-content\/uploads\/2020\/04\/transparency-charity-150x150.jpg",150,150,true],"medium":["https:\/\/www.wedadint.org\/wp-content\/uploads\/2020\/04\/transparency-charity-300x95.jpg",300,95,true],"medium_large":["https:\/\/www.wedadint.org\/wp-content\/uploads\/2020\/04\/transparency-charity-768x244.jpg",750,238,true],"large":["https:\/\/www.wedadint.org\/wp-content\/uploads\/2020\/04\/transparency-charity-1024x326.jpg",750,239,true],"thumblist":["https:\/\/www.wedadint.org\/wp-content\/uploads\/2020\/04\/transparency-charity-300x300.jpg",300,300,true],"meccarouselthumb":["https:\/\/www.wedadint.org\/wp-content\/uploads\/2020\/04\/transparency-charity-474x324.jpg",474,324,true],"gridsquare":["https:\/\/www.wedadint.org\/wp-content\/uploads\/2020\/04\/transparency-charity-391x260.jpg",391,260,true],"tileview":["https:\/\/www.wedadint.org\/wp-content\/uploads\/2020\/04\/transparency-charity-300x400.jpg",300,400,true],"1536x1536":["https:\/\/www.wedadint.org\/wp-content\/uploads\/2020\/04\/transparency-charity.jpg",1260,401,false],"2048x2048":["https:\/\/www.wedadint.org\/wp-content\/uploads\/2020\/04\/transparency-charity.jpg",1260,401,false],"hestia-blog":["https:\/\/www.wedadint.org\/wp-content\/uploads\/2020\/04\/transparency-charity-360x240.jpg",360,240,true]},"uagb_author_info":{"display_name":"wedad","author_link":"https:\/\/www.wedadint.org\/fr\/author\/wedad\/"},"uagb_comment_info":0,"uagb_excerpt":null,"_links":{"self":[{"href":"https:\/\/www.wedadint.org\/fr\/wp-json\/wp\/v2\/pages\/16982"}],"collection":[{"href":"https:\/\/www.wedadint.org\/fr\/wp-json\/wp\/v2\/pages"}],"about":[{"href":"https:\/\/www.wedadint.org\/fr\/wp-json\/wp\/v2\/types\/page"}],"author":[{"embeddable":true,"href":"https:\/\/www.wedadint.org\/fr\/wp-json\/wp\/v2\/users\/1"}],"replies":[{"embeddable":true,"href":"https:\/\/www.wedadint.org\/fr\/wp-json\/wp\/v2\/comments?post=16982"}],"version-history":[{"count":41,"href":"https:\/\/www.wedadint.org\/fr\/wp-json\/wp\/v2\/pages\/16982\/revisions"}],"predecessor-version":[{"id":19992,"href":"https:\/\/www.wedadint.org\/fr\/wp-json\/wp\/v2\/pages\/16982\/revisions\/19992"}],"wp:featuredmedia":[{"embeddable":true,"href":"https:\/\/www.wedadint.org\/fr\/wp-json\/wp\/v2\/media\/18220"}],"wp:attachment":[{"href":"https:\/\/www.wedadint.org\/fr\/wp-json\/wp\/v2\/media?parent=16982"}],"curies":[{"name":"wp","href":"https:\/\/api.w.org\/{rel}","templated":true}]}}