{"id":16993,"date":"2020-04-09T13:16:08","date_gmt":"2020-04-09T13:16:08","guid":{"rendered":"http:\/\/www.wedadi.org\/?page_id=16993"},"modified":"2021-01-25T08:36:01","modified_gmt":"2021-01-25T08:36:01","slug":"learning-researching","status":"publish","type":"page","link":"https:\/\/www.wedadint.org\/fr\/learning-researching\/","title":{"rendered":"Apprentissage et recherche"},"content":{"rendered":"\n<div class=\"wp-block-themeisle-blocks-advanced-columns has-1-columns has-desktop-equal-layout has-tablet-equal-layout has-mobile-equal-layout has-default-gap has-vertical-unset\" id=\"wp-block-themeisle-blocks-advanced-columns-be6f5c3c\"><div class=\"wp-block-themeisle-blocks-advanced-columns-overlay\"><\/div><div class=\"innerblocks-wrap\">\n<div class=\"wp-block-themeisle-blocks-advanced-column\" id=\"wp-block-themeisle-blocks-advanced-column-8358be92\">\n<p class=\"has-text-color has-header-gradient-color\">Wedad Int. \u0153uvre pour la cr\u00e9ation d&rsquo;un centre de recherche sp\u00e9cialis\u00e9 dans les questions en lien avec les nourrissons abandonn\u00e9s. Nous travaillons \u00e9galement par le biais de partenariats scientifiques avec les meilleurs chercheurs des universit\u00e9s et des centres de recherche connus dans le monde entier.<\/p>\n\n\n\n<p class=\"has-text-color has-header-gradient-color\">Nous avons con\u00e7u des programmes d&rsquo;\u00e9ducation et de formation hautement qualifi\u00e9s pour les enfants, les familles accueillantes des orphelins \u00abkafala\u00bb, les partenaires, les b\u00e9n\u00e9voles et les employ\u00e9s qui travaillent dans les foyers. Nos programmes tiennent compte de l&rsquo;int\u00e9gration des enfants dans la soci\u00e9t\u00e9 et dans la famille qui s&rsquo;occupe d&rsquo;un nouvel orphelin, du programme d\u2019allaitement et de suivi, des proc\u00e9dures de tem-home, de la sant\u00e9 et des soins des enfants et bien d&rsquo;autres questions utiles encore .<\/p>\n<\/div>\n<\/div><\/div>\n","protected":false},"excerpt":{"rendered":"","protected":false},"author":1,"featured_media":20608,"parent":0,"menu_order":0,"comment_status":"closed","ping_status":"closed","template":"","meta":{"_coblocks_attr":"Open Sans,Roboto,Open Sans","_coblocks_dimensions":"","_coblocks_responsive_height":"","_coblocks_accordion_ie_support":"","_themeisle_gutenberg_block_has_review":false},"translation":{"provider":"WPGlobus","version":"2.8.11","language":"fr","enabled_languages":["en","ar","fr"],"languages":{"en":{"title":true,"content":true,"excerpt":false},"ar":{"title":true,"content":true,"excerpt":false},"fr":{"title":true,"content":true,"excerpt":false}}},"yoast_head":"<!-- This site is optimized with the Yoast SEO plugin v18.2 - https:\/\/yoast.com\/wordpress\/plugins\/seo\/ -->\n<title>Apprentissage et recherche | WIF | Fondation internationale Wedad | Espoir des nourrissons abandonn\u00e9s<\/title>\n<meta name=\"robots\" content=\"index, follow, max-snippet:-1, max-image-preview:large, max-video-preview:-1\" \/>\n<link rel=\"canonical\" href=\"https:\/\/www.wedadint.org\/learning-researching\/\" \/>\n<meta property=\"og:locale\" content=\"fr_FR\" \/>\n<meta property=\"og:type\" content=\"article\" \/>\n<meta property=\"og:title\" content=\"Apprentissage et recherche | WIF | Fondation internationale Wedad | Espoir des nourrissons abandonn\u00e9s\" \/>\n<meta property=\"og:url\" content=\"https:\/\/www.wedadint.org\/learning-researching\/\" \/>\n<meta property=\"og:site_name\" content=\"WIF | Fondation internationale Wedad | Espoir des nourrissons abandonn\u00e9s\" \/>\n<meta property=\"article:publisher\" content=\"https:\/\/www.facebook.com\/wedadint\" \/>\n<meta property=\"article:modified_time\" content=\"2021-01-25T08:36:01+00:00\" \/>\n<meta property=\"og:image\" content=\"https:\/\/www.wedadint.org\/wp-content\/uploads\/2021\/01\/learning.jpg\" \/>\n\t<meta property=\"og:image:width\" content=\"1430\" \/>\n\t<meta property=\"og:image:height\" content=\"953\" \/>\n\t<meta property=\"og:image:type\" content=\"image\/jpeg\" \/>\n<meta name=\"twitter:card\" content=\"summary_large_image\" \/>\n<meta name=\"twitter:site\" content=\"@Wedadint\" \/>\n<meta name=\"twitter:label1\" content=\"Dur\u00e9e de lecture estim\u00e9e\" \/>\n\t<meta name=\"twitter:data1\" content=\"2 minutes\" \/>\n<script type=\"application\/ld+json\" class=\"yoast-schema-graph\">{\"@context\":\"https:\/\/schema.org\",\"@graph\":[{\"@type\":\"Organization\",\"@id\":\"https:\/\/www.wedadint.org\/#organization\",\"name\":\"Wedad International Foundation\",\"url\":\"https:\/\/www.wedadint.org\/\",\"sameAs\":[\"https:\/\/www.facebook.com\/wedadint\",\"https:\/\/www.instagram.com\/wedadint\",\"https:\/\/twitter.com\/Wedadint\"],\"logo\":{\"@type\":\"ImageObject\",\"@id\":\"https:\/\/www.wedadint.org\/#logo\",\"inLanguage\":\"fr-FR\",\"url\":\"https:\/\/www.wedadint.org\/wp-content\/uploads\/2020\/06\/Wedad-Logo-N300.png\",\"contentUrl\":\"https:\/\/www.wedadint.org\/wp-content\/uploads\/2020\/06\/Wedad-Logo-N300.png\",\"width\":300,\"height\":299,\"caption\":\"Wedad International Foundation\"},\"image\":{\"@id\":\"https:\/\/www.wedadint.org\/#logo\"}},{\"@type\":\"WebSite\",\"@id\":\"https:\/\/www.wedadint.org\/#website\",\"url\":\"https:\/\/www.wedadint.org\/\",\"name\":\"WIF | Fondation internationale Wedad | Espoir des nourrissons abandonn\u00e9s\",\"description\":\"Espoir des nourrissons abandonn\u00e9s\",\"publisher\":{\"@id\":\"https:\/\/www.wedadint.org\/#organization\"},\"potentialAction\":[{\"@type\":\"SearchAction\",\"target\":{\"@type\":\"EntryPoint\",\"urlTemplate\":\"https:\/\/www.wedadint.org\/?s={search_term_string}\"},\"query-input\":\"required name=search_term_string\"}],\"inLanguage\":\"fr-FR\"},{\"@type\":\"ImageObject\",\"@id\":\"https:\/\/www.wedadint.org\/learning-researching\/#primaryimage\",\"inLanguage\":\"fr-FR\",\"url\":\"https:\/\/www.wedadint.org\/wp-content\/uploads\/2021\/01\/learning.jpg\",\"contentUrl\":\"https:\/\/www.wedadint.org\/wp-content\/uploads\/2021\/01\/learning.jpg\",\"width\":1430,\"height\":953},{\"@type\":\"WebPage\",\"@id\":\"https:\/\/www.wedadint.org\/learning-researching\/#webpage\",\"url\":\"https:\/\/www.wedadint.org\/learning-researching\/\",\"name\":\"Apprentissage et recherche | WIF | Fondation internationale Wedad | Espoir des nourrissons abandonn\u00e9s\",\"isPartOf\":{\"@id\":\"https:\/\/www.wedadint.org\/#website\"},\"primaryImageOfPage\":{\"@id\":\"https:\/\/www.wedadint.org\/learning-researching\/#primaryimage\"},\"datePublished\":\"2020-04-09T13:16:08+00:00\",\"dateModified\":\"2021-01-25T08:36:01+00:00\",\"breadcrumb\":{\"@id\":\"https:\/\/www.wedadint.org\/learning-researching\/#breadcrumb\"},\"inLanguage\":\"fr-FR\",\"potentialAction\":[{\"@type\":\"ReadAction\",\"target\":[\"https:\/\/www.wedadint.org\/learning-researching\/\"]}]},{\"@type\":\"BreadcrumbList\",\"@id\":\"https:\/\/www.wedadint.org\/learning-researching\/#breadcrumb\",\"itemListElement\":[{\"@type\":\"ListItem\",\"position\":1,\"name\":\"Home\",\"item\":\"https:\/\/www.wedadint.org\/\"},{\"@type\":\"ListItem\",\"position\":2,\"name\":\"Learning &#038; Researching\"}]}]}<\/script>\n<!-- \/ Yoast SEO plugin. -->","yoast_head_json":{"title":"Apprentissage et recherche | WIF | Fondation internationale Wedad | Espoir des nourrissons abandonn\u00e9s","robots":{"index":"index","follow":"follow","max-snippet":"max-snippet:-1","max-image-preview":"max-image-preview:large","max-video-preview":"max-video-preview:-1"},"canonical":"https:\/\/www.wedadint.org\/learning-researching\/","og_locale":"fr_FR","og_type":"article","og_title":"Apprentissage et recherche | WIF | Fondation internationale Wedad | Espoir des nourrissons abandonn\u00e9s","og_url":"https:\/\/www.wedadint.org\/learning-researching\/","og_site_name":"WIF | Fondation internationale Wedad | Espoir des nourrissons abandonn\u00e9s","article_publisher":"https:\/\/www.facebook.com\/wedadint","article_modified_time":"2021-01-25T08:36:01+00:00","og_image":[{"width":1430,"height":953,"url":"https:\/\/www.wedadint.org\/wp-content\/uploads\/2021\/01\/learning.jpg","type":"image\/jpeg"}],"twitter_card":"summary_large_image","twitter_site":"@Wedadint","twitter_misc":{"Dur\u00e9e de lecture estim\u00e9e":"2 minutes"},"schema":{"@context":"https:\/\/schema.org","@graph":[{"@type":"Organization","@id":"https:\/\/www.wedadint.org\/#organization","name":"Wedad International Foundation","url":"https:\/\/www.wedadint.org\/","sameAs":["https:\/\/www.facebook.com\/wedadint","https:\/\/www.instagram.com\/wedadint","https:\/\/twitter.com\/Wedadint"],"logo":{"@type":"ImageObject","@id":"https:\/\/www.wedadint.org\/#logo","inLanguage":"fr-FR","url":"https:\/\/www.wedadint.org\/wp-content\/uploads\/2020\/06\/Wedad-Logo-N300.png","contentUrl":"https:\/\/www.wedadint.org\/wp-content\/uploads\/2020\/06\/Wedad-Logo-N300.png","width":300,"height":299,"caption":"Wedad International Foundation"},"image":{"@id":"https:\/\/www.wedadint.org\/#logo"}},{"@type":"WebSite","@id":"https:\/\/www.wedadint.org\/#website","url":"https:\/\/www.wedadint.org\/","name":"WIF | Fondation internationale Wedad | Espoir des nourrissons abandonn\u00e9s","description":"Espoir des nourrissons abandonn\u00e9s","publisher":{"@id":"https:\/\/www.wedadint.org\/#organization"},"potentialAction":[{"@type":"SearchAction","target":{"@type":"EntryPoint","urlTemplate":"https:\/\/www.wedadint.org\/?s={search_term_string}"},"query-input":"required name=search_term_string"}],"inLanguage":"fr-FR"},{"@type":"ImageObject","@id":"https:\/\/www.wedadint.org\/learning-researching\/#primaryimage","inLanguage":"fr-FR","url":"https:\/\/www.wedadint.org\/wp-content\/uploads\/2021\/01\/learning.jpg","contentUrl":"https:\/\/www.wedadint.org\/wp-content\/uploads\/2021\/01\/learning.jpg","width":1430,"height":953},{"@type":"WebPage","@id":"https:\/\/www.wedadint.org\/learning-researching\/#webpage","url":"https:\/\/www.wedadint.org\/learning-researching\/","name":"Apprentissage et recherche | WIF | Fondation internationale Wedad | Espoir des nourrissons abandonn\u00e9s","isPartOf":{"@id":"https:\/\/www.wedadint.org\/#website"},"primaryImageOfPage":{"@id":"https:\/\/www.wedadint.org\/learning-researching\/#primaryimage"},"datePublished":"2020-04-09T13:16:08+00:00","dateModified":"2021-01-25T08:36:01+00:00","breadcrumb":{"@id":"https:\/\/www.wedadint.org\/learning-researching\/#breadcrumb"},"inLanguage":"fr-FR","potentialAction":[{"@type":"ReadAction","target":["https:\/\/www.wedadint.org\/learning-researching\/"]}]},{"@type":"BreadcrumbList","@id":"https:\/\/www.wedadint.org\/learning-researching\/#breadcrumb","itemListElement":[{"@type":"ListItem","position":1,"name":"Home","item":"https:\/\/www.wedadint.org\/"},{"@type":"ListItem","position":2,"name":"Learning &#038; Researching"}]}]}},"uagb_featured_image_src":{"full":["https:\/\/www.wedadint.org\/wp-content\/uploads\/2021\/01\/learning.jpg",1430,953,false],"thumbnail":["https:\/\/www.wedadint.org\/wp-content\/uploads\/2021\/01\/learning-150x150.jpg",150,150,true],"medium":["https:\/\/www.wedadint.org\/wp-content\/uploads\/2021\/01\/learning-300x200.jpg",300,200,true],"medium_large":["https:\/\/www.wedadint.org\/wp-content\/uploads\/2021\/01\/learning-768x512.jpg",750,500,true],"large":["https:\/\/www.wedadint.org\/wp-content\/uploads\/2021\/01\/learning-1024x682.jpg",750,500,true],"thumblist":["https:\/\/www.wedadint.org\/wp-content\/uploads\/2021\/01\/learning-300x300.jpg",300,300,true],"meccarouselthumb":["https:\/\/www.wedadint.org\/wp-content\/uploads\/2021\/01\/learning-474x324.jpg",474,324,true],"gridsquare":["https:\/\/www.wedadint.org\/wp-content\/uploads\/2021\/01\/learning-391x260.jpg",391,260,true],"tileview":["https:\/\/www.wedadint.org\/wp-content\/uploads\/2021\/01\/learning-300x400.jpg",300,400,true],"1536x1536":["https:\/\/www.wedadint.org\/wp-content\/uploads\/2021\/01\/learning.jpg",1430,953,false],"2048x2048":["https:\/\/www.wedadint.org\/wp-content\/uploads\/2021\/01\/learning.jpg",1430,953,false],"hestia-blog":["https:\/\/www.wedadint.org\/wp-content\/uploads\/2021\/01\/learning-360x240.jpg",360,240,true]},"uagb_author_info":{"display_name":"wedad","author_link":"https:\/\/www.wedadint.org\/fr\/author\/wedad\/"},"uagb_comment_info":0,"uagb_excerpt":null,"_links":{"self":[{"href":"https:\/\/www.wedadint.org\/fr\/wp-json\/wp\/v2\/pages\/16993"}],"collection":[{"href":"https:\/\/www.wedadint.org\/fr\/wp-json\/wp\/v2\/pages"}],"about":[{"href":"https:\/\/www.wedadint.org\/fr\/wp-json\/wp\/v2\/types\/page"}],"author":[{"embeddable":true,"href":"https:\/\/www.wedadint.org\/fr\/wp-json\/wp\/v2\/users\/1"}],"replies":[{"embeddable":true,"href":"https:\/\/www.wedadint.org\/fr\/wp-json\/wp\/v2\/comments?post=16993"}],"version-history":[{"count":33,"href":"https:\/\/www.wedadint.org\/fr\/wp-json\/wp\/v2\/pages\/16993\/revisions"}],"predecessor-version":[{"id":20609,"href":"https:\/\/www.wedadint.org\/fr\/wp-json\/wp\/v2\/pages\/16993\/revisions\/20609"}],"wp:featuredmedia":[{"embeddable":true,"href":"https:\/\/www.wedadint.org\/fr\/wp-json\/wp\/v2\/media\/20608"}],"wp:attachment":[{"href":"https:\/\/www.wedadint.org\/fr\/wp-json\/wp\/v2\/media?parent=16993"}],"curies":[{"name":"wp","href":"https:\/\/api.w.org\/{rel}","templated":true}]}}