{"id":17010,"date":"2020-04-13T12:33:28","date_gmt":"2020-04-13T12:33:28","guid":{"rendered":"http:\/\/www.wedadi.org\/?page_id=17010"},"modified":"2021-01-11T22:17:04","modified_gmt":"2021-01-11T22:17:04","slug":"what-we-do","status":"publish","type":"page","link":"https:\/\/www.wedadint.org\/fr\/what-we-do\/","title":{"rendered":"Ce que nous faisons"},"content":{"rendered":"\n<div class=\"wp-block-themeisle-blocks-advanced-columns alignfull has-1-columns has-desktop-equal-layout has-tablet-equal-layout has-mobile-equal-layout has-default-gap has-vertical-unset\" id=\"wp-block-themeisle-blocks-advanced-columns-2c55d78b\"><div class=\"wp-block-themeisle-blocks-advanced-columns-overlay\"><\/div><div class=\"innerblocks-wrap\">\n<div class=\"wp-block-themeisle-blocks-advanced-column\" id=\"wp-block-themeisle-blocks-advanced-column-09745db4\">\n<p class=\"has-header-gradient-color has-text-color\">Wedad, avec ses partenaires dans le monde, \u0153uvre pour r\u00e9soudre les probl\u00e8mes en lien avec l&rsquo;abandon des nourrissons de moins de 18 mois. Wedad prend soin de ces enfants gr\u00e2ce \u00e0 des foyers temporaires amicaux avec des m\u00e8re et des et tantes adoptives, en les pla\u00e7ant dans une famille de soins domestiques.<br>La fondation cherche \u00e0 sensibiliser la soci\u00e9t\u00e9 aux difficult\u00e9s entourant la vie des nourrissons abandonn\u00e9s , qui manquent de soins parentaux. Soutenir Wedad renforce et dynamise le r\u00e9seau des b\u00e9n\u00e9voles en faveur de ses enfants d\u00e9munis.<\/p>\n<\/div>\n<\/div><\/div>\n\n\n\n<p class=\"has-text-align-center\">Le nombre de ses enfants abandonn\u00e9s augmente chaque ann\u00e9e, en particulier dans les pays pauvres. Malheureusement, la pauvret\u00e9 va de pair avec la criminalit\u00e9 et les groupes mafieux qui se prennent \u00e0 ces enfants et les transforment en marchandise et pi\u00e8ces d\u00e9tach\u00e9es \u00e0 vendre dans des r\u00e9seaux de trafic d\u2019organes et d\u2019esclavage.<br>Au m\u00eame temps, des milliers de familles \u00e0 travers le monde vivent dans le mal de privation et de l\u2019incapacit\u00e9 d&rsquo;avoir des enfants.<\/p>\n\n\n\n<p class=\"has-text-align-center\"> <\/p>\n\n\n\n<p><\/p>\n\n\n\n<div class=\"wp-block-themeisle-blocks-advanced-columns alignfull has-2-columns has-desktop-equal-layout has-tablet-equal-layout has-mobile-collapsedRows-layout has-nogap-gap has-vertical-unset\" id=\"wp-block-themeisle-blocks-advanced-columns-b69ae25a\"><div class=\"wp-block-themeisle-blocks-advanced-columns-overlay\"><\/div><div class=\"innerblocks-wrap\">\n<div class=\"wp-block-themeisle-blocks-advanced-column\" id=\"wp-block-themeisle-blocks-advanced-column-5eeeea8b\">\n<h2 class=\"has-white-color has-text-color\">Allaitement maternel<\/h2>\n\n\n\n<p class=\"has-white-color has-text-color\">Wedad et ses partenaires offrent une option unique permettant aux familles d&rsquo;accueil de b\u00e9n\u00e9ficier de la m\u00e9thodologie d&rsquo;allaitement maternel, conform\u00e9ment aux politiques des Nations Unies et aux recommandations de l&rsquo;OMS sur l&rsquo;allaitement des nourrissons (55\/15, paragr. 10).<br>Les \u00e9motions et les d\u00e9tails des sentiments qui traversent l&rsquo;enfant pendant son enfance auront un impact d\u00e9cisif sur sa vie, raison pour laquelle nous encourageons \u00e0 prendre cette option d&rsquo;allaitement au s\u00e9rieux.<\/p>\n\n\n\n<p class=\"has-white-color has-text-color\"><strong>Pour le nourrisson:<\/strong><\/p>\n\n\n\n<ul style=\"color:#ffffff\"><li>Fourniture d\u2019une nutrition saine.<\/li><li>Favorisation des liens avec la m\u00e8re et la famille.<\/li><li>Protection contre le lymphome.<\/li><li>Contribution au d\u00e9veloppement sensoriel et cognitif de l\u2019enfant et \u00e0 sa protection contre les maladies infectieuses ou chroniques.<\/li><li>R\u00e9duction du risque d&rsquo;ob\u00e9sit\u00e9, de maladie cardiaque et de d\u00e9c\u00e8s.<\/li><li>Favorisation de l&rsquo;allaitement qui prot\u00e8ge le nourrisson contre l&rsquo;apparition d&rsquo;infections gastriques et intestinales<\/li><\/ul>\n<\/div>\n\n\n\n<div class=\"wp-block-themeisle-blocks-advanced-column\" id=\"wp-block-themeisle-blocks-advanced-column-d0c94b49\">\n<figure class=\"wp-block-image size-large\"><img loading=\"lazy\" width=\"600\" height=\"480\" src=\"https:\/\/www.wedadint.org\/wp-content\/uploads\/2020\/04\/baby-breastfeeding-1.jpg\" alt=\"\" class=\"wp-image-18009\" srcset=\"https:\/\/www.wedadint.org\/wp-content\/uploads\/2020\/04\/baby-breastfeeding-1.jpg 600w, https:\/\/www.wedadint.org\/wp-content\/uploads\/2020\/04\/baby-breastfeeding-1-300x240.jpg 300w\" sizes=\"(max-width: 600px) 100vw, 600px\" \/><\/figure>\n\n\n\n<p class=\"has-white-color has-text-color\"><strong>Pour la m\u00e8re:<\/strong><\/p>\n\n\n\n<ul style=\"color:#ffffff\"><li>L&rsquo;allaitement prot\u00e8ge la m\u00e8re du cancer du sein<\/li><li>Il d\u00e9munie le risque de polyarthrite rhumato\u00efde et de lupus<\/li><li>Moins d&rsquo;infections des voies urinaires<\/li><li>Moins de risque d&rsquo;anomie<\/li><li>Le lien physique \/ \u00e9motionnel entre la m\u00e8re et l&rsquo;enfant est accru<\/li><\/ul>\n\n\n\n<p class=\"has-white-color has-text-color\"><strong>B\u00e9n\u00e9fices \u00e9conomiques<\/strong><\/p>\n\n\n\n<ul style=\"color:#ffffff\"><li>l&rsquo;allaitement co\u00fbte moins cher que l&rsquo;alimentation artificielle<\/li><li>l&rsquo;allaitement se traduit par une baisse des co\u00fbts des soins m\u00e9dicaux<\/li><\/ul>\n\n\n\n<p><a href=\"https:\/\/www.unicef.org\/publications\/files\/UNICEF_Breastfeeding_A_Mothers_Gift_for_Every_Child.pdf\">https:\/\/www.unicef.org\/publications\/files\/UNICEF_Breastfeeding_A_Mothers_Gift_for_Every_Child.pdf<\/a><\/p>\n\n\n\n<p><a href=\"https:\/\/www.google.com\/url?q=https:\/\/www.unicef.org\/programme\/breastfeeding\/innocenti.htm&amp;sa=D&amp;ust=1598257143674000&amp;usg=AFQjCNEQB5Aqit6jgQYgOOvnnhOPVGAp7w\">https:\/\/www.unicef.org\/programme\/breastfeeding\/innocenti.htm<\/a><\/p>\n\n\n\n<p><a href=\"https:\/\/apps.who.int\/iris\/bitstream\/handle\/10665\/42590\/9241562218.pdf?sequence=1\">https:\/\/apps.who.int\/iris\/bitstream\/handle\/10665\/42590\/9241562218.pdf?sequence=1<\/a><\/p>\n<\/div>\n<\/div><\/div>\n\n\n\n<div class=\"wp-block-themeisle-blocks-advanced-columns alignfull has-2-columns has-desktop-equal-layout has-tablet-equal-layout has-mobile-collapsedRows-layout has-nogap-gap has-vertical-unset\" id=\"wp-block-themeisle-blocks-advanced-columns-ee9d7236\"><div class=\"wp-block-themeisle-blocks-advanced-columns-overlay\"><\/div><div class=\"innerblocks-wrap\">\n<div class=\"wp-block-themeisle-blocks-advanced-column\" id=\"wp-block-themeisle-blocks-advanced-column-5eb94a41\">\n<h2 class=\"has-white-color has-text-color\">H\u00e9bergement<\/h2>\n\n\n\n<ul style=\"color:#ffffff\"><li><strong>Nous fournissons des abris pour les nourrissons abandonn\u00e9s en tant que foyers temporaires.<\/strong><\/li><li><strong>Ces maisons sont \u00e9quip\u00e9es d&rsquo;une m\u00e8re adoptive r\u00e9sidente et d&rsquo;une tante (chaque m\u00e8re et tante s&rsquo;occupent de deux \u00e0 trois nourrissons), qui sont soigneusement s\u00e9lectionn\u00e9es, qualifi\u00e9es et form\u00e9es .<\/strong><\/li><li><strong>L&rsquo;enfant est log\u00e9 dans un appartement o\u00f9 il a son propre armoire, lit, v\u00eatements et autres mat\u00e9riels n\u00e9cessaires.<\/strong><\/li><\/ul>\n<\/div>\n\n\n\n<div class=\"wp-block-themeisle-blocks-advanced-column\" id=\"wp-block-themeisle-blocks-advanced-column-c22f5796\">\n<figure class=\"wp-block-image size-large\"><img loading=\"lazy\" width=\"1024\" height=\"576\" src=\"https:\/\/www.wedadint.org\/wp-content\/uploads\/2020\/04\/wallpaperflare.com_wallpaper-2-1024x576.jpg\" alt=\"\" class=\"wp-image-18066\" srcset=\"https:\/\/www.wedadint.org\/wp-content\/uploads\/2020\/04\/wallpaperflare.com_wallpaper-2-1024x576.jpg 1024w, https:\/\/www.wedadint.org\/wp-content\/uploads\/2020\/04\/wallpaperflare.com_wallpaper-2-300x169.jpg 300w, https:\/\/www.wedadint.org\/wp-content\/uploads\/2020\/04\/wallpaperflare.com_wallpaper-2-768x432.jpg 768w, https:\/\/www.wedadint.org\/wp-content\/uploads\/2020\/04\/wallpaperflare.com_wallpaper-2-1536x864.jpg 1536w, https:\/\/www.wedadint.org\/wp-content\/uploads\/2020\/04\/wallpaperflare.com_wallpaper-2-2048x1152.jpg 2048w, https:\/\/www.wedadint.org\/wp-content\/uploads\/2020\/04\/wallpaperflare.com_wallpaper-2-1320x743.jpg 1320w\" sizes=\"(max-width: 1024px) 100vw, 1024px\" \/><\/figure>\n\n\n\n<ul style=\"color:#ffffff\"><li><strong>Pour les enfants pris en charge, nous assurons un suivi m\u00e9dical et administratif 24h \/ 24<\/strong><\/li><li><strong>En plus de la m\u00e8re et de la tante, d&rsquo;autres membres du personnel sont pr\u00e9sents pour aider comme le superviseur administratif r\u00e9sident, une infirmi\u00e8re, une employ\u00e9e de maison et un sp\u00e9cialiste de l&rsquo;alimentation.<\/strong><\/li><\/ul>\n<\/div>\n<\/div><\/div>\n\n\n\n<div class=\"wp-block-themeisle-blocks-advanced-columns alignfull has-2-columns has-desktop-equal-layout has-tablet-equal-layout has-mobile-collapsedRows-layout has-nogap-gap has-vertical-unset\" id=\"wp-block-themeisle-blocks-advanced-columns-e58031ff\"><div class=\"wp-block-themeisle-blocks-advanced-columns-overlay\"><\/div><div class=\"innerblocks-wrap\">\n<div class=\"wp-block-themeisle-blocks-advanced-column\" id=\"wp-block-themeisle-blocks-advanced-column-1f423b11\">\n<h2 class=\"has-white-color has-text-color\">Prise en charge<\/h2>\n\n\n\n<ul style=\"color:#ffffff\"><li><strong>Premi\u00e8re \u00e9tape : une s\u00e9lection pr\u00e9liminaire est effectu\u00e9e pour toutes les familles souhaitant la prise en charge de l\u2019enfant selon des crit\u00e8res et conditions approuv\u00e9s.<\/strong><\/li><li><strong>Deuxi\u00e8me \u00e9tape : Une fois que la famille a franchi la premi\u00e8re \u00e9tape, un comit\u00e9 l\u2019interroge en profondeur sur ses capacit\u00e9s psychologiques et \u00e9conomiques, son mode de vie et d\u2019\u00e9ducation, son logement, et la r\u00e9colte de tout autre faits importants en lien avec l\u2019int\u00e9r\u00eat de l\u2019enfant.<\/strong><\/li><li><strong>Troisi\u00e8me \u00e9tape : le Comit\u00e9 demande la fourniture de documents officiels sur de famille d\u2019accueil.<\/strong><\/li><li><strong>Quatri\u00e8me \u00e9tape : Apr\u00e8s l&rsquo;approbation initiale et une visite \u00e0 domicile, les familles suivent plusieurs formations.<\/strong><\/li><li><strong>Cinqui\u00e8me \u00e9tape : Une fois que les familles sont approuv\u00e9es pour accueillir des enfants, elles re\u00e7oivent des photos d\u2019enfants pour leur permettre de choisir un enfant selon leurs affinit\u00e9s et sentiments personnels.<\/strong><\/li><li><strong>Sixi\u00e8me \u00e9tape: une rencontre officielle avec l&rsquo;enfant d\u00e9sign\u00e9 est organis\u00e9e (l&rsquo;int\u00e9r\u00eat de l&rsquo;enfant et sa paix int\u00e9rieure sont totalement pr\u00e9serv\u00e9s).<\/strong><\/li><li><strong>Septi\u00e8me \u00e9tape : Des visites successives pr\u00e9\u00e9tablies pour la m\u00e8re sont pr\u00e9vues pour cr\u00e9er une communication psychique et physique avec l&rsquo;enfant, cela dans un cadre professionnel, en tenant compte de l&rsquo;intimit\u00e9 de la famille et de la s\u00e9curit\u00e9 de l&rsquo;enfant.<\/strong><\/li><\/ul>\n<\/div>\n\n\n\n<div class=\"wp-block-themeisle-blocks-advanced-column\" id=\"wp-block-themeisle-blocks-advanced-column-ac76a4e1\">\n<figure class=\"wp-block-image size-large\"><img loading=\"lazy\" width=\"910\" height=\"607\" src=\"https:\/\/www.wedadint.org\/wp-content\/uploads\/2020\/04\/adorable-baby-born-brother.jpg\" alt=\"\" class=\"wp-image-18253\" srcset=\"https:\/\/www.wedadint.org\/wp-content\/uploads\/2020\/04\/adorable-baby-born-brother.jpg 910w, https:\/\/www.wedadint.org\/wp-content\/uploads\/2020\/04\/adorable-baby-born-brother-300x200.jpg 300w, https:\/\/www.wedadint.org\/wp-content\/uploads\/2020\/04\/adorable-baby-born-brother-768x512.jpg 768w, https:\/\/www.wedadint.org\/wp-content\/uploads\/2020\/04\/adorable-baby-born-brother-391x260.jpg 391w, https:\/\/www.wedadint.org\/wp-content\/uploads\/2020\/04\/adorable-baby-born-brother-360x240.jpg 360w\" sizes=\"(max-width: 910px) 100vw, 910px\" \/><\/figure>\n\n\n\n<ul style=\"color:#ffffff\"><li><strong>&nbsp;Huiti\u00e8me \u00e9tape : Si la m\u00e8re choisie d&rsquo;allaiter l\u2019enfant (ce que nous recommandons), elle est r\u00e9f\u00e9r\u00e9e au m\u00e9decin pour l&rsquo;aider.<\/strong><\/li><li><strong>Neuvi\u00e8me \u00e9tape : un lien entre la m\u00e8re et l&rsquo;enfant est \u00e9tabli, ce qui conduit \u00e0 une remise officielle de l&rsquo;enfant \u00e0 sa nouvelle famille.<\/strong><\/li><li><strong>Dixi\u00e8me \u00e9tape : L&rsquo;\u00e9quipe Wedad effectue des visites p\u00e9riodiques aux familles ayant pris les enfants pendant plus d&rsquo;une ann\u00e9e, pour s&rsquo;assurer que l&rsquo;enfant est pris convenablement en charge.<\/strong><\/li><\/ul>\n<\/div>\n<\/div><\/div>\n\n\n\n<div class=\"wp-block-themeisle-blocks-advanced-columns alignfull has-1-columns has-desktop-equal-layout has-tablet-equal-layout has-mobile-equal-layout has-nogap-gap has-vertical-unset\" id=\"wp-block-themeisle-blocks-advanced-columns-59bd0fc8\"><div class=\"wp-block-themeisle-blocks-advanced-columns-overlay\"><\/div><div class=\"innerblocks-wrap\">\n<div class=\"wp-block-themeisle-blocks-advanced-column\" id=\"wp-block-themeisle-blocks-advanced-column-15413996\">\n<p class=\"has-text-align-center has-white-color has-text-color\"><strong>&nbsp;Nous continuons \u00e0 soutenir et de conseiller la famille.<\/strong><\/p>\n<\/div>\n<\/div><\/div>\n\n\n\n<div class=\"wp-block-themeisle-blocks-advanced-columns alignfull has-2-columns has-desktop-equal-layout has-tablet-equal-layout has-mobile-collapsedRows-layout has-nogap-gap has-vertical-unset\" id=\"wp-block-themeisle-blocks-advanced-columns-1ecbae20\"><div class=\"wp-block-themeisle-blocks-advanced-columns-overlay\"><\/div><div class=\"innerblocks-wrap\">\n<div class=\"wp-block-themeisle-blocks-advanced-column\" id=\"wp-block-themeisle-blocks-advanced-column-e972e902\">\n<div class=\"wp-block-image\"><figure class=\"aligncenter size-large\"><img loading=\"lazy\" width=\"910\" height=\"563\" src=\"https:\/\/www.wedadint.org\/wp-content\/uploads\/2020\/04\/charity-communication-community-connection.jpg\" alt=\"\" class=\"wp-image-16975\" srcset=\"https:\/\/www.wedadint.org\/wp-content\/uploads\/2020\/04\/charity-communication-community-connection.jpg 910w, https:\/\/www.wedadint.org\/wp-content\/uploads\/2020\/04\/charity-communication-community-connection-300x186.jpg 300w, https:\/\/www.wedadint.org\/wp-content\/uploads\/2020\/04\/charity-communication-community-connection-768x475.jpg 768w, https:\/\/www.wedadint.org\/wp-content\/uploads\/2020\/04\/charity-communication-community-connection-50x31.jpg 50w, https:\/\/www.wedadint.org\/wp-content\/uploads\/2020\/04\/charity-communication-community-connection-600x371.jpg 600w\" sizes=\"(max-width: 910px) 100vw, 910px\" \/><\/figure><\/div>\n<\/div>\n\n\n\n<div class=\"wp-block-themeisle-blocks-advanced-column\" id=\"wp-block-themeisle-blocks-advanced-column-12effef2\">\n<h2 class=\"has-white-color has-text-color\">Sensibilisation<\/h2>\n\n\n\n<p class=\"has-white-color has-text-color\"><strong>Nous d\u00e9veloppons une vari\u00e9t\u00e9 de programmes de sensibilisation cibl\u00e9s sur les probl\u00e8mes li\u00e9s aux enfants abandonn\u00e9s. Nous informons la communaut\u00e9 internationale sur les conditions de vie de cette cat\u00e9gorie faible des orphelins, sur les niveaux social, \u00e9conomique, humain et politique.<\/strong><\/p>\n<\/div>\n<\/div><\/div>\n","protected":false},"excerpt":{"rendered":"<p>Le nombre de ses enfants abandonn\u00e9s augmente chaque ann\u00e9e, en particulier dans les pays pauvres. Malheureusement, la pauvret\u00e9 va de pair avec la criminalit\u00e9 et les groupes mafieux qui se prennent \u00e0 ces enfants et les transforment en marchandise et pi\u00e8ces d\u00e9tach\u00e9es \u00e0 vendre dans des r\u00e9seaux de trafic d\u2019organes [&hellip;]<\/p>\n","protected":false},"author":1,"featured_media":16969,"parent":0,"menu_order":0,"comment_status":"closed","ping_status":"closed","template":"","meta":{"_coblocks_attr":"Open Sans,Open Sans","_coblocks_dimensions":"","_coblocks_responsive_height":"","_coblocks_accordion_ie_support":"","_themeisle_gutenberg_block_has_review":false},"translation":{"provider":"WPGlobus","version":"2.8.11","language":"fr","enabled_languages":["en","ar","fr"],"languages":{"en":{"title":true,"content":true,"excerpt":false},"ar":{"title":true,"content":true,"excerpt":false},"fr":{"title":true,"content":true,"excerpt":false}}},"yoast_head":"<!-- This site is optimized with the Yoast SEO plugin v18.2 - https:\/\/yoast.com\/wordpress\/plugins\/seo\/ -->\n<title>Ce que nous faisons | WIF | Fondation internationale Wedad | Espoir des nourrissons abandonn\u00e9s<\/title>\n<meta name=\"robots\" content=\"index, follow, max-snippet:-1, max-image-preview:large, max-video-preview:-1\" \/>\n<link rel=\"canonical\" href=\"https:\/\/www.wedadint.org\/what-we-do\/\" \/>\n<meta property=\"og:locale\" content=\"fr_FR\" \/>\n<meta property=\"og:type\" content=\"article\" \/>\n<meta property=\"og:title\" content=\"Ce que nous faisons | WIF | Fondation internationale Wedad | Espoir des nourrissons abandonn\u00e9s\" \/>\n<meta property=\"og:url\" content=\"https:\/\/www.wedadint.org\/what-we-do\/\" \/>\n<meta property=\"og:site_name\" content=\"WIF | Fondation internationale Wedad | Espoir des nourrissons abandonn\u00e9s\" \/>\n<meta property=\"article:publisher\" content=\"https:\/\/www.facebook.com\/wedadint\" \/>\n<meta property=\"article:modified_time\" content=\"2021-01-11T22:17:04+00:00\" \/>\n<meta property=\"og:image\" content=\"https:\/\/www.wedadint.org\/wp-content\/uploads\/2020\/04\/achievement-3556674_1280.jpg\" \/>\n\t<meta property=\"og:image:width\" content=\"1280\" \/>\n\t<meta property=\"og:image:height\" content=\"891\" \/>\n\t<meta property=\"og:image:type\" content=\"image\/jpeg\" \/>\n<meta name=\"twitter:card\" content=\"summary_large_image\" \/>\n<meta name=\"twitter:site\" content=\"@Wedadint\" \/>\n<meta name=\"twitter:label1\" content=\"Dur\u00e9e de lecture estim\u00e9e\" \/>\n\t<meta name=\"twitter:data1\" content=\"9 minutes\" \/>\n<script type=\"application\/ld+json\" class=\"yoast-schema-graph\">{\"@context\":\"https:\/\/schema.org\",\"@graph\":[{\"@type\":\"Organization\",\"@id\":\"https:\/\/www.wedadint.org\/#organization\",\"name\":\"Wedad International Foundation\",\"url\":\"https:\/\/www.wedadint.org\/\",\"sameAs\":[\"https:\/\/www.facebook.com\/wedadint\",\"https:\/\/www.instagram.com\/wedadint\",\"https:\/\/twitter.com\/Wedadint\"],\"logo\":{\"@type\":\"ImageObject\",\"@id\":\"https:\/\/www.wedadint.org\/#logo\",\"inLanguage\":\"fr-FR\",\"url\":\"https:\/\/www.wedadint.org\/wp-content\/uploads\/2020\/06\/Wedad-Logo-N300.png\",\"contentUrl\":\"https:\/\/www.wedadint.org\/wp-content\/uploads\/2020\/06\/Wedad-Logo-N300.png\",\"width\":300,\"height\":299,\"caption\":\"Wedad International Foundation\"},\"image\":{\"@id\":\"https:\/\/www.wedadint.org\/#logo\"}},{\"@type\":\"WebSite\",\"@id\":\"https:\/\/www.wedadint.org\/#website\",\"url\":\"https:\/\/www.wedadint.org\/\",\"name\":\"WIF | Fondation internationale Wedad | Espoir des nourrissons abandonn\u00e9s\",\"description\":\"Espoir des nourrissons abandonn\u00e9s\",\"publisher\":{\"@id\":\"https:\/\/www.wedadint.org\/#organization\"},\"potentialAction\":[{\"@type\":\"SearchAction\",\"target\":{\"@type\":\"EntryPoint\",\"urlTemplate\":\"https:\/\/www.wedadint.org\/?s={search_term_string}\"},\"query-input\":\"required name=search_term_string\"}],\"inLanguage\":\"fr-FR\"},{\"@type\":\"ImageObject\",\"@id\":\"https:\/\/www.wedadint.org\/what-we-do\/#primaryimage\",\"inLanguage\":\"fr-FR\",\"url\":\"https:\/\/www.wedadint.org\/wp-content\/uploads\/2020\/04\/achievement-3556674_1280.jpg\",\"contentUrl\":\"https:\/\/www.wedadint.org\/wp-content\/uploads\/2020\/04\/achievement-3556674_1280.jpg\",\"width\":1280,\"height\":891,\"caption\":\"Achievements\"},{\"@type\":\"WebPage\",\"@id\":\"https:\/\/www.wedadint.org\/what-we-do\/#webpage\",\"url\":\"https:\/\/www.wedadint.org\/what-we-do\/\",\"name\":\"Ce que nous faisons | WIF | Fondation internationale Wedad | Espoir des nourrissons abandonn\u00e9s\",\"isPartOf\":{\"@id\":\"https:\/\/www.wedadint.org\/#website\"},\"primaryImageOfPage\":{\"@id\":\"https:\/\/www.wedadint.org\/what-we-do\/#primaryimage\"},\"datePublished\":\"2020-04-13T12:33:28+00:00\",\"dateModified\":\"2021-01-11T22:17:04+00:00\",\"breadcrumb\":{\"@id\":\"https:\/\/www.wedadint.org\/what-we-do\/#breadcrumb\"},\"inLanguage\":\"fr-FR\",\"potentialAction\":[{\"@type\":\"ReadAction\",\"target\":[\"https:\/\/www.wedadint.org\/what-we-do\/\"]}]},{\"@type\":\"BreadcrumbList\",\"@id\":\"https:\/\/www.wedadint.org\/what-we-do\/#breadcrumb\",\"itemListElement\":[{\"@type\":\"ListItem\",\"position\":1,\"name\":\"Home\",\"item\":\"https:\/\/www.wedadint.org\/\"},{\"@type\":\"ListItem\",\"position\":2,\"name\":\"What we do\"}]}]}<\/script>\n<!-- \/ Yoast SEO plugin. -->","yoast_head_json":{"title":"Ce que nous faisons | WIF | Fondation internationale Wedad | Espoir des nourrissons abandonn\u00e9s","robots":{"index":"index","follow":"follow","max-snippet":"max-snippet:-1","max-image-preview":"max-image-preview:large","max-video-preview":"max-video-preview:-1"},"canonical":"https:\/\/www.wedadint.org\/what-we-do\/","og_locale":"fr_FR","og_type":"article","og_title":"Ce que nous faisons | WIF | Fondation internationale Wedad | Espoir des nourrissons abandonn\u00e9s","og_url":"https:\/\/www.wedadint.org\/what-we-do\/","og_site_name":"WIF | Fondation internationale Wedad | Espoir des nourrissons abandonn\u00e9s","article_publisher":"https:\/\/www.facebook.com\/wedadint","article_modified_time":"2021-01-11T22:17:04+00:00","og_image":[{"width":1280,"height":891,"url":"https:\/\/www.wedadint.org\/wp-content\/uploads\/2020\/04\/achievement-3556674_1280.jpg","type":"image\/jpeg"}],"twitter_card":"summary_large_image","twitter_site":"@Wedadint","twitter_misc":{"Dur\u00e9e de lecture estim\u00e9e":"9 minutes"},"schema":{"@context":"https:\/\/schema.org","@graph":[{"@type":"Organization","@id":"https:\/\/www.wedadint.org\/#organization","name":"Wedad International Foundation","url":"https:\/\/www.wedadint.org\/","sameAs":["https:\/\/www.facebook.com\/wedadint","https:\/\/www.instagram.com\/wedadint","https:\/\/twitter.com\/Wedadint"],"logo":{"@type":"ImageObject","@id":"https:\/\/www.wedadint.org\/#logo","inLanguage":"fr-FR","url":"https:\/\/www.wedadint.org\/wp-content\/uploads\/2020\/06\/Wedad-Logo-N300.png","contentUrl":"https:\/\/www.wedadint.org\/wp-content\/uploads\/2020\/06\/Wedad-Logo-N300.png","width":300,"height":299,"caption":"Wedad International Foundation"},"image":{"@id":"https:\/\/www.wedadint.org\/#logo"}},{"@type":"WebSite","@id":"https:\/\/www.wedadint.org\/#website","url":"https:\/\/www.wedadint.org\/","name":"WIF | Fondation internationale Wedad | Espoir des nourrissons abandonn\u00e9s","description":"Espoir des nourrissons abandonn\u00e9s","publisher":{"@id":"https:\/\/www.wedadint.org\/#organization"},"potentialAction":[{"@type":"SearchAction","target":{"@type":"EntryPoint","urlTemplate":"https:\/\/www.wedadint.org\/?s={search_term_string}"},"query-input":"required name=search_term_string"}],"inLanguage":"fr-FR"},{"@type":"ImageObject","@id":"https:\/\/www.wedadint.org\/what-we-do\/#primaryimage","inLanguage":"fr-FR","url":"https:\/\/www.wedadint.org\/wp-content\/uploads\/2020\/04\/achievement-3556674_1280.jpg","contentUrl":"https:\/\/www.wedadint.org\/wp-content\/uploads\/2020\/04\/achievement-3556674_1280.jpg","width":1280,"height":891,"caption":"Achievements"},{"@type":"WebPage","@id":"https:\/\/www.wedadint.org\/what-we-do\/#webpage","url":"https:\/\/www.wedadint.org\/what-we-do\/","name":"Ce que nous faisons | WIF | Fondation internationale Wedad | Espoir des nourrissons abandonn\u00e9s","isPartOf":{"@id":"https:\/\/www.wedadint.org\/#website"},"primaryImageOfPage":{"@id":"https:\/\/www.wedadint.org\/what-we-do\/#primaryimage"},"datePublished":"2020-04-13T12:33:28+00:00","dateModified":"2021-01-11T22:17:04+00:00","breadcrumb":{"@id":"https:\/\/www.wedadint.org\/what-we-do\/#breadcrumb"},"inLanguage":"fr-FR","potentialAction":[{"@type":"ReadAction","target":["https:\/\/www.wedadint.org\/what-we-do\/"]}]},{"@type":"BreadcrumbList","@id":"https:\/\/www.wedadint.org\/what-we-do\/#breadcrumb","itemListElement":[{"@type":"ListItem","position":1,"name":"Home","item":"https:\/\/www.wedadint.org\/"},{"@type":"ListItem","position":2,"name":"What we do"}]}]}},"uagb_featured_image_src":{"full":["https:\/\/www.wedadint.org\/wp-content\/uploads\/2020\/04\/achievement-3556674_1280.jpg",1280,891,false],"thumbnail":["https:\/\/www.wedadint.org\/wp-content\/uploads\/2020\/04\/achievement-3556674_1280-150x150.jpg",150,150,true],"medium":["https:\/\/www.wedadint.org\/wp-content\/uploads\/2020\/04\/achievement-3556674_1280-300x209.jpg",300,209,true],"medium_large":["https:\/\/www.wedadint.org\/wp-content\/uploads\/2020\/04\/achievement-3556674_1280-768x535.jpg",750,522,true],"large":["https:\/\/www.wedadint.org\/wp-content\/uploads\/2020\/04\/achievement-3556674_1280-1024x713.jpg",750,522,true],"thumblist":["https:\/\/www.wedadint.org\/wp-content\/uploads\/2020\/04\/achievement-3556674_1280.jpg",300,209,false],"meccarouselthumb":["https:\/\/www.wedadint.org\/wp-content\/uploads\/2020\/04\/achievement-3556674_1280.jpg",465,324,false],"gridsquare":["https:\/\/www.wedadint.org\/wp-content\/uploads\/2020\/04\/achievement-3556674_1280.jpg",374,260,false],"tileview":["https:\/\/www.wedadint.org\/wp-content\/uploads\/2020\/04\/achievement-3556674_1280.jpg",300,209,false],"1536x1536":["https:\/\/www.wedadint.org\/wp-content\/uploads\/2020\/04\/achievement-3556674_1280.jpg",1280,891,false],"2048x2048":["https:\/\/www.wedadint.org\/wp-content\/uploads\/2020\/04\/achievement-3556674_1280.jpg",1280,891,false],"hestia-blog":["https:\/\/www.wedadint.org\/wp-content\/uploads\/2020\/04\/achievement-3556674_1280-360x240.jpg",360,240,true]},"uagb_author_info":{"display_name":"wedad","author_link":"https:\/\/www.wedadint.org\/fr\/author\/wedad\/"},"uagb_comment_info":0,"uagb_excerpt":"Le nombre de ses enfants abandonn\u00e9s augmente chaque ann\u00e9e, en particulier dans les pays pauvres. Malheureusement, la pauvret\u00e9 va de pair avec la criminalit\u00e9 et les groupes mafieux qui se prennent \u00e0 ces enfants et les transforment en marchandise et pi\u00e8ces d\u00e9tach\u00e9es \u00e0 vendre dans des r\u00e9seaux de trafic d\u2019organes [&hellip;]","_links":{"self":[{"href":"https:\/\/www.wedadint.org\/fr\/wp-json\/wp\/v2\/pages\/17010"}],"collection":[{"href":"https:\/\/www.wedadint.org\/fr\/wp-json\/wp\/v2\/pages"}],"about":[{"href":"https:\/\/www.wedadint.org\/fr\/wp-json\/wp\/v2\/types\/page"}],"author":[{"embeddable":true,"href":"https:\/\/www.wedadint.org\/fr\/wp-json\/wp\/v2\/users\/1"}],"replies":[{"embeddable":true,"href":"https:\/\/www.wedadint.org\/fr\/wp-json\/wp\/v2\/comments?post=17010"}],"version-history":[{"count":146,"href":"https:\/\/www.wedadint.org\/fr\/wp-json\/wp\/v2\/pages\/17010\/revisions"}],"predecessor-version":[{"id":20549,"href":"https:\/\/www.wedadint.org\/fr\/wp-json\/wp\/v2\/pages\/17010\/revisions\/20549"}],"wp:featuredmedia":[{"embeddable":true,"href":"https:\/\/www.wedadint.org\/fr\/wp-json\/wp\/v2\/media\/16969"}],"wp:attachment":[{"href":"https:\/\/www.wedadint.org\/fr\/wp-json\/wp\/v2\/media?parent=17010"}],"curies":[{"name":"wp","href":"https:\/\/api.w.org\/{rel}","templated":true}]}}