{"id":17021,"date":"2020-04-13T15:13:25","date_gmt":"2020-04-13T15:13:25","guid":{"rendered":"http:\/\/www.wedadi.org\/?page_id=17021"},"modified":"2021-01-11T21:59:58","modified_gmt":"2021-01-11T21:59:58","slug":"partnerships","status":"publish","type":"page","link":"https:\/\/www.wedadint.org\/fr\/partnerships\/","title":{"rendered":"Partenariat"},"content":{"rendered":"\n<div class=\"wp-block-themeisle-blocks-advanced-columns has-1-columns has-desktop-equal-layout has-tablet-equal-layout has-mobile-equal-layout has-default-gap has-vertical-unset\" id=\"wp-block-themeisle-blocks-advanced-columns-da8c1908\"><div class=\"wp-block-themeisle-blocks-advanced-columns-overlay\"><\/div><div class=\"innerblocks-wrap\">\n<div class=\"wp-block-themeisle-blocks-advanced-column\" id=\"wp-block-themeisle-blocks-advanced-column-3855b2f9\">\n<p>Nous sommes ouverts \u00e0 toutes sortes de partenariat qui peut servir la cause des orphelins abandonn\u00e9s, que ce soit avec les entreprises, les gouvernements, les organisations de la soci\u00e9t\u00e9 civile, la presse, et\/ou les individus ayant le m\u00eame int\u00e9r\u00eat.<\/p>\n\n\n\n<p>Nous pensons que sans coop\u00e9ration et effort commun, le probl\u00e8me des enfants abandonn\u00e9s ne sera pas r\u00e9solu et la souffrance et le taux de mortalit\u00e9 au sein de cette cat\u00e9gorie faible de la population mondiale ne vont pas diminuer.<\/p>\n\n\n\n<p>Nous avons besoin de votre soutien pour financer nos activit\u00e9s. Nous avons aussi besoin des efforts des avocats et des familles, de sp\u00e9cialistes dans l\u2019information pour la promotion et la et la sensibilisation du grand public \u00e0 cette noble cause.<\/p>\n\n\n\n<p>Les cadeaux en nature, le b\u00e9n\u00e9volat, le partage des connaissances et des exp\u00e9riences et la formation sont aussi des contributions tr\u00e8s importantes.<\/p>\n\n\n\n<p>Nous recherchons des partenaires qui peuvent contribuer \u00e0 l\u2019offre de la s\u00e9curit\u00e9 aux enfants abandonn\u00e9s, dans toutes ses formes. C\u2019est la seule solution valable pour les sauver et leur offrir un future meilleur.<\/p>\n<\/div>\n<\/div><\/div>\n\n\n\n<p><\/p>\n","protected":false},"excerpt":{"rendered":"","protected":false},"author":1,"featured_media":18905,"parent":0,"menu_order":0,"comment_status":"closed","ping_status":"closed","template":"","meta":{"_coblocks_attr":"Open Sans","_coblocks_dimensions":"","_coblocks_responsive_height":"","_coblocks_accordion_ie_support":"","_themeisle_gutenberg_block_has_review":false},"translation":{"provider":"WPGlobus","version":"2.8.11","language":"fr","enabled_languages":["en","ar","fr"],"languages":{"en":{"title":true,"content":true,"excerpt":false},"ar":{"title":true,"content":true,"excerpt":false},"fr":{"title":true,"content":true,"excerpt":false}}},"yoast_head":"<!-- This site is optimized with the Yoast SEO plugin v18.2 - https:\/\/yoast.com\/wordpress\/plugins\/seo\/ -->\n<title>Partenariat | WIF | Fondation internationale Wedad | Espoir des nourrissons abandonn\u00e9s<\/title>\n<meta name=\"robots\" content=\"index, follow, max-snippet:-1, max-image-preview:large, max-video-preview:-1\" \/>\n<link rel=\"canonical\" href=\"https:\/\/www.wedadint.org\/partnerships\/\" \/>\n<meta property=\"og:locale\" content=\"fr_FR\" \/>\n<meta property=\"og:type\" content=\"article\" \/>\n<meta property=\"og:title\" content=\"Partenariat | WIF | Fondation internationale Wedad | Espoir des nourrissons abandonn\u00e9s\" \/>\n<meta property=\"og:url\" content=\"https:\/\/www.wedadint.org\/partnerships\/\" \/>\n<meta property=\"og:site_name\" content=\"WIF | Fondation internationale Wedad | Espoir des nourrissons abandonn\u00e9s\" \/>\n<meta property=\"article:publisher\" content=\"https:\/\/www.facebook.com\/wedadint\" \/>\n<meta property=\"article:modified_time\" content=\"2021-01-11T21:59:58+00:00\" \/>\n<meta property=\"og:image\" content=\"https:\/\/www.wedadint.org\/wp-content\/uploads\/2020\/05\/world-partnership.jpg\" \/>\n\t<meta property=\"og:image:width\" content=\"1620\" \/>\n\t<meta property=\"og:image:height\" content=\"514\" \/>\n\t<meta property=\"og:image:type\" content=\"image\/jpeg\" \/>\n<meta name=\"twitter:card\" content=\"summary_large_image\" \/>\n<meta name=\"twitter:site\" content=\"@Wedadint\" \/>\n<meta name=\"twitter:label1\" content=\"Dur\u00e9e de lecture estim\u00e9e\" \/>\n\t<meta name=\"twitter:data1\" content=\"2 minutes\" \/>\n<script type=\"application\/ld+json\" class=\"yoast-schema-graph\">{\"@context\":\"https:\/\/schema.org\",\"@graph\":[{\"@type\":\"Organization\",\"@id\":\"https:\/\/www.wedadint.org\/#organization\",\"name\":\"Wedad International Foundation\",\"url\":\"https:\/\/www.wedadint.org\/\",\"sameAs\":[\"https:\/\/www.facebook.com\/wedadint\",\"https:\/\/www.instagram.com\/wedadint\",\"https:\/\/twitter.com\/Wedadint\"],\"logo\":{\"@type\":\"ImageObject\",\"@id\":\"https:\/\/www.wedadint.org\/#logo\",\"inLanguage\":\"fr-FR\",\"url\":\"https:\/\/www.wedadint.org\/wp-content\/uploads\/2020\/06\/Wedad-Logo-N300.png\",\"contentUrl\":\"https:\/\/www.wedadint.org\/wp-content\/uploads\/2020\/06\/Wedad-Logo-N300.png\",\"width\":300,\"height\":299,\"caption\":\"Wedad International Foundation\"},\"image\":{\"@id\":\"https:\/\/www.wedadint.org\/#logo\"}},{\"@type\":\"WebSite\",\"@id\":\"https:\/\/www.wedadint.org\/#website\",\"url\":\"https:\/\/www.wedadint.org\/\",\"name\":\"WIF | Fondation internationale Wedad | Espoir des nourrissons abandonn\u00e9s\",\"description\":\"Espoir des nourrissons abandonn\u00e9s\",\"publisher\":{\"@id\":\"https:\/\/www.wedadint.org\/#organization\"},\"potentialAction\":[{\"@type\":\"SearchAction\",\"target\":{\"@type\":\"EntryPoint\",\"urlTemplate\":\"https:\/\/www.wedadint.org\/?s={search_term_string}\"},\"query-input\":\"required name=search_term_string\"}],\"inLanguage\":\"fr-FR\"},{\"@type\":\"ImageObject\",\"@id\":\"https:\/\/www.wedadint.org\/partnerships\/#primaryimage\",\"inLanguage\":\"fr-FR\",\"url\":\"https:\/\/www.wedadint.org\/wp-content\/uploads\/2020\/05\/world-partnership.jpg\",\"contentUrl\":\"https:\/\/www.wedadint.org\/wp-content\/uploads\/2020\/05\/world-partnership.jpg\",\"width\":1620,\"height\":514},{\"@type\":\"WebPage\",\"@id\":\"https:\/\/www.wedadint.org\/partnerships\/#webpage\",\"url\":\"https:\/\/www.wedadint.org\/partnerships\/\",\"name\":\"Partenariat | WIF | Fondation internationale Wedad | Espoir des nourrissons abandonn\u00e9s\",\"isPartOf\":{\"@id\":\"https:\/\/www.wedadint.org\/#website\"},\"primaryImageOfPage\":{\"@id\":\"https:\/\/www.wedadint.org\/partnerships\/#primaryimage\"},\"datePublished\":\"2020-04-13T15:13:25+00:00\",\"dateModified\":\"2021-01-11T21:59:58+00:00\",\"breadcrumb\":{\"@id\":\"https:\/\/www.wedadint.org\/partnerships\/#breadcrumb\"},\"inLanguage\":\"fr-FR\",\"potentialAction\":[{\"@type\":\"ReadAction\",\"target\":[\"https:\/\/www.wedadint.org\/partnerships\/\"]}]},{\"@type\":\"BreadcrumbList\",\"@id\":\"https:\/\/www.wedadint.org\/partnerships\/#breadcrumb\",\"itemListElement\":[{\"@type\":\"ListItem\",\"position\":1,\"name\":\"Home\",\"item\":\"https:\/\/www.wedadint.org\/\"},{\"@type\":\"ListItem\",\"position\":2,\"name\":\"Partnerships\"}]}]}<\/script>\n<!-- \/ Yoast SEO plugin. -->","yoast_head_json":{"title":"Partenariat | WIF | Fondation internationale Wedad | Espoir des nourrissons abandonn\u00e9s","robots":{"index":"index","follow":"follow","max-snippet":"max-snippet:-1","max-image-preview":"max-image-preview:large","max-video-preview":"max-video-preview:-1"},"canonical":"https:\/\/www.wedadint.org\/partnerships\/","og_locale":"fr_FR","og_type":"article","og_title":"Partenariat | WIF | Fondation internationale Wedad | Espoir des nourrissons abandonn\u00e9s","og_url":"https:\/\/www.wedadint.org\/partnerships\/","og_site_name":"WIF | Fondation internationale Wedad | Espoir des nourrissons abandonn\u00e9s","article_publisher":"https:\/\/www.facebook.com\/wedadint","article_modified_time":"2021-01-11T21:59:58+00:00","og_image":[{"width":1620,"height":514,"url":"https:\/\/www.wedadint.org\/wp-content\/uploads\/2020\/05\/world-partnership.jpg","type":"image\/jpeg"}],"twitter_card":"summary_large_image","twitter_site":"@Wedadint","twitter_misc":{"Dur\u00e9e de lecture estim\u00e9e":"2 minutes"},"schema":{"@context":"https:\/\/schema.org","@graph":[{"@type":"Organization","@id":"https:\/\/www.wedadint.org\/#organization","name":"Wedad International Foundation","url":"https:\/\/www.wedadint.org\/","sameAs":["https:\/\/www.facebook.com\/wedadint","https:\/\/www.instagram.com\/wedadint","https:\/\/twitter.com\/Wedadint"],"logo":{"@type":"ImageObject","@id":"https:\/\/www.wedadint.org\/#logo","inLanguage":"fr-FR","url":"https:\/\/www.wedadint.org\/wp-content\/uploads\/2020\/06\/Wedad-Logo-N300.png","contentUrl":"https:\/\/www.wedadint.org\/wp-content\/uploads\/2020\/06\/Wedad-Logo-N300.png","width":300,"height":299,"caption":"Wedad International Foundation"},"image":{"@id":"https:\/\/www.wedadint.org\/#logo"}},{"@type":"WebSite","@id":"https:\/\/www.wedadint.org\/#website","url":"https:\/\/www.wedadint.org\/","name":"WIF | Fondation internationale Wedad | Espoir des nourrissons abandonn\u00e9s","description":"Espoir des nourrissons abandonn\u00e9s","publisher":{"@id":"https:\/\/www.wedadint.org\/#organization"},"potentialAction":[{"@type":"SearchAction","target":{"@type":"EntryPoint","urlTemplate":"https:\/\/www.wedadint.org\/?s={search_term_string}"},"query-input":"required name=search_term_string"}],"inLanguage":"fr-FR"},{"@type":"ImageObject","@id":"https:\/\/www.wedadint.org\/partnerships\/#primaryimage","inLanguage":"fr-FR","url":"https:\/\/www.wedadint.org\/wp-content\/uploads\/2020\/05\/world-partnership.jpg","contentUrl":"https:\/\/www.wedadint.org\/wp-content\/uploads\/2020\/05\/world-partnership.jpg","width":1620,"height":514},{"@type":"WebPage","@id":"https:\/\/www.wedadint.org\/partnerships\/#webpage","url":"https:\/\/www.wedadint.org\/partnerships\/","name":"Partenariat | WIF | Fondation internationale Wedad | Espoir des nourrissons abandonn\u00e9s","isPartOf":{"@id":"https:\/\/www.wedadint.org\/#website"},"primaryImageOfPage":{"@id":"https:\/\/www.wedadint.org\/partnerships\/#primaryimage"},"datePublished":"2020-04-13T15:13:25+00:00","dateModified":"2021-01-11T21:59:58+00:00","breadcrumb":{"@id":"https:\/\/www.wedadint.org\/partnerships\/#breadcrumb"},"inLanguage":"fr-FR","potentialAction":[{"@type":"ReadAction","target":["https:\/\/www.wedadint.org\/partnerships\/"]}]},{"@type":"BreadcrumbList","@id":"https:\/\/www.wedadint.org\/partnerships\/#breadcrumb","itemListElement":[{"@type":"ListItem","position":1,"name":"Home","item":"https:\/\/www.wedadint.org\/"},{"@type":"ListItem","position":2,"name":"Partnerships"}]}]}},"uagb_featured_image_src":{"full":["https:\/\/www.wedadint.org\/wp-content\/uploads\/2020\/05\/world-partnership.jpg",1620,514,false],"thumbnail":["https:\/\/www.wedadint.org\/wp-content\/uploads\/2020\/05\/world-partnership-150x150.jpg",150,150,true],"medium":["https:\/\/www.wedadint.org\/wp-content\/uploads\/2020\/05\/world-partnership-300x95.jpg",300,95,true],"medium_large":["https:\/\/www.wedadint.org\/wp-content\/uploads\/2020\/05\/world-partnership-768x244.jpg",750,238,true],"large":["https:\/\/www.wedadint.org\/wp-content\/uploads\/2020\/05\/world-partnership-1024x325.jpg",750,238,true],"thumblist":["https:\/\/www.wedadint.org\/wp-content\/uploads\/2020\/05\/world-partnership-300x300.jpg",300,300,true],"meccarouselthumb":["https:\/\/www.wedadint.org\/wp-content\/uploads\/2020\/05\/world-partnership-474x324.jpg",474,324,true],"gridsquare":["https:\/\/www.wedadint.org\/wp-content\/uploads\/2020\/05\/world-partnership-391x260.jpg",391,260,true],"tileview":["https:\/\/www.wedadint.org\/wp-content\/uploads\/2020\/05\/world-partnership-300x400.jpg",300,400,true],"1536x1536":["https:\/\/www.wedadint.org\/wp-content\/uploads\/2020\/05\/world-partnership-1536x487.jpg",1536,487,true],"2048x2048":["https:\/\/www.wedadint.org\/wp-content\/uploads\/2020\/05\/world-partnership.jpg",1620,514,false],"hestia-blog":["https:\/\/www.wedadint.org\/wp-content\/uploads\/2020\/05\/world-partnership-360x240.jpg",360,240,true]},"uagb_author_info":{"display_name":"wedad","author_link":"https:\/\/www.wedadint.org\/fr\/author\/wedad\/"},"uagb_comment_info":0,"uagb_excerpt":null,"_links":{"self":[{"href":"https:\/\/www.wedadint.org\/fr\/wp-json\/wp\/v2\/pages\/17021"}],"collection":[{"href":"https:\/\/www.wedadint.org\/fr\/wp-json\/wp\/v2\/pages"}],"about":[{"href":"https:\/\/www.wedadint.org\/fr\/wp-json\/wp\/v2\/types\/page"}],"author":[{"embeddable":true,"href":"https:\/\/www.wedadint.org\/fr\/wp-json\/wp\/v2\/users\/1"}],"replies":[{"embeddable":true,"href":"https:\/\/www.wedadint.org\/fr\/wp-json\/wp\/v2\/comments?post=17021"}],"version-history":[{"count":13,"href":"https:\/\/www.wedadint.org\/fr\/wp-json\/wp\/v2\/pages\/17021\/revisions"}],"predecessor-version":[{"id":20545,"href":"https:\/\/www.wedadint.org\/fr\/wp-json\/wp\/v2\/pages\/17021\/revisions\/20545"}],"wp:featuredmedia":[{"embeddable":true,"href":"https:\/\/www.wedadint.org\/fr\/wp-json\/wp\/v2\/media\/18905"}],"wp:attachment":[{"href":"https:\/\/www.wedadint.org\/fr\/wp-json\/wp\/v2\/media?parent=17021"}],"curies":[{"name":"wp","href":"https:\/\/api.w.org\/{rel}","templated":true}]}}