{"id":17086,"date":"2020-04-15T12:05:03","date_gmt":"2020-04-15T12:05:03","guid":{"rendered":"http:\/\/www.wedadi.org\/?page_id=17086"},"modified":"2020-08-08T12:10:08","modified_gmt":"2020-08-08T12:10:08","slug":"what-we-aim-to-achieve","status":"publish","type":"page","link":"https:\/\/www.wedadint.org\/fr\/what-we-aim-to-achieve\/","title":{"rendered":"Ce que nous voulons r\u00e9aliser"},"content":{"rendered":"\n<div class=\"wp-block-themeisle-blocks-advanced-columns has-1-columns has-desktop-equal-layout has-tablet-equal-layout has-mobile-equal-layout has-default-gap has-vertical-unset\" id=\"wp-block-themeisle-blocks-advanced-columns-88b1e311\"><div class=\"wp-block-themeisle-blocks-advanced-columns-overlay\"><\/div><div class=\"innerblocks-wrap\">\n<div class=\"wp-block-themeisle-blocks-advanced-column\" id=\"wp-block-themeisle-blocks-advanced-column-e005de5a\">\n<p>Nous \u0153uvrons et voulons&nbsp;:<\/p>\n\n\n\n<ul><li>placer tous les enfants abandonn\u00e9s et priv\u00e9s de soins parentaux dans des familles aimantes, qui leurs offrent un environnement et des soins s\u00fbrs\u00a0; c\u2019est le seul moyen de les aider \u00e0 devenir des citoyens responsables dans leurs soci\u00e9t\u00e9s<\/li><li>diffuser les avantages de l&rsquo;allaitement maternel en tant qu&rsquo;option id\u00e9ale de l\u2019int\u00e9gration de l\u2019enfant abandonn\u00e9 dans son nouveau foyer, compte tenu de ses effets positifs sur le nourrisson, la m\u00e8re adoptive, la famille et la soci\u00e9t\u00e9 en g\u00e9n\u00e9ral<\/li><li>diffuser l\u2019approche de Wedad Int. dans le monde \u00e0 savoir que les nourrissons priv\u00e9s de soins parentaux ont droit \u00e0 la vie et doivent b\u00e9n\u00e9ficier d&rsquo;une protection juridique et sociale suffisante, comme tous le enfants.<\/li><li>\u00e9tendre nos activit\u00e9s et services dans 12 pays au cours des 4 prochaines ann\u00e9es<\/li><li>devenir une r\u00e9f\u00e9rence mondiale dans le traitement des probl\u00e8mes des enfants abandonn\u00e9s<\/li><li>\u00e9tablir des partenariats strat\u00e9giques, personnes physiques et morales, pour soutenir les nourrissons abandonn\u00e9s, dans les soci\u00e9t\u00e9s et avec les gouvernements qui partagent nos pr\u00e9occupations<\/li><li>viser la durabilit\u00e9 pour garantir la poursuite de nos efforts.<\/li><\/ul>\n<\/div>\n<\/div><\/div>\n\n\n\n<p><\/p>\n","protected":false},"excerpt":{"rendered":"","protected":false},"author":1,"featured_media":18214,"parent":0,"menu_order":0,"comment_status":"closed","ping_status":"closed","template":"","meta":{"_coblocks_attr":"","_coblocks_dimensions":"","_coblocks_responsive_height":"","_coblocks_accordion_ie_support":"","_themeisle_gutenberg_block_has_review":false},"translation":{"provider":"WPGlobus","version":"2.8.11","language":"fr","enabled_languages":["en","ar","fr"],"languages":{"en":{"title":true,"content":true,"excerpt":false},"ar":{"title":true,"content":true,"excerpt":false},"fr":{"title":true,"content":true,"excerpt":false}}},"yoast_head":"<!-- This site is optimized with the Yoast SEO plugin v18.2 - https:\/\/yoast.com\/wordpress\/plugins\/seo\/ -->\n<title>Ce que nous voulons r\u00e9aliser | WIF | Fondation internationale Wedad | Espoir des nourrissons abandonn\u00e9s<\/title>\n<meta name=\"robots\" content=\"index, follow, max-snippet:-1, max-image-preview:large, max-video-preview:-1\" \/>\n<link rel=\"canonical\" href=\"https:\/\/www.wedadint.org\/what-we-aim-to-achieve\/\" \/>\n<meta property=\"og:locale\" content=\"fr_FR\" \/>\n<meta property=\"og:type\" content=\"article\" \/>\n<meta property=\"og:title\" content=\"Ce que nous voulons r\u00e9aliser | WIF | Fondation internationale Wedad | Espoir des nourrissons abandonn\u00e9s\" \/>\n<meta property=\"og:url\" content=\"https:\/\/www.wedadint.org\/what-we-aim-to-achieve\/\" \/>\n<meta property=\"og:site_name\" content=\"WIF | Fondation internationale Wedad | Espoir des nourrissons abandonn\u00e9s\" \/>\n<meta property=\"article:publisher\" content=\"https:\/\/www.facebook.com\/wedadint\" \/>\n<meta property=\"article:modified_time\" content=\"2020-08-08T12:10:08+00:00\" \/>\n<meta property=\"og:image\" content=\"https:\/\/www.wedadint.org\/wp-content\/uploads\/2020\/04\/child-aim.jpg\" \/>\n\t<meta property=\"og:image:width\" content=\"1260\" \/>\n\t<meta property=\"og:image:height\" content=\"400\" \/>\n\t<meta property=\"og:image:type\" content=\"image\/jpeg\" \/>\n<meta name=\"twitter:card\" content=\"summary_large_image\" \/>\n<meta name=\"twitter:site\" content=\"@Wedadint\" \/>\n<meta name=\"twitter:label1\" content=\"Dur\u00e9e de lecture estim\u00e9e\" \/>\n\t<meta name=\"twitter:data1\" content=\"2 minutes\" \/>\n<script type=\"application\/ld+json\" class=\"yoast-schema-graph\">{\"@context\":\"https:\/\/schema.org\",\"@graph\":[{\"@type\":\"Organization\",\"@id\":\"https:\/\/www.wedadint.org\/#organization\",\"name\":\"Wedad International Foundation\",\"url\":\"https:\/\/www.wedadint.org\/\",\"sameAs\":[\"https:\/\/www.facebook.com\/wedadint\",\"https:\/\/www.instagram.com\/wedadint\",\"https:\/\/twitter.com\/Wedadint\"],\"logo\":{\"@type\":\"ImageObject\",\"@id\":\"https:\/\/www.wedadint.org\/#logo\",\"inLanguage\":\"fr-FR\",\"url\":\"https:\/\/www.wedadint.org\/wp-content\/uploads\/2020\/06\/Wedad-Logo-N300.png\",\"contentUrl\":\"https:\/\/www.wedadint.org\/wp-content\/uploads\/2020\/06\/Wedad-Logo-N300.png\",\"width\":300,\"height\":299,\"caption\":\"Wedad International Foundation\"},\"image\":{\"@id\":\"https:\/\/www.wedadint.org\/#logo\"}},{\"@type\":\"WebSite\",\"@id\":\"https:\/\/www.wedadint.org\/#website\",\"url\":\"https:\/\/www.wedadint.org\/\",\"name\":\"WIF | Fondation internationale Wedad | Espoir des nourrissons abandonn\u00e9s\",\"description\":\"Espoir des nourrissons abandonn\u00e9s\",\"publisher\":{\"@id\":\"https:\/\/www.wedadint.org\/#organization\"},\"potentialAction\":[{\"@type\":\"SearchAction\",\"target\":{\"@type\":\"EntryPoint\",\"urlTemplate\":\"https:\/\/www.wedadint.org\/?s={search_term_string}\"},\"query-input\":\"required name=search_term_string\"}],\"inLanguage\":\"fr-FR\"},{\"@type\":\"ImageObject\",\"@id\":\"https:\/\/www.wedadint.org\/what-we-aim-to-achieve\/#primaryimage\",\"inLanguage\":\"fr-FR\",\"url\":\"https:\/\/www.wedadint.org\/wp-content\/uploads\/2020\/04\/child-aim.jpg\",\"contentUrl\":\"https:\/\/www.wedadint.org\/wp-content\/uploads\/2020\/04\/child-aim.jpg\",\"width\":1260,\"height\":400},{\"@type\":\"WebPage\",\"@id\":\"https:\/\/www.wedadint.org\/what-we-aim-to-achieve\/#webpage\",\"url\":\"https:\/\/www.wedadint.org\/what-we-aim-to-achieve\/\",\"name\":\"Ce que nous voulons r\u00e9aliser | WIF | Fondation internationale Wedad | Espoir des nourrissons abandonn\u00e9s\",\"isPartOf\":{\"@id\":\"https:\/\/www.wedadint.org\/#website\"},\"primaryImageOfPage\":{\"@id\":\"https:\/\/www.wedadint.org\/what-we-aim-to-achieve\/#primaryimage\"},\"datePublished\":\"2020-04-15T12:05:03+00:00\",\"dateModified\":\"2020-08-08T12:10:08+00:00\",\"breadcrumb\":{\"@id\":\"https:\/\/www.wedadint.org\/what-we-aim-to-achieve\/#breadcrumb\"},\"inLanguage\":\"fr-FR\",\"potentialAction\":[{\"@type\":\"ReadAction\",\"target\":[\"https:\/\/www.wedadint.org\/what-we-aim-to-achieve\/\"]}]},{\"@type\":\"BreadcrumbList\",\"@id\":\"https:\/\/www.wedadint.org\/what-we-aim-to-achieve\/#breadcrumb\",\"itemListElement\":[{\"@type\":\"ListItem\",\"position\":1,\"name\":\"Home\",\"item\":\"https:\/\/www.wedadint.org\/\"},{\"@type\":\"ListItem\",\"position\":2,\"name\":\"What we aim to achieve\"}]}]}<\/script>\n<!-- \/ Yoast SEO plugin. -->","yoast_head_json":{"title":"Ce que nous voulons r\u00e9aliser | WIF | Fondation internationale Wedad | Espoir des nourrissons abandonn\u00e9s","robots":{"index":"index","follow":"follow","max-snippet":"max-snippet:-1","max-image-preview":"max-image-preview:large","max-video-preview":"max-video-preview:-1"},"canonical":"https:\/\/www.wedadint.org\/what-we-aim-to-achieve\/","og_locale":"fr_FR","og_type":"article","og_title":"Ce que nous voulons r\u00e9aliser | WIF | Fondation internationale Wedad | Espoir des nourrissons abandonn\u00e9s","og_url":"https:\/\/www.wedadint.org\/what-we-aim-to-achieve\/","og_site_name":"WIF | Fondation internationale Wedad | Espoir des nourrissons abandonn\u00e9s","article_publisher":"https:\/\/www.facebook.com\/wedadint","article_modified_time":"2020-08-08T12:10:08+00:00","og_image":[{"width":1260,"height":400,"url":"https:\/\/www.wedadint.org\/wp-content\/uploads\/2020\/04\/child-aim.jpg","type":"image\/jpeg"}],"twitter_card":"summary_large_image","twitter_site":"@Wedadint","twitter_misc":{"Dur\u00e9e de lecture estim\u00e9e":"2 minutes"},"schema":{"@context":"https:\/\/schema.org","@graph":[{"@type":"Organization","@id":"https:\/\/www.wedadint.org\/#organization","name":"Wedad International Foundation","url":"https:\/\/www.wedadint.org\/","sameAs":["https:\/\/www.facebook.com\/wedadint","https:\/\/www.instagram.com\/wedadint","https:\/\/twitter.com\/Wedadint"],"logo":{"@type":"ImageObject","@id":"https:\/\/www.wedadint.org\/#logo","inLanguage":"fr-FR","url":"https:\/\/www.wedadint.org\/wp-content\/uploads\/2020\/06\/Wedad-Logo-N300.png","contentUrl":"https:\/\/www.wedadint.org\/wp-content\/uploads\/2020\/06\/Wedad-Logo-N300.png","width":300,"height":299,"caption":"Wedad International Foundation"},"image":{"@id":"https:\/\/www.wedadint.org\/#logo"}},{"@type":"WebSite","@id":"https:\/\/www.wedadint.org\/#website","url":"https:\/\/www.wedadint.org\/","name":"WIF | Fondation internationale Wedad | Espoir des nourrissons abandonn\u00e9s","description":"Espoir des nourrissons abandonn\u00e9s","publisher":{"@id":"https:\/\/www.wedadint.org\/#organization"},"potentialAction":[{"@type":"SearchAction","target":{"@type":"EntryPoint","urlTemplate":"https:\/\/www.wedadint.org\/?s={search_term_string}"},"query-input":"required name=search_term_string"}],"inLanguage":"fr-FR"},{"@type":"ImageObject","@id":"https:\/\/www.wedadint.org\/what-we-aim-to-achieve\/#primaryimage","inLanguage":"fr-FR","url":"https:\/\/www.wedadint.org\/wp-content\/uploads\/2020\/04\/child-aim.jpg","contentUrl":"https:\/\/www.wedadint.org\/wp-content\/uploads\/2020\/04\/child-aim.jpg","width":1260,"height":400},{"@type":"WebPage","@id":"https:\/\/www.wedadint.org\/what-we-aim-to-achieve\/#webpage","url":"https:\/\/www.wedadint.org\/what-we-aim-to-achieve\/","name":"Ce que nous voulons r\u00e9aliser | WIF | Fondation internationale Wedad | Espoir des nourrissons abandonn\u00e9s","isPartOf":{"@id":"https:\/\/www.wedadint.org\/#website"},"primaryImageOfPage":{"@id":"https:\/\/www.wedadint.org\/what-we-aim-to-achieve\/#primaryimage"},"datePublished":"2020-04-15T12:05:03+00:00","dateModified":"2020-08-08T12:10:08+00:00","breadcrumb":{"@id":"https:\/\/www.wedadint.org\/what-we-aim-to-achieve\/#breadcrumb"},"inLanguage":"fr-FR","potentialAction":[{"@type":"ReadAction","target":["https:\/\/www.wedadint.org\/what-we-aim-to-achieve\/"]}]},{"@type":"BreadcrumbList","@id":"https:\/\/www.wedadint.org\/what-we-aim-to-achieve\/#breadcrumb","itemListElement":[{"@type":"ListItem","position":1,"name":"Home","item":"https:\/\/www.wedadint.org\/"},{"@type":"ListItem","position":2,"name":"What we aim to achieve"}]}]}},"uagb_featured_image_src":{"full":["https:\/\/www.wedadint.org\/wp-content\/uploads\/2020\/04\/child-aim.jpg",1260,400,false],"thumbnail":["https:\/\/www.wedadint.org\/wp-content\/uploads\/2020\/04\/child-aim-150x150.jpg",150,150,true],"medium":["https:\/\/www.wedadint.org\/wp-content\/uploads\/2020\/04\/child-aim-300x95.jpg",300,95,true],"medium_large":["https:\/\/www.wedadint.org\/wp-content\/uploads\/2020\/04\/child-aim-768x244.jpg",750,238,true],"large":["https:\/\/www.wedadint.org\/wp-content\/uploads\/2020\/04\/child-aim-1024x325.jpg",750,238,true],"thumblist":["https:\/\/www.wedadint.org\/wp-content\/uploads\/2020\/04\/child-aim-300x300.jpg",300,300,true],"meccarouselthumb":["https:\/\/www.wedadint.org\/wp-content\/uploads\/2020\/04\/child-aim-474x324.jpg",474,324,true],"gridsquare":["https:\/\/www.wedadint.org\/wp-content\/uploads\/2020\/04\/child-aim-391x260.jpg",391,260,true],"tileview":["https:\/\/www.wedadint.org\/wp-content\/uploads\/2020\/04\/child-aim-300x400.jpg",300,400,true],"1536x1536":["https:\/\/www.wedadint.org\/wp-content\/uploads\/2020\/04\/child-aim.jpg",1260,400,false],"2048x2048":["https:\/\/www.wedadint.org\/wp-content\/uploads\/2020\/04\/child-aim.jpg",1260,400,false],"hestia-blog":["https:\/\/www.wedadint.org\/wp-content\/uploads\/2020\/04\/child-aim-360x240.jpg",360,240,true]},"uagb_author_info":{"display_name":"wedad","author_link":"https:\/\/www.wedadint.org\/fr\/author\/wedad\/"},"uagb_comment_info":0,"uagb_excerpt":null,"_links":{"self":[{"href":"https:\/\/www.wedadint.org\/fr\/wp-json\/wp\/v2\/pages\/17086"}],"collection":[{"href":"https:\/\/www.wedadint.org\/fr\/wp-json\/wp\/v2\/pages"}],"about":[{"href":"https:\/\/www.wedadint.org\/fr\/wp-json\/wp\/v2\/types\/page"}],"author":[{"embeddable":true,"href":"https:\/\/www.wedadint.org\/fr\/wp-json\/wp\/v2\/users\/1"}],"replies":[{"embeddable":true,"href":"https:\/\/www.wedadint.org\/fr\/wp-json\/wp\/v2\/comments?post=17086"}],"version-history":[{"count":41,"href":"https:\/\/www.wedadint.org\/fr\/wp-json\/wp\/v2\/pages\/17086\/revisions"}],"predecessor-version":[{"id":20192,"href":"https:\/\/www.wedadint.org\/fr\/wp-json\/wp\/v2\/pages\/17086\/revisions\/20192"}],"wp:featuredmedia":[{"embeddable":true,"href":"https:\/\/www.wedadint.org\/fr\/wp-json\/wp\/v2\/media\/18214"}],"wp:attachment":[{"href":"https:\/\/www.wedadint.org\/fr\/wp-json\/wp\/v2\/media?parent=17086"}],"curies":[{"name":"wp","href":"https:\/\/api.w.org\/{rel}","templated":true}]}}