{"id":18329,"date":"2020-05-01T11:58:42","date_gmt":"2020-05-01T11:58:42","guid":{"rendered":"http:\/\/www.wedadi.org\/?page_id=18329"},"modified":"2021-05-05T12:02:32","modified_gmt":"2021-05-05T12:02:32","slug":"generosity-box","status":"publish","type":"page","link":"https:\/\/www.wedadint.org\/fr\/generosity-box\/","title":{"rendered":"Bo\u00eete Zakat \/ Sadaq\u00e2"},"content":{"rendered":"\n<div class=\"wp-block-themeisle-blocks-advanced-columns has-1-columns has-desktop-equal-layout has-tablet-equal-layout has-mobile-equal-layout has-default-gap has-vertical-unset\" id=\"wp-block-themeisle-blocks-advanced-columns-92d308fb\"><div class=\"wp-block-themeisle-blocks-advanced-columns-overlay\"><\/div><div class=\"innerblocks-wrap\">\n<div class=\"wp-block-themeisle-blocks-advanced-column\" id=\"wp-block-themeisle-blocks-advanced-column-1c4b95b8\">\n<p class=\"has-text-color has-text-align-center has-accent-color\">\u00ab&nbsp;Pr\u00e9l\u00e8ve de leurs biens une Sadaq\u00e2 par laquelle tu les purifies et les b\u00e9nis, et prie pour eux. Ta pri\u00e8re est une qui\u00e9tude pour eux. Et Dieu est Audient et Omniscient.{Al tawba: 103}<\/p>\n\n\n\n<p>Pour tout musulman, la zakat qui consiste \u00e0 donner de son argent pour adorer Dieu , a un grand effet sur le donateur et le b\u00e9n\u00e9ficiaire, ainsi que sur la soci\u00e9t\u00e9 enti\u00e8re. Parmi les b\u00e9n\u00e9ficiaires de la Zakat (2.5 % de la richesse annuelle), figurent les pauvres. Or nous servons des familles pauvres qui vivent des difficult\u00e9s lorsqu\u2019elles prennent en charge \u00ab&nbsp;kafalaa&nbsp;\u00bb les enfants abandonn\u00e9s. Votre Zakat destin\u00e9e \u00e0 ses familles peut marquer la diff\u00e9rence entre la vie et la mort pour ces enfants et peut \u00eatre l\u2019encouragement ultime pour les familles lors de la d\u00e9cision de prise en charge des orphelins.<\/p>\n\n\n\n<p>En orientant votre Zakat vers notre cause, vous soutenez ces enfants abandonn\u00e9s et les familles qui les prennent en charge.<\/p>\n\n\n\n<p>En outre, nous recevons aussi la Sadakaa, geste charitable non obligatoire que les croyants peuvent donner aux n\u00e9cessiteux. Il n&rsquo;y a rien de mieux que de donner sa Sadakaa \u00e0 des orphelins et \u00e0 des familles pauvres dans le besoin qui ont de la peine \u00e0 fournir de la nourriture au quotidien \u00e0 ses membres.<\/p>\n\n\n\n<p class=\"has-text-color has-text-align-center has-header-gradient-color\">Votre Zakat &#038; Sadakaa aidera les enfants abandonn\u00e9s \u00e0 avoir suffisamment de la nourriture et m\u00e9dicaments, ainsi que d\u2019acc\u00e9der  \u00e0 une \u00e9ducation et une formation professionnelle qui peut leur offrir  une vie stable.<\/p>\n\n\n\n<div class=\"wp-container-1 wp-block-buttons aligncenter\">\n<div class=\"wp-block-button\"><a class=\"wp-block-button__link has-background has-accent-background-color\" href=\"\/fr\/donate\/?donation=Zakah - Sadakah Box\">Faire un don maintenant<\/a><\/div>\n<\/div>\n<\/div>\n<\/div><\/div>\n\n\n\n<p><\/p>\n","protected":false},"excerpt":{"rendered":"","protected":false},"author":1,"featured_media":20605,"parent":0,"menu_order":0,"comment_status":"closed","ping_status":"closed","template":"","meta":{"_coblocks_attr":"","_coblocks_dimensions":"","_coblocks_responsive_height":"","_coblocks_accordion_ie_support":"","_themeisle_gutenberg_block_has_review":false},"translation":{"provider":"WPGlobus","version":"2.8.11","language":"fr","enabled_languages":["en","ar","fr"],"languages":{"en":{"title":true,"content":true,"excerpt":false},"ar":{"title":true,"content":true,"excerpt":false},"fr":{"title":true,"content":true,"excerpt":false}}},"yoast_head":"<!-- This site is optimized with the Yoast SEO plugin v18.2 - https:\/\/yoast.com\/wordpress\/plugins\/seo\/ -->\n<title>Bo\u00eete Zakat \/ Sadaq\u00e2 | WIF | Fondation internationale Wedad | Espoir des nourrissons abandonn\u00e9s<\/title>\n<meta name=\"robots\" content=\"index, follow, max-snippet:-1, max-image-preview:large, max-video-preview:-1\" \/>\n<link rel=\"canonical\" href=\"https:\/\/www.wedadint.org\/generosity-box\/\" \/>\n<meta property=\"og:locale\" content=\"fr_FR\" \/>\n<meta property=\"og:type\" content=\"article\" \/>\n<meta property=\"og:title\" content=\"Bo\u00eete Zakat \/ Sadaq\u00e2 | WIF | Fondation internationale Wedad | Espoir des nourrissons abandonn\u00e9s\" \/>\n<meta property=\"og:url\" content=\"https:\/\/www.wedadint.org\/generosity-box\/\" \/>\n<meta property=\"og:site_name\" content=\"WIF | Fondation internationale Wedad | Espoir des nourrissons abandonn\u00e9s\" \/>\n<meta property=\"article:publisher\" content=\"https:\/\/www.facebook.com\/wedadint\" \/>\n<meta property=\"article:modified_time\" content=\"2021-05-05T12:02:32+00:00\" \/>\n<meta property=\"og:image\" content=\"https:\/\/www.wedadint.org\/wp-content\/uploads\/2021\/01\/geno.jpg\" \/>\n\t<meta property=\"og:image:width\" content=\"1430\" \/>\n\t<meta property=\"og:image:height\" content=\"953\" \/>\n\t<meta property=\"og:image:type\" content=\"image\/jpeg\" \/>\n<meta name=\"twitter:card\" content=\"summary_large_image\" \/>\n<meta name=\"twitter:site\" content=\"@Wedadint\" \/>\n<meta name=\"twitter:label1\" content=\"Dur\u00e9e de lecture estim\u00e9e\" \/>\n\t<meta name=\"twitter:data1\" content=\"1 minute\" \/>\n<script type=\"application\/ld+json\" class=\"yoast-schema-graph\">{\"@context\":\"https:\/\/schema.org\",\"@graph\":[{\"@type\":\"Organization\",\"@id\":\"https:\/\/www.wedadint.org\/#organization\",\"name\":\"Wedad International Foundation\",\"url\":\"https:\/\/www.wedadint.org\/\",\"sameAs\":[\"https:\/\/www.facebook.com\/wedadint\",\"https:\/\/www.instagram.com\/wedadint\",\"https:\/\/twitter.com\/Wedadint\"],\"logo\":{\"@type\":\"ImageObject\",\"@id\":\"https:\/\/www.wedadint.org\/#logo\",\"inLanguage\":\"fr-FR\",\"url\":\"https:\/\/www.wedadint.org\/wp-content\/uploads\/2020\/06\/Wedad-Logo-N300.png\",\"contentUrl\":\"https:\/\/www.wedadint.org\/wp-content\/uploads\/2020\/06\/Wedad-Logo-N300.png\",\"width\":300,\"height\":299,\"caption\":\"Wedad International Foundation\"},\"image\":{\"@id\":\"https:\/\/www.wedadint.org\/#logo\"}},{\"@type\":\"WebSite\",\"@id\":\"https:\/\/www.wedadint.org\/#website\",\"url\":\"https:\/\/www.wedadint.org\/\",\"name\":\"WIF | Fondation internationale Wedad | Espoir des nourrissons abandonn\u00e9s\",\"description\":\"Espoir des nourrissons abandonn\u00e9s\",\"publisher\":{\"@id\":\"https:\/\/www.wedadint.org\/#organization\"},\"potentialAction\":[{\"@type\":\"SearchAction\",\"target\":{\"@type\":\"EntryPoint\",\"urlTemplate\":\"https:\/\/www.wedadint.org\/?s={search_term_string}\"},\"query-input\":\"required name=search_term_string\"}],\"inLanguage\":\"fr-FR\"},{\"@type\":\"ImageObject\",\"@id\":\"https:\/\/www.wedadint.org\/generosity-box\/#primaryimage\",\"inLanguage\":\"fr-FR\",\"url\":\"https:\/\/www.wedadint.org\/wp-content\/uploads\/2021\/01\/geno.jpg\",\"contentUrl\":\"https:\/\/www.wedadint.org\/wp-content\/uploads\/2021\/01\/geno.jpg\",\"width\":1430,\"height\":953},{\"@type\":\"WebPage\",\"@id\":\"https:\/\/www.wedadint.org\/generosity-box\/#webpage\",\"url\":\"https:\/\/www.wedadint.org\/generosity-box\/\",\"name\":\"Bo\u00eete Zakat \/ Sadaq\u00e2 | WIF | Fondation internationale Wedad | Espoir des nourrissons abandonn\u00e9s\",\"isPartOf\":{\"@id\":\"https:\/\/www.wedadint.org\/#website\"},\"primaryImageOfPage\":{\"@id\":\"https:\/\/www.wedadint.org\/generosity-box\/#primaryimage\"},\"datePublished\":\"2020-05-01T11:58:42+00:00\",\"dateModified\":\"2021-05-05T12:02:32+00:00\",\"description\":\"By giving your Zakah and Sadakah to our cause, you will be supporting those abandoned infants through supporting their families.\",\"breadcrumb\":{\"@id\":\"https:\/\/www.wedadint.org\/generosity-box\/#breadcrumb\"},\"inLanguage\":\"fr-FR\",\"potentialAction\":[{\"@type\":\"ReadAction\",\"target\":[\"https:\/\/www.wedadint.org\/generosity-box\/\"]}]},{\"@type\":\"BreadcrumbList\",\"@id\":\"https:\/\/www.wedadint.org\/generosity-box\/#breadcrumb\",\"itemListElement\":[{\"@type\":\"ListItem\",\"position\":1,\"name\":\"Home\",\"item\":\"https:\/\/www.wedadint.org\/\"},{\"@type\":\"ListItem\",\"position\":2,\"name\":\"Generosity Box\"}]}]}<\/script>\n<!-- \/ Yoast SEO plugin. -->","yoast_head_json":{"title":"Bo\u00eete Zakat \/ Sadaq\u00e2 | WIF | Fondation internationale Wedad | Espoir des nourrissons abandonn\u00e9s","robots":{"index":"index","follow":"follow","max-snippet":"max-snippet:-1","max-image-preview":"max-image-preview:large","max-video-preview":"max-video-preview:-1"},"canonical":"https:\/\/www.wedadint.org\/generosity-box\/","og_locale":"fr_FR","og_type":"article","og_title":"Bo\u00eete Zakat \/ Sadaq\u00e2 | WIF | Fondation internationale Wedad | Espoir des nourrissons abandonn\u00e9s","og_url":"https:\/\/www.wedadint.org\/generosity-box\/","og_site_name":"WIF | Fondation internationale Wedad | Espoir des nourrissons abandonn\u00e9s","article_publisher":"https:\/\/www.facebook.com\/wedadint","article_modified_time":"2021-05-05T12:02:32+00:00","og_image":[{"width":1430,"height":953,"url":"https:\/\/www.wedadint.org\/wp-content\/uploads\/2021\/01\/geno.jpg","type":"image\/jpeg"}],"twitter_card":"summary_large_image","twitter_site":"@Wedadint","twitter_misc":{"Dur\u00e9e de lecture estim\u00e9e":"1 minute"},"schema":{"@context":"https:\/\/schema.org","@graph":[{"@type":"Organization","@id":"https:\/\/www.wedadint.org\/#organization","name":"Wedad International Foundation","url":"https:\/\/www.wedadint.org\/","sameAs":["https:\/\/www.facebook.com\/wedadint","https:\/\/www.instagram.com\/wedadint","https:\/\/twitter.com\/Wedadint"],"logo":{"@type":"ImageObject","@id":"https:\/\/www.wedadint.org\/#logo","inLanguage":"fr-FR","url":"https:\/\/www.wedadint.org\/wp-content\/uploads\/2020\/06\/Wedad-Logo-N300.png","contentUrl":"https:\/\/www.wedadint.org\/wp-content\/uploads\/2020\/06\/Wedad-Logo-N300.png","width":300,"height":299,"caption":"Wedad International Foundation"},"image":{"@id":"https:\/\/www.wedadint.org\/#logo"}},{"@type":"WebSite","@id":"https:\/\/www.wedadint.org\/#website","url":"https:\/\/www.wedadint.org\/","name":"WIF | Fondation internationale Wedad | Espoir des nourrissons abandonn\u00e9s","description":"Espoir des nourrissons abandonn\u00e9s","publisher":{"@id":"https:\/\/www.wedadint.org\/#organization"},"potentialAction":[{"@type":"SearchAction","target":{"@type":"EntryPoint","urlTemplate":"https:\/\/www.wedadint.org\/?s={search_term_string}"},"query-input":"required name=search_term_string"}],"inLanguage":"fr-FR"},{"@type":"ImageObject","@id":"https:\/\/www.wedadint.org\/generosity-box\/#primaryimage","inLanguage":"fr-FR","url":"https:\/\/www.wedadint.org\/wp-content\/uploads\/2021\/01\/geno.jpg","contentUrl":"https:\/\/www.wedadint.org\/wp-content\/uploads\/2021\/01\/geno.jpg","width":1430,"height":953},{"@type":"WebPage","@id":"https:\/\/www.wedadint.org\/generosity-box\/#webpage","url":"https:\/\/www.wedadint.org\/generosity-box\/","name":"Bo\u00eete Zakat \/ Sadaq\u00e2 | WIF | Fondation internationale Wedad | Espoir des nourrissons abandonn\u00e9s","isPartOf":{"@id":"https:\/\/www.wedadint.org\/#website"},"primaryImageOfPage":{"@id":"https:\/\/www.wedadint.org\/generosity-box\/#primaryimage"},"datePublished":"2020-05-01T11:58:42+00:00","dateModified":"2021-05-05T12:02:32+00:00","description":"By giving your Zakah and Sadakah to our cause, you will be supporting those abandoned infants through supporting their families.","breadcrumb":{"@id":"https:\/\/www.wedadint.org\/generosity-box\/#breadcrumb"},"inLanguage":"fr-FR","potentialAction":[{"@type":"ReadAction","target":["https:\/\/www.wedadint.org\/generosity-box\/"]}]},{"@type":"BreadcrumbList","@id":"https:\/\/www.wedadint.org\/generosity-box\/#breadcrumb","itemListElement":[{"@type":"ListItem","position":1,"name":"Home","item":"https:\/\/www.wedadint.org\/"},{"@type":"ListItem","position":2,"name":"Generosity Box"}]}]}},"uagb_featured_image_src":{"full":["https:\/\/www.wedadint.org\/wp-content\/uploads\/2021\/01\/geno.jpg",1430,953,false],"thumbnail":["https:\/\/www.wedadint.org\/wp-content\/uploads\/2021\/01\/geno-150x150.jpg",150,150,true],"medium":["https:\/\/www.wedadint.org\/wp-content\/uploads\/2021\/01\/geno-300x200.jpg",300,200,true],"medium_large":["https:\/\/www.wedadint.org\/wp-content\/uploads\/2021\/01\/geno-768x512.jpg",750,500,true],"large":["https:\/\/www.wedadint.org\/wp-content\/uploads\/2021\/01\/geno-1024x682.jpg",750,500,true],"thumblist":["https:\/\/www.wedadint.org\/wp-content\/uploads\/2021\/01\/geno-300x300.jpg",300,300,true],"meccarouselthumb":["https:\/\/www.wedadint.org\/wp-content\/uploads\/2021\/01\/geno-474x324.jpg",474,324,true],"gridsquare":["https:\/\/www.wedadint.org\/wp-content\/uploads\/2021\/01\/geno-391x260.jpg",391,260,true],"tileview":["https:\/\/www.wedadint.org\/wp-content\/uploads\/2021\/01\/geno-300x400.jpg",300,400,true],"1536x1536":["https:\/\/www.wedadint.org\/wp-content\/uploads\/2021\/01\/geno.jpg",1430,953,false],"2048x2048":["https:\/\/www.wedadint.org\/wp-content\/uploads\/2021\/01\/geno.jpg",1430,953,false],"hestia-blog":["https:\/\/www.wedadint.org\/wp-content\/uploads\/2021\/01\/geno-360x240.jpg",360,240,true]},"uagb_author_info":{"display_name":"wedad","author_link":"https:\/\/www.wedadint.org\/fr\/author\/wedad\/"},"uagb_comment_info":0,"uagb_excerpt":null,"_links":{"self":[{"href":"https:\/\/www.wedadint.org\/fr\/wp-json\/wp\/v2\/pages\/18329"}],"collection":[{"href":"https:\/\/www.wedadint.org\/fr\/wp-json\/wp\/v2\/pages"}],"about":[{"href":"https:\/\/www.wedadint.org\/fr\/wp-json\/wp\/v2\/types\/page"}],"author":[{"embeddable":true,"href":"https:\/\/www.wedadint.org\/fr\/wp-json\/wp\/v2\/users\/1"}],"replies":[{"embeddable":true,"href":"https:\/\/www.wedadint.org\/fr\/wp-json\/wp\/v2\/comments?post=18329"}],"version-history":[{"count":29,"href":"https:\/\/www.wedadint.org\/fr\/wp-json\/wp\/v2\/pages\/18329\/revisions"}],"predecessor-version":[{"id":20783,"href":"https:\/\/www.wedadint.org\/fr\/wp-json\/wp\/v2\/pages\/18329\/revisions\/20783"}],"wp:featuredmedia":[{"embeddable":true,"href":"https:\/\/www.wedadint.org\/fr\/wp-json\/wp\/v2\/media\/20605"}],"wp:attachment":[{"href":"https:\/\/www.wedadint.org\/fr\/wp-json\/wp\/v2\/media?parent=18329"}],"curies":[{"name":"wp","href":"https:\/\/api.w.org\/{rel}","templated":true}]}}