{"id":18334,"date":"2020-05-01T12:22:20","date_gmt":"2020-05-01T12:22:20","guid":{"rendered":"http:\/\/www.wedadi.org\/?page_id=18334"},"modified":"2021-01-22T18:30:54","modified_gmt":"2021-01-22T18:30:54","slug":"global-box","status":"publish","type":"page","link":"https:\/\/www.wedadint.org\/fr\/global-box\/","title":{"rendered":"Coffret g\u00e9n\u00e9ral"},"content":{"rendered":"\n<div class=\"wp-block-themeisle-blocks-advanced-columns has-1-columns has-desktop-equal-layout has-tablet-equal-layout has-mobile-equal-layout has-default-gap has-vertical-unset\" id=\"wp-block-themeisle-blocks-advanced-columns-0ef22e71\"><div class=\"wp-block-themeisle-blocks-advanced-columns-overlay\"><\/div><div class=\"innerblocks-wrap\">\n<div class=\"wp-block-themeisle-blocks-advanced-column\" id=\"wp-block-themeisle-blocks-advanced-column-a56aece9\">\n<p>Les dons manifestent avant tout une dimension humaine et morale du donateur et une estime de l&rsquo;autre qui est dans le besoin. Vous pouvez faire un don une seule fois ou r\u00e9guli\u00e8rement pour contribuer \u00e0 une vie stable d\u2019un orphelin abandonn\u00e9. Vous pouvez donner de l\u2019argent, du mat\u00e9riel ou opter \u00e0 tout autres moyen de soutien que vous l\u2019estimeriez bon.<\/p>\n\n\n\n<p>Votre don \u00e0 Wedad Int. augmente aussi son capital de dotation et son investissement au profit des orphelins abandonn\u00e9s. Vous serez un partenaire dans ce noble effort humanitaire qui concerne les enfants les plus vuln\u00e9rables et les plus pauvres du monde.<\/p>\n\n\n\n<p class=\"has-text-color has-text-align-center has-accent-color\">Nous croyons que la bont\u00e9 de la soci\u00e9t\u00e9 passe par la prise en charge de ses membres les plus vuln\u00e9rables.<\/p>\n\n\n\n<div class=\"wp-container-1 wp-block-buttons aligncenter\">\n<div class=\"wp-block-button\"><a class=\"wp-block-button__link has-background has-accent-background-color\" href=\"\/fr\/donate\/?donation=General given box\">Faire un don maintenant<\/a><\/div>\n<\/div>\n<\/div>\n<\/div><\/div>\n\n\n\n<p><\/p>\n","protected":false},"excerpt":{"rendered":"","protected":false},"author":1,"featured_media":18891,"parent":0,"menu_order":0,"comment_status":"closed","ping_status":"closed","template":"","meta":{"_coblocks_attr":"Open Sans,Open Sans","_coblocks_dimensions":"","_coblocks_responsive_height":"","_coblocks_accordion_ie_support":"","_themeisle_gutenberg_block_has_review":false},"translation":{"provider":"WPGlobus","version":"2.8.11","language":"fr","enabled_languages":["en","ar","fr"],"languages":{"en":{"title":true,"content":true,"excerpt":false},"ar":{"title":true,"content":true,"excerpt":false},"fr":{"title":true,"content":true,"excerpt":false}}},"yoast_head":"<!-- This site is optimized with the Yoast SEO plugin v18.2 - https:\/\/yoast.com\/wordpress\/plugins\/seo\/ -->\n<title>Coffret g\u00e9n\u00e9ral | WIF | Fondation internationale Wedad | Espoir des nourrissons abandonn\u00e9s<\/title>\n<meta name=\"robots\" content=\"index, follow, max-snippet:-1, max-image-preview:large, max-video-preview:-1\" \/>\n<link rel=\"canonical\" href=\"https:\/\/www.wedadint.org\/global-box\/\" \/>\n<meta property=\"og:locale\" content=\"fr_FR\" \/>\n<meta property=\"og:type\" content=\"article\" \/>\n<meta property=\"og:title\" content=\"Coffret g\u00e9n\u00e9ral | WIF | Fondation internationale Wedad | Espoir des nourrissons abandonn\u00e9s\" \/>\n<meta property=\"og:url\" content=\"https:\/\/www.wedadint.org\/global-box\/\" \/>\n<meta property=\"og:site_name\" content=\"WIF | Fondation internationale Wedad | Espoir des nourrissons abandonn\u00e9s\" \/>\n<meta property=\"article:publisher\" content=\"https:\/\/www.facebook.com\/wedadint\" \/>\n<meta property=\"article:modified_time\" content=\"2021-01-22T18:30:54+00:00\" \/>\n<meta property=\"og:image\" content=\"https:\/\/www.wedadint.org\/wp-content\/uploads\/2020\/05\/Adult-and-child-s-hands-holding-a-heart-together_876467247261864512.jpg\" \/>\n\t<meta property=\"og:image:width\" content=\"1050\" \/>\n\t<meta property=\"og:image:height\" content=\"700\" \/>\n\t<meta property=\"og:image:type\" content=\"image\/jpeg\" \/>\n<meta name=\"twitter:card\" content=\"summary_large_image\" \/>\n<meta name=\"twitter:site\" content=\"@Wedadint\" \/>\n<meta name=\"twitter:label1\" content=\"Dur\u00e9e de lecture estim\u00e9e\" \/>\n\t<meta name=\"twitter:data1\" content=\"1 minute\" \/>\n<script type=\"application\/ld+json\" class=\"yoast-schema-graph\">{\"@context\":\"https:\/\/schema.org\",\"@graph\":[{\"@type\":\"Organization\",\"@id\":\"https:\/\/www.wedadint.org\/#organization\",\"name\":\"Wedad International Foundation\",\"url\":\"https:\/\/www.wedadint.org\/\",\"sameAs\":[\"https:\/\/www.facebook.com\/wedadint\",\"https:\/\/www.instagram.com\/wedadint\",\"https:\/\/twitter.com\/Wedadint\"],\"logo\":{\"@type\":\"ImageObject\",\"@id\":\"https:\/\/www.wedadint.org\/#logo\",\"inLanguage\":\"fr-FR\",\"url\":\"https:\/\/www.wedadint.org\/wp-content\/uploads\/2020\/06\/Wedad-Logo-N300.png\",\"contentUrl\":\"https:\/\/www.wedadint.org\/wp-content\/uploads\/2020\/06\/Wedad-Logo-N300.png\",\"width\":300,\"height\":299,\"caption\":\"Wedad International Foundation\"},\"image\":{\"@id\":\"https:\/\/www.wedadint.org\/#logo\"}},{\"@type\":\"WebSite\",\"@id\":\"https:\/\/www.wedadint.org\/#website\",\"url\":\"https:\/\/www.wedadint.org\/\",\"name\":\"WIF | Fondation internationale Wedad | Espoir des nourrissons abandonn\u00e9s\",\"description\":\"Espoir des nourrissons abandonn\u00e9s\",\"publisher\":{\"@id\":\"https:\/\/www.wedadint.org\/#organization\"},\"potentialAction\":[{\"@type\":\"SearchAction\",\"target\":{\"@type\":\"EntryPoint\",\"urlTemplate\":\"https:\/\/www.wedadint.org\/?s={search_term_string}\"},\"query-input\":\"required name=search_term_string\"}],\"inLanguage\":\"fr-FR\"},{\"@type\":\"ImageObject\",\"@id\":\"https:\/\/www.wedadint.org\/global-box\/#primaryimage\",\"inLanguage\":\"fr-FR\",\"url\":\"https:\/\/www.wedadint.org\/wp-content\/uploads\/2020\/05\/Adult-and-child-s-hands-holding-a-heart-together_876467247261864512.jpg\",\"contentUrl\":\"https:\/\/www.wedadint.org\/wp-content\/uploads\/2020\/05\/Adult-and-child-s-hands-holding-a-heart-together_876467247261864512.jpg\",\"width\":1050,\"height\":700,\"caption\":\"general given box\"},{\"@type\":\"WebPage\",\"@id\":\"https:\/\/www.wedadint.org\/global-box\/#webpage\",\"url\":\"https:\/\/www.wedadint.org\/global-box\/\",\"name\":\"Coffret g\u00e9n\u00e9ral | WIF | Fondation internationale Wedad | Espoir des nourrissons abandonn\u00e9s\",\"isPartOf\":{\"@id\":\"https:\/\/www.wedadint.org\/#website\"},\"primaryImageOfPage\":{\"@id\":\"https:\/\/www.wedadint.org\/global-box\/#primaryimage\"},\"datePublished\":\"2020-05-01T12:22:20+00:00\",\"dateModified\":\"2021-01-22T18:30:54+00:00\",\"description\":\"General given box donations make you partner in caring for abandoned infant orphans, and you will be a part of our community network.\",\"breadcrumb\":{\"@id\":\"https:\/\/www.wedadint.org\/global-box\/#breadcrumb\"},\"inLanguage\":\"fr-FR\",\"potentialAction\":[{\"@type\":\"ReadAction\",\"target\":[\"https:\/\/www.wedadint.org\/global-box\/\"]}]},{\"@type\":\"BreadcrumbList\",\"@id\":\"https:\/\/www.wedadint.org\/global-box\/#breadcrumb\",\"itemListElement\":[{\"@type\":\"ListItem\",\"position\":1,\"name\":\"Home\",\"item\":\"https:\/\/www.wedadint.org\/\"},{\"@type\":\"ListItem\",\"position\":2,\"name\":\"Global Box\"}]}]}<\/script>\n<!-- \/ Yoast SEO plugin. -->","yoast_head_json":{"title":"Coffret g\u00e9n\u00e9ral | WIF | Fondation internationale Wedad | Espoir des nourrissons abandonn\u00e9s","robots":{"index":"index","follow":"follow","max-snippet":"max-snippet:-1","max-image-preview":"max-image-preview:large","max-video-preview":"max-video-preview:-1"},"canonical":"https:\/\/www.wedadint.org\/global-box\/","og_locale":"fr_FR","og_type":"article","og_title":"Coffret g\u00e9n\u00e9ral | WIF | Fondation internationale Wedad | Espoir des nourrissons abandonn\u00e9s","og_url":"https:\/\/www.wedadint.org\/global-box\/","og_site_name":"WIF | Fondation internationale Wedad | Espoir des nourrissons abandonn\u00e9s","article_publisher":"https:\/\/www.facebook.com\/wedadint","article_modified_time":"2021-01-22T18:30:54+00:00","og_image":[{"width":1050,"height":700,"url":"https:\/\/www.wedadint.org\/wp-content\/uploads\/2020\/05\/Adult-and-child-s-hands-holding-a-heart-together_876467247261864512.jpg","type":"image\/jpeg"}],"twitter_card":"summary_large_image","twitter_site":"@Wedadint","twitter_misc":{"Dur\u00e9e de lecture estim\u00e9e":"1 minute"},"schema":{"@context":"https:\/\/schema.org","@graph":[{"@type":"Organization","@id":"https:\/\/www.wedadint.org\/#organization","name":"Wedad International Foundation","url":"https:\/\/www.wedadint.org\/","sameAs":["https:\/\/www.facebook.com\/wedadint","https:\/\/www.instagram.com\/wedadint","https:\/\/twitter.com\/Wedadint"],"logo":{"@type":"ImageObject","@id":"https:\/\/www.wedadint.org\/#logo","inLanguage":"fr-FR","url":"https:\/\/www.wedadint.org\/wp-content\/uploads\/2020\/06\/Wedad-Logo-N300.png","contentUrl":"https:\/\/www.wedadint.org\/wp-content\/uploads\/2020\/06\/Wedad-Logo-N300.png","width":300,"height":299,"caption":"Wedad International Foundation"},"image":{"@id":"https:\/\/www.wedadint.org\/#logo"}},{"@type":"WebSite","@id":"https:\/\/www.wedadint.org\/#website","url":"https:\/\/www.wedadint.org\/","name":"WIF | Fondation internationale Wedad | Espoir des nourrissons abandonn\u00e9s","description":"Espoir des nourrissons abandonn\u00e9s","publisher":{"@id":"https:\/\/www.wedadint.org\/#organization"},"potentialAction":[{"@type":"SearchAction","target":{"@type":"EntryPoint","urlTemplate":"https:\/\/www.wedadint.org\/?s={search_term_string}"},"query-input":"required name=search_term_string"}],"inLanguage":"fr-FR"},{"@type":"ImageObject","@id":"https:\/\/www.wedadint.org\/global-box\/#primaryimage","inLanguage":"fr-FR","url":"https:\/\/www.wedadint.org\/wp-content\/uploads\/2020\/05\/Adult-and-child-s-hands-holding-a-heart-together_876467247261864512.jpg","contentUrl":"https:\/\/www.wedadint.org\/wp-content\/uploads\/2020\/05\/Adult-and-child-s-hands-holding-a-heart-together_876467247261864512.jpg","width":1050,"height":700,"caption":"general given box"},{"@type":"WebPage","@id":"https:\/\/www.wedadint.org\/global-box\/#webpage","url":"https:\/\/www.wedadint.org\/global-box\/","name":"Coffret g\u00e9n\u00e9ral | WIF | Fondation internationale Wedad | Espoir des nourrissons abandonn\u00e9s","isPartOf":{"@id":"https:\/\/www.wedadint.org\/#website"},"primaryImageOfPage":{"@id":"https:\/\/www.wedadint.org\/global-box\/#primaryimage"},"datePublished":"2020-05-01T12:22:20+00:00","dateModified":"2021-01-22T18:30:54+00:00","description":"General given box donations make you partner in caring for abandoned infant orphans, and you will be a part of our community network.","breadcrumb":{"@id":"https:\/\/www.wedadint.org\/global-box\/#breadcrumb"},"inLanguage":"fr-FR","potentialAction":[{"@type":"ReadAction","target":["https:\/\/www.wedadint.org\/global-box\/"]}]},{"@type":"BreadcrumbList","@id":"https:\/\/www.wedadint.org\/global-box\/#breadcrumb","itemListElement":[{"@type":"ListItem","position":1,"name":"Home","item":"https:\/\/www.wedadint.org\/"},{"@type":"ListItem","position":2,"name":"Global Box"}]}]}},"uagb_featured_image_src":{"full":["https:\/\/www.wedadint.org\/wp-content\/uploads\/2020\/05\/Adult-and-child-s-hands-holding-a-heart-together_876467247261864512.jpg",1050,700,false],"thumbnail":["https:\/\/www.wedadint.org\/wp-content\/uploads\/2020\/05\/Adult-and-child-s-hands-holding-a-heart-together_876467247261864512-150x150.jpg",150,150,true],"medium":["https:\/\/www.wedadint.org\/wp-content\/uploads\/2020\/05\/Adult-and-child-s-hands-holding-a-heart-together_876467247261864512-300x200.jpg",300,200,true],"medium_large":["https:\/\/www.wedadint.org\/wp-content\/uploads\/2020\/05\/Adult-and-child-s-hands-holding-a-heart-together_876467247261864512-768x512.jpg",750,500,true],"large":["https:\/\/www.wedadint.org\/wp-content\/uploads\/2020\/05\/Adult-and-child-s-hands-holding-a-heart-together_876467247261864512-1024x683.jpg",750,500,true],"thumblist":["https:\/\/www.wedadint.org\/wp-content\/uploads\/2020\/05\/Adult-and-child-s-hands-holding-a-heart-together_876467247261864512-300x300.jpg",300,300,true],"meccarouselthumb":["https:\/\/www.wedadint.org\/wp-content\/uploads\/2020\/05\/Adult-and-child-s-hands-holding-a-heart-together_876467247261864512-474x324.jpg",474,324,true],"gridsquare":["https:\/\/www.wedadint.org\/wp-content\/uploads\/2020\/05\/Adult-and-child-s-hands-holding-a-heart-together_876467247261864512-391x260.jpg",391,260,true],"tileview":["https:\/\/www.wedadint.org\/wp-content\/uploads\/2020\/05\/Adult-and-child-s-hands-holding-a-heart-together_876467247261864512-300x400.jpg",300,400,true],"1536x1536":["https:\/\/www.wedadint.org\/wp-content\/uploads\/2020\/05\/Adult-and-child-s-hands-holding-a-heart-together_876467247261864512.jpg",1050,700,false],"2048x2048":["https:\/\/www.wedadint.org\/wp-content\/uploads\/2020\/05\/Adult-and-child-s-hands-holding-a-heart-together_876467247261864512.jpg",1050,700,false],"hestia-blog":["https:\/\/www.wedadint.org\/wp-content\/uploads\/2020\/05\/Adult-and-child-s-hands-holding-a-heart-together_876467247261864512-360x240.jpg",360,240,true]},"uagb_author_info":{"display_name":"wedad","author_link":"https:\/\/www.wedadint.org\/fr\/author\/wedad\/"},"uagb_comment_info":0,"uagb_excerpt":null,"_links":{"self":[{"href":"https:\/\/www.wedadint.org\/fr\/wp-json\/wp\/v2\/pages\/18334"}],"collection":[{"href":"https:\/\/www.wedadint.org\/fr\/wp-json\/wp\/v2\/pages"}],"about":[{"href":"https:\/\/www.wedadint.org\/fr\/wp-json\/wp\/v2\/types\/page"}],"author":[{"embeddable":true,"href":"https:\/\/www.wedadint.org\/fr\/wp-json\/wp\/v2\/users\/1"}],"replies":[{"embeddable":true,"href":"https:\/\/www.wedadint.org\/fr\/wp-json\/wp\/v2\/comments?post=18334"}],"version-history":[{"count":25,"href":"https:\/\/www.wedadint.org\/fr\/wp-json\/wp\/v2\/pages\/18334\/revisions"}],"predecessor-version":[{"id":20580,"href":"https:\/\/www.wedadint.org\/fr\/wp-json\/wp\/v2\/pages\/18334\/revisions\/20580"}],"wp:featuredmedia":[{"embeddable":true,"href":"https:\/\/www.wedadint.org\/fr\/wp-json\/wp\/v2\/media\/18891"}],"wp:attachment":[{"href":"https:\/\/www.wedadint.org\/fr\/wp-json\/wp\/v2\/media?parent=18334"}],"curies":[{"name":"wp","href":"https:\/\/api.w.org\/{rel}","templated":true}]}}