{"id":18489,"date":"2020-05-03T08:44:27","date_gmt":"2020-05-03T08:44:27","guid":{"rendered":"http:\/\/www.wedadi.org\/?page_id=18489"},"modified":"2021-01-11T09:28:56","modified_gmt":"2021-01-11T09:28:56","slug":"will-give-box","status":"publish","type":"page","link":"https:\/\/www.wedadint.org\/fr\/will-give-box\/","title":{"rendered":"Testament"},"content":{"rendered":"\n<div class=\"wp-block-themeisle-blocks-advanced-columns has-1-columns has-desktop-equal-layout has-tablet-equal-layout has-mobile-equal-layout has-default-gap has-vertical-unset\" id=\"wp-block-themeisle-blocks-advanced-columns-9a42729a\"><div class=\"wp-block-themeisle-blocks-advanced-columns-overlay\"><\/div><div class=\"innerblocks-wrap\">\n<div class=\"wp-block-themeisle-blocks-advanced-column\" id=\"wp-block-themeisle-blocks-advanced-column-7021a8d7\">\n<p>Quoi de mieux que de laisser un h\u00e9ritage qui rend notre monde meilleur pour les enfants?<\/p>\n\n\n\n<p>En incluant dans votre testament les enfants abandonn\u00e9s ou des familles d&rsquo;accueil \u00abkafalaa\u00bb, vous offrez une chance compl\u00e8te de vie digne aux enfants abandonn\u00e9s et aux familles qui les prennent en charge. Votre soutien aidera \u00e0 leur \u00e9ducation et assurera leurs besoins de base dans des soci\u00e9t\u00e9s de plus en plus troubl\u00e9s par les  int\u00e9r\u00eats et les probl\u00e8mes. Vous pouvez l\u00e9guer tout, une partie ou un article de votre h\u00e9ritage, comme une maison, une ferme, un immeuble ou une somme d\u2019argent .<\/p>\n\n\n\n<p><strong>Notre d\u00e9partement juridique se tient \u00e0 votre disposition pour la r\u00e9daction conforme \u00e0 la loi de votre testament, o\u00f9 que vous soyez.<\/strong><\/p>\n<\/div>\n<\/div><\/div>\n\n\n\n<div class=\"wp-block-themeisle-blocks-advanced-columns has-1-columns has-desktop-equal-layout has-tablet-equal-layout has-mobile-equal-layout has-default-gap has-vertical-unset\" id=\"wp-block-themeisle-blocks-advanced-columns-d87f7402\"><div class=\"wp-block-themeisle-blocks-advanced-columns-overlay\"><\/div><div class=\"innerblocks-wrap\">\n<div class=\"wp-block-themeisle-blocks-advanced-column\" id=\"wp-block-themeisle-blocks-advanced-column-bbc13d50\">\n<h2 class=\"has-header-gradient-color has-text-color has-text-align-center\">Vous pouvez commencer par prendre contact avec nous \u00e0 cette fin et nous continuons la suite ensemble\u00a0:<\/h2>\n\n\n\n<link rel=\"stylesheet\" href=\"\/crm\/forms_css.css\">\n<form id=\"regForm\" name=\"Website Contact us form\" action=\"\/crm\/cont_submit_fr.php\" method=\"post\" accept-charset=\"utf-8\" enctype=\"multipart\/form-data\">\n\n<div>\n<input type=\"hidden\" id=\"cont_wd_a\" name=\"cont_id\">\n<input type=\"hidden\" id=\"counter_dat\" name=\"counter_dat\">\n\n<h3>Informations de contact<\/h3>\n\n<p><label>Nom*<\/label><\/p>\n<p><input type=\"text\" placeholder=\"Votre nom*...\" name=\"wd_name\" value=\"\" required=\"\"><\/p>\n\n<p><label>T\u00e9l\u00e9phone portable*<\/label><\/p>\n<p><input type=\"number\" placeholder=\"Votre t\u00e9l\u00e9phone portable*...\" name=\"wd_mobile\" value=\"\" required=\"\"><\/p>\n\n<p><label>email*<\/label><\/p>\n<p><input type=\"email\" placeholder=\"Votre eMail*...\" name=\"wd_email_adress\" value=\"\" required=\"\"><\/p>\n\n<input type=\"hidden\" name=\"wd_purpose\" value=\"Will Give Box\">\n<input type=\"hidden\" name=\"wd_subject\" value=\"Will Give Request\">\n<input type=\"hidden\" name=\"wd_message\" value=\"Will Give Request\">\n\n<p><label>J&rsquo;accepte la politique de confidentialit\u00e9 et la s\u00e9curit\u00e9*<\/label>\n<input type=\"hidden\" name=\"wd_Privacy_Policy_and_Security\" value\"=\"\" value=\"0\">\n<input style=\"cursor: pointer; position: relative; width:50px; hight:50px;\" type=\"checkbox\" name=\"wd_Privacy_Policy_and_Security\" value\"=\"\" value=\"1\" required=\"\">\n<\/p>\n\n<p id=\"html_element\" align=\"right\"><\/p>\n\n<input style=\"width: 100%\" type=\"submit\" value=\"Submit\">\n\n<\/div>\n\n<\/form>\n\n<script src=\"\/crm\/recaptcha_valid.js\"><\/script>\n<\/div>\n<\/div><\/div>\n","protected":false},"excerpt":{"rendered":"","protected":false},"author":1,"featured_media":18890,"parent":0,"menu_order":0,"comment_status":"closed","ping_status":"closed","template":"","meta":{"_coblocks_attr":"Open Sans,Open Sans","_coblocks_dimensions":"","_coblocks_responsive_height":"","_coblocks_accordion_ie_support":"","_themeisle_gutenberg_block_has_review":false},"translation":{"provider":"WPGlobus","version":"2.8.11","language":"fr","enabled_languages":["en","ar","fr"],"languages":{"en":{"title":true,"content":true,"excerpt":false},"ar":{"title":true,"content":true,"excerpt":false},"fr":{"title":true,"content":true,"excerpt":false}}},"yoast_head":"<!-- This site is optimized with the Yoast SEO plugin v18.2 - https:\/\/yoast.com\/wordpress\/plugins\/seo\/ -->\n<title>Testament | WIF | Fondation internationale Wedad | Espoir des nourrissons abandonn\u00e9s<\/title>\n<meta name=\"robots\" content=\"index, follow, max-snippet:-1, max-image-preview:large, max-video-preview:-1\" \/>\n<link rel=\"canonical\" href=\"https:\/\/www.wedadint.org\/will-give-box\/\" \/>\n<meta property=\"og:locale\" content=\"fr_FR\" \/>\n<meta property=\"og:type\" content=\"article\" \/>\n<meta property=\"og:title\" content=\"Testament | WIF | Fondation internationale Wedad | Espoir des nourrissons abandonn\u00e9s\" \/>\n<meta property=\"og:url\" content=\"https:\/\/www.wedadint.org\/will-give-box\/\" \/>\n<meta property=\"og:site_name\" content=\"WIF | Fondation internationale Wedad | Espoir des nourrissons abandonn\u00e9s\" \/>\n<meta property=\"article:publisher\" content=\"https:\/\/www.facebook.com\/wedadint\" \/>\n<meta property=\"article:modified_time\" content=\"2021-01-11T09:28:56+00:00\" \/>\n<meta property=\"og:image\" content=\"https:\/\/www.wedadint.org\/wp-content\/uploads\/2020\/05\/last-will-give.jpg\" \/>\n\t<meta property=\"og:image:width\" content=\"728\" \/>\n\t<meta property=\"og:image:height\" content=\"400\" \/>\n\t<meta property=\"og:image:type\" content=\"image\/jpeg\" \/>\n<meta name=\"twitter:card\" content=\"summary_large_image\" \/>\n<meta name=\"twitter:site\" content=\"@Wedadint\" \/>\n<meta name=\"twitter:label1\" content=\"Dur\u00e9e de lecture estim\u00e9e\" \/>\n\t<meta name=\"twitter:data1\" content=\"1 minute\" \/>\n<script type=\"application\/ld+json\" class=\"yoast-schema-graph\">{\"@context\":\"https:\/\/schema.org\",\"@graph\":[{\"@type\":\"Organization\",\"@id\":\"https:\/\/www.wedadint.org\/#organization\",\"name\":\"Wedad International Foundation\",\"url\":\"https:\/\/www.wedadint.org\/\",\"sameAs\":[\"https:\/\/www.facebook.com\/wedadint\",\"https:\/\/www.instagram.com\/wedadint\",\"https:\/\/twitter.com\/Wedadint\"],\"logo\":{\"@type\":\"ImageObject\",\"@id\":\"https:\/\/www.wedadint.org\/#logo\",\"inLanguage\":\"fr-FR\",\"url\":\"https:\/\/www.wedadint.org\/wp-content\/uploads\/2020\/06\/Wedad-Logo-N300.png\",\"contentUrl\":\"https:\/\/www.wedadint.org\/wp-content\/uploads\/2020\/06\/Wedad-Logo-N300.png\",\"width\":300,\"height\":299,\"caption\":\"Wedad International Foundation\"},\"image\":{\"@id\":\"https:\/\/www.wedadint.org\/#logo\"}},{\"@type\":\"WebSite\",\"@id\":\"https:\/\/www.wedadint.org\/#website\",\"url\":\"https:\/\/www.wedadint.org\/\",\"name\":\"WIF | Fondation internationale Wedad | Espoir des nourrissons abandonn\u00e9s\",\"description\":\"Espoir des nourrissons abandonn\u00e9s\",\"publisher\":{\"@id\":\"https:\/\/www.wedadint.org\/#organization\"},\"potentialAction\":[{\"@type\":\"SearchAction\",\"target\":{\"@type\":\"EntryPoint\",\"urlTemplate\":\"https:\/\/www.wedadint.org\/?s={search_term_string}\"},\"query-input\":\"required name=search_term_string\"}],\"inLanguage\":\"fr-FR\"},{\"@type\":\"ImageObject\",\"@id\":\"https:\/\/www.wedadint.org\/will-give-box\/#primaryimage\",\"inLanguage\":\"fr-FR\",\"url\":\"https:\/\/www.wedadint.org\/wp-content\/uploads\/2020\/05\/last-will-give.jpg\",\"contentUrl\":\"https:\/\/www.wedadint.org\/wp-content\/uploads\/2020\/05\/last-will-give.jpg\",\"width\":728,\"height\":400},{\"@type\":\"WebPage\",\"@id\":\"https:\/\/www.wedadint.org\/will-give-box\/#webpage\",\"url\":\"https:\/\/www.wedadint.org\/will-give-box\/\",\"name\":\"Testament | WIF | Fondation internationale Wedad | Espoir des nourrissons abandonn\u00e9s\",\"isPartOf\":{\"@id\":\"https:\/\/www.wedadint.org\/#website\"},\"primaryImageOfPage\":{\"@id\":\"https:\/\/www.wedadint.org\/will-give-box\/#primaryimage\"},\"datePublished\":\"2020-05-03T08:44:27+00:00\",\"dateModified\":\"2021-01-11T09:28:56+00:00\",\"breadcrumb\":{\"@id\":\"https:\/\/www.wedadint.org\/will-give-box\/#breadcrumb\"},\"inLanguage\":\"fr-FR\",\"potentialAction\":[{\"@type\":\"ReadAction\",\"target\":[\"https:\/\/www.wedadint.org\/will-give-box\/\"]}]},{\"@type\":\"BreadcrumbList\",\"@id\":\"https:\/\/www.wedadint.org\/will-give-box\/#breadcrumb\",\"itemListElement\":[{\"@type\":\"ListItem\",\"position\":1,\"name\":\"Home\",\"item\":\"https:\/\/www.wedadint.org\/\"},{\"@type\":\"ListItem\",\"position\":2,\"name\":\"Legacy Box\"}]}]}<\/script>\n<!-- \/ Yoast SEO plugin. -->","yoast_head_json":{"title":"Testament | WIF | Fondation internationale Wedad | Espoir des nourrissons abandonn\u00e9s","robots":{"index":"index","follow":"follow","max-snippet":"max-snippet:-1","max-image-preview":"max-image-preview:large","max-video-preview":"max-video-preview:-1"},"canonical":"https:\/\/www.wedadint.org\/will-give-box\/","og_locale":"fr_FR","og_type":"article","og_title":"Testament | WIF | Fondation internationale Wedad | Espoir des nourrissons abandonn\u00e9s","og_url":"https:\/\/www.wedadint.org\/will-give-box\/","og_site_name":"WIF | Fondation internationale Wedad | Espoir des nourrissons abandonn\u00e9s","article_publisher":"https:\/\/www.facebook.com\/wedadint","article_modified_time":"2021-01-11T09:28:56+00:00","og_image":[{"width":728,"height":400,"url":"https:\/\/www.wedadint.org\/wp-content\/uploads\/2020\/05\/last-will-give.jpg","type":"image\/jpeg"}],"twitter_card":"summary_large_image","twitter_site":"@Wedadint","twitter_misc":{"Dur\u00e9e de lecture estim\u00e9e":"1 minute"},"schema":{"@context":"https:\/\/schema.org","@graph":[{"@type":"Organization","@id":"https:\/\/www.wedadint.org\/#organization","name":"Wedad International Foundation","url":"https:\/\/www.wedadint.org\/","sameAs":["https:\/\/www.facebook.com\/wedadint","https:\/\/www.instagram.com\/wedadint","https:\/\/twitter.com\/Wedadint"],"logo":{"@type":"ImageObject","@id":"https:\/\/www.wedadint.org\/#logo","inLanguage":"fr-FR","url":"https:\/\/www.wedadint.org\/wp-content\/uploads\/2020\/06\/Wedad-Logo-N300.png","contentUrl":"https:\/\/www.wedadint.org\/wp-content\/uploads\/2020\/06\/Wedad-Logo-N300.png","width":300,"height":299,"caption":"Wedad International Foundation"},"image":{"@id":"https:\/\/www.wedadint.org\/#logo"}},{"@type":"WebSite","@id":"https:\/\/www.wedadint.org\/#website","url":"https:\/\/www.wedadint.org\/","name":"WIF | Fondation internationale Wedad | Espoir des nourrissons abandonn\u00e9s","description":"Espoir des nourrissons abandonn\u00e9s","publisher":{"@id":"https:\/\/www.wedadint.org\/#organization"},"potentialAction":[{"@type":"SearchAction","target":{"@type":"EntryPoint","urlTemplate":"https:\/\/www.wedadint.org\/?s={search_term_string}"},"query-input":"required name=search_term_string"}],"inLanguage":"fr-FR"},{"@type":"ImageObject","@id":"https:\/\/www.wedadint.org\/will-give-box\/#primaryimage","inLanguage":"fr-FR","url":"https:\/\/www.wedadint.org\/wp-content\/uploads\/2020\/05\/last-will-give.jpg","contentUrl":"https:\/\/www.wedadint.org\/wp-content\/uploads\/2020\/05\/last-will-give.jpg","width":728,"height":400},{"@type":"WebPage","@id":"https:\/\/www.wedadint.org\/will-give-box\/#webpage","url":"https:\/\/www.wedadint.org\/will-give-box\/","name":"Testament | WIF | Fondation internationale Wedad | Espoir des nourrissons abandonn\u00e9s","isPartOf":{"@id":"https:\/\/www.wedadint.org\/#website"},"primaryImageOfPage":{"@id":"https:\/\/www.wedadint.org\/will-give-box\/#primaryimage"},"datePublished":"2020-05-03T08:44:27+00:00","dateModified":"2021-01-11T09:28:56+00:00","breadcrumb":{"@id":"https:\/\/www.wedadint.org\/will-give-box\/#breadcrumb"},"inLanguage":"fr-FR","potentialAction":[{"@type":"ReadAction","target":["https:\/\/www.wedadint.org\/will-give-box\/"]}]},{"@type":"BreadcrumbList","@id":"https:\/\/www.wedadint.org\/will-give-box\/#breadcrumb","itemListElement":[{"@type":"ListItem","position":1,"name":"Home","item":"https:\/\/www.wedadint.org\/"},{"@type":"ListItem","position":2,"name":"Legacy Box"}]}]}},"uagb_featured_image_src":{"full":["https:\/\/www.wedadint.org\/wp-content\/uploads\/2020\/05\/last-will-give.jpg",728,400,false],"thumbnail":["https:\/\/www.wedadint.org\/wp-content\/uploads\/2020\/05\/last-will-give-150x150.jpg",150,150,true],"medium":["https:\/\/www.wedadint.org\/wp-content\/uploads\/2020\/05\/last-will-give-300x165.jpg",300,165,true],"medium_large":["https:\/\/www.wedadint.org\/wp-content\/uploads\/2020\/05\/last-will-give.jpg",728,400,false],"large":["https:\/\/www.wedadint.org\/wp-content\/uploads\/2020\/05\/last-will-give.jpg",728,400,false],"thumblist":["https:\/\/www.wedadint.org\/wp-content\/uploads\/2020\/05\/last-will-give-300x300.jpg",300,300,true],"meccarouselthumb":["https:\/\/www.wedadint.org\/wp-content\/uploads\/2020\/05\/last-will-give-474x324.jpg",474,324,true],"gridsquare":["https:\/\/www.wedadint.org\/wp-content\/uploads\/2020\/05\/last-will-give-391x260.jpg",391,260,true],"tileview":["https:\/\/www.wedadint.org\/wp-content\/uploads\/2020\/05\/last-will-give-300x400.jpg",300,400,true],"1536x1536":["https:\/\/www.wedadint.org\/wp-content\/uploads\/2020\/05\/last-will-give.jpg",728,400,false],"2048x2048":["https:\/\/www.wedadint.org\/wp-content\/uploads\/2020\/05\/last-will-give.jpg",728,400,false],"hestia-blog":["https:\/\/www.wedadint.org\/wp-content\/uploads\/2020\/05\/last-will-give-360x240.jpg",360,240,true]},"uagb_author_info":{"display_name":"wedad","author_link":"https:\/\/www.wedadint.org\/fr\/author\/wedad\/"},"uagb_comment_info":0,"uagb_excerpt":null,"_links":{"self":[{"href":"https:\/\/www.wedadint.org\/fr\/wp-json\/wp\/v2\/pages\/18489"}],"collection":[{"href":"https:\/\/www.wedadint.org\/fr\/wp-json\/wp\/v2\/pages"}],"about":[{"href":"https:\/\/www.wedadint.org\/fr\/wp-json\/wp\/v2\/types\/page"}],"author":[{"embeddable":true,"href":"https:\/\/www.wedadint.org\/fr\/wp-json\/wp\/v2\/users\/1"}],"replies":[{"embeddable":true,"href":"https:\/\/www.wedadint.org\/fr\/wp-json\/wp\/v2\/comments?post=18489"}],"version-history":[{"count":49,"href":"https:\/\/www.wedadint.org\/fr\/wp-json\/wp\/v2\/pages\/18489\/revisions"}],"predecessor-version":[{"id":20525,"href":"https:\/\/www.wedadint.org\/fr\/wp-json\/wp\/v2\/pages\/18489\/revisions\/20525"}],"wp:featuredmedia":[{"embeddable":true,"href":"https:\/\/www.wedadint.org\/fr\/wp-json\/wp\/v2\/media\/18890"}],"wp:attachment":[{"href":"https:\/\/www.wedadint.org\/fr\/wp-json\/wp\/v2\/media?parent=18489"}],"curies":[{"name":"wp","href":"https:\/\/api.w.org\/{rel}","templated":true}]}}