{"id":18498,"date":"2020-05-03T08:56:27","date_gmt":"2020-05-03T08:56:27","guid":{"rendered":"http:\/\/www.wedadi.org\/?page_id=18498"},"modified":"2021-01-11T21:14:19","modified_gmt":"2021-01-11T21:14:19","slug":"sponsor-a-country","status":"publish","type":"page","link":"https:\/\/www.wedadint.org\/fr\/sponsor-a-country\/","title":{"rendered":"Parrainer un pays"},"content":{"rendered":"\n<div class=\"wp-block-themeisle-blocks-advanced-columns has-1-columns has-desktop-equal-layout has-tablet-equal-layout has-mobile-equal-layout has-default-gap has-vertical-unset\" id=\"wp-block-themeisle-blocks-advanced-columns-5af756f6\"><div class=\"wp-block-themeisle-blocks-advanced-columns-overlay\"><\/div><div class=\"innerblocks-wrap\">\n<div class=\"wp-block-themeisle-blocks-advanced-column\" id=\"wp-block-themeisle-blocks-advanced-column-fdba7db1\">\n<p>Les droits des orphelins abandonn\u00e9s sont les m\u00eames que ceux des autres enfants&nbsp;; ils ont besoin d&rsquo;amour, de soins et de foyer d\u00e8s leurs premiers jours.<\/p>\n\n\n\n<p>Nous op\u00e9rons dans de nombreux pays \u00e0 travers le monde, dans la plus part sont en dessous du seuil de pauvret\u00e9. Nous nous associons aux autorit\u00e9s locales pour offrir une maison d&rsquo;accueil des nourrissons abandonn\u00e9s qui les re\u00e7oit et prend soin d&rsquo;eux avant leur placement en familles d&rsquo;accueil.<\/p>\n\n\n\n<p>Dans un premier temps, ses foyers sont g\u00e9r\u00e9s par nos \u00e9quipes de professionnels, puis transf\u00e9r\u00e9s \u00e0 des partenaires locaux, avec notre supervision continue.<\/p>\n\n\n\n<p>Le projet temp-home se compose d&rsquo;un appartement avec deux chambres, du personnel et des outils n\u00e9cessaires comme des lits, des r\u00e9frig\u00e9rateurs, des tables, de la nourriture, des articles pour b\u00e9b\u00e9s, etc., o\u00f9 nos sponsors peuvent choisir de couvrir le co\u00fbt total d&rsquo;une nouvelle orphelinat dans un nouveau pays, en assurant des fournitures pour le foyer temporaire, en couvrant les salaires des employ\u00e9s, les frais des soins et m\u00e9dication ou les loyers des locaux, etc.<\/p>\n\n\n\n<p class=\"has-text-color has-text-align-center has-accent-color\">En nous soutenant, vous partagerez avec nous la joie d\u2019ouverture de ses foyers pour orphelins abandonn\u00e9s..<\/p>\n\n\n\n<div class=\"wp-container-1 wp-block-buttons aligncenter\">\n<div class=\"wp-block-button\"><a class=\"wp-block-button__link has-background has-accent-background-color\" href=\"\/fr\/donate\/?donation=Sponsor a country\">Faire un don maintenant<\/a><\/div>\n<\/div>\n<\/div>\n<\/div><\/div>\n\n\n\n<p><\/p>\n","protected":false},"excerpt":{"rendered":"","protected":false},"author":1,"featured_media":18903,"parent":0,"menu_order":0,"comment_status":"closed","ping_status":"closed","template":"","meta":{"_coblocks_attr":"Open Sans,Open Sans","_coblocks_dimensions":"","_coblocks_responsive_height":"","_coblocks_accordion_ie_support":"","_themeisle_gutenberg_block_has_review":false},"translation":{"provider":"WPGlobus","version":"2.8.11","language":"fr","enabled_languages":["en","ar","fr"],"languages":{"en":{"title":true,"content":true,"excerpt":false},"ar":{"title":true,"content":true,"excerpt":false},"fr":{"title":true,"content":true,"excerpt":false}}},"yoast_head":"<!-- This site is optimized with the Yoast SEO plugin v18.2 - https:\/\/yoast.com\/wordpress\/plugins\/seo\/ -->\n<title>Parrainer un pays | WIF | Fondation internationale Wedad | Espoir des nourrissons abandonn\u00e9s<\/title>\n<meta name=\"robots\" content=\"index, follow, max-snippet:-1, max-image-preview:large, max-video-preview:-1\" \/>\n<link rel=\"canonical\" href=\"https:\/\/www.wedadint.org\/sponsor-a-country\/\" \/>\n<meta property=\"og:locale\" content=\"fr_FR\" \/>\n<meta property=\"og:type\" content=\"article\" \/>\n<meta property=\"og:title\" content=\"Parrainer un pays | WIF | Fondation internationale Wedad | Espoir des nourrissons abandonn\u00e9s\" \/>\n<meta property=\"og:url\" content=\"https:\/\/www.wedadint.org\/sponsor-a-country\/\" \/>\n<meta property=\"og:site_name\" content=\"WIF | Fondation internationale Wedad | Espoir des nourrissons abandonn\u00e9s\" \/>\n<meta property=\"article:publisher\" content=\"https:\/\/www.facebook.com\/wedadint\" \/>\n<meta property=\"article:modified_time\" content=\"2021-01-11T21:14:19+00:00\" \/>\n<meta property=\"og:image\" content=\"https:\/\/www.wedadint.org\/wp-content\/uploads\/2020\/05\/africa-1994846_1920-e1589108161657.jpg\" \/>\n\t<meta property=\"og:image:width\" content=\"1920\" \/>\n\t<meta property=\"og:image:height\" content=\"801\" \/>\n\t<meta property=\"og:image:type\" content=\"image\/jpeg\" \/>\n<meta name=\"twitter:card\" content=\"summary_large_image\" \/>\n<meta name=\"twitter:site\" content=\"@Wedadint\" \/>\n<meta name=\"twitter:label1\" content=\"Dur\u00e9e de lecture estim\u00e9e\" \/>\n\t<meta name=\"twitter:data1\" content=\"2 minutes\" \/>\n<script type=\"application\/ld+json\" class=\"yoast-schema-graph\">{\"@context\":\"https:\/\/schema.org\",\"@graph\":[{\"@type\":\"Organization\",\"@id\":\"https:\/\/www.wedadint.org\/#organization\",\"name\":\"Wedad International Foundation\",\"url\":\"https:\/\/www.wedadint.org\/\",\"sameAs\":[\"https:\/\/www.facebook.com\/wedadint\",\"https:\/\/www.instagram.com\/wedadint\",\"https:\/\/twitter.com\/Wedadint\"],\"logo\":{\"@type\":\"ImageObject\",\"@id\":\"https:\/\/www.wedadint.org\/#logo\",\"inLanguage\":\"fr-FR\",\"url\":\"https:\/\/www.wedadint.org\/wp-content\/uploads\/2020\/06\/Wedad-Logo-N300.png\",\"contentUrl\":\"https:\/\/www.wedadint.org\/wp-content\/uploads\/2020\/06\/Wedad-Logo-N300.png\",\"width\":300,\"height\":299,\"caption\":\"Wedad International Foundation\"},\"image\":{\"@id\":\"https:\/\/www.wedadint.org\/#logo\"}},{\"@type\":\"WebSite\",\"@id\":\"https:\/\/www.wedadint.org\/#website\",\"url\":\"https:\/\/www.wedadint.org\/\",\"name\":\"WIF | Fondation internationale Wedad | Espoir des nourrissons abandonn\u00e9s\",\"description\":\"Espoir des nourrissons abandonn\u00e9s\",\"publisher\":{\"@id\":\"https:\/\/www.wedadint.org\/#organization\"},\"potentialAction\":[{\"@type\":\"SearchAction\",\"target\":{\"@type\":\"EntryPoint\",\"urlTemplate\":\"https:\/\/www.wedadint.org\/?s={search_term_string}\"},\"query-input\":\"required name=search_term_string\"}],\"inLanguage\":\"fr-FR\"},{\"@type\":\"ImageObject\",\"@id\":\"https:\/\/www.wedadint.org\/sponsor-a-country\/#primaryimage\",\"inLanguage\":\"fr-FR\",\"url\":\"https:\/\/www.wedadint.org\/wp-content\/uploads\/2020\/05\/africa-1994846_1920-e1589108161657.jpg\",\"contentUrl\":\"https:\/\/www.wedadint.org\/wp-content\/uploads\/2020\/05\/africa-1994846_1920-e1589108161657.jpg\",\"width\":1920,\"height\":801},{\"@type\":\"WebPage\",\"@id\":\"https:\/\/www.wedadint.org\/sponsor-a-country\/#webpage\",\"url\":\"https:\/\/www.wedadint.org\/sponsor-a-country\/\",\"name\":\"Parrainer un pays | WIF | Fondation internationale Wedad | Espoir des nourrissons abandonn\u00e9s\",\"isPartOf\":{\"@id\":\"https:\/\/www.wedadint.org\/#website\"},\"primaryImageOfPage\":{\"@id\":\"https:\/\/www.wedadint.org\/sponsor-a-country\/#primaryimage\"},\"datePublished\":\"2020-05-03T08:56:27+00:00\",\"dateModified\":\"2021-01-11T21:14:19+00:00\",\"breadcrumb\":{\"@id\":\"https:\/\/www.wedadint.org\/sponsor-a-country\/#breadcrumb\"},\"inLanguage\":\"fr-FR\",\"potentialAction\":[{\"@type\":\"ReadAction\",\"target\":[\"https:\/\/www.wedadint.org\/sponsor-a-country\/\"]}]},{\"@type\":\"BreadcrumbList\",\"@id\":\"https:\/\/www.wedadint.org\/sponsor-a-country\/#breadcrumb\",\"itemListElement\":[{\"@type\":\"ListItem\",\"position\":1,\"name\":\"Home\",\"item\":\"https:\/\/www.wedadint.org\/\"},{\"@type\":\"ListItem\",\"position\":2,\"name\":\"Sponsor a country\"}]}]}<\/script>\n<!-- \/ Yoast SEO plugin. -->","yoast_head_json":{"title":"Parrainer un pays | WIF | Fondation internationale Wedad | Espoir des nourrissons abandonn\u00e9s","robots":{"index":"index","follow":"follow","max-snippet":"max-snippet:-1","max-image-preview":"max-image-preview:large","max-video-preview":"max-video-preview:-1"},"canonical":"https:\/\/www.wedadint.org\/sponsor-a-country\/","og_locale":"fr_FR","og_type":"article","og_title":"Parrainer un pays | WIF | Fondation internationale Wedad | Espoir des nourrissons abandonn\u00e9s","og_url":"https:\/\/www.wedadint.org\/sponsor-a-country\/","og_site_name":"WIF | Fondation internationale Wedad | Espoir des nourrissons abandonn\u00e9s","article_publisher":"https:\/\/www.facebook.com\/wedadint","article_modified_time":"2021-01-11T21:14:19+00:00","og_image":[{"width":1920,"height":801,"url":"https:\/\/www.wedadint.org\/wp-content\/uploads\/2020\/05\/africa-1994846_1920-e1589108161657.jpg","type":"image\/jpeg"}],"twitter_card":"summary_large_image","twitter_site":"@Wedadint","twitter_misc":{"Dur\u00e9e de lecture estim\u00e9e":"2 minutes"},"schema":{"@context":"https:\/\/schema.org","@graph":[{"@type":"Organization","@id":"https:\/\/www.wedadint.org\/#organization","name":"Wedad International Foundation","url":"https:\/\/www.wedadint.org\/","sameAs":["https:\/\/www.facebook.com\/wedadint","https:\/\/www.instagram.com\/wedadint","https:\/\/twitter.com\/Wedadint"],"logo":{"@type":"ImageObject","@id":"https:\/\/www.wedadint.org\/#logo","inLanguage":"fr-FR","url":"https:\/\/www.wedadint.org\/wp-content\/uploads\/2020\/06\/Wedad-Logo-N300.png","contentUrl":"https:\/\/www.wedadint.org\/wp-content\/uploads\/2020\/06\/Wedad-Logo-N300.png","width":300,"height":299,"caption":"Wedad International Foundation"},"image":{"@id":"https:\/\/www.wedadint.org\/#logo"}},{"@type":"WebSite","@id":"https:\/\/www.wedadint.org\/#website","url":"https:\/\/www.wedadint.org\/","name":"WIF | Fondation internationale Wedad | Espoir des nourrissons abandonn\u00e9s","description":"Espoir des nourrissons abandonn\u00e9s","publisher":{"@id":"https:\/\/www.wedadint.org\/#organization"},"potentialAction":[{"@type":"SearchAction","target":{"@type":"EntryPoint","urlTemplate":"https:\/\/www.wedadint.org\/?s={search_term_string}"},"query-input":"required name=search_term_string"}],"inLanguage":"fr-FR"},{"@type":"ImageObject","@id":"https:\/\/www.wedadint.org\/sponsor-a-country\/#primaryimage","inLanguage":"fr-FR","url":"https:\/\/www.wedadint.org\/wp-content\/uploads\/2020\/05\/africa-1994846_1920-e1589108161657.jpg","contentUrl":"https:\/\/www.wedadint.org\/wp-content\/uploads\/2020\/05\/africa-1994846_1920-e1589108161657.jpg","width":1920,"height":801},{"@type":"WebPage","@id":"https:\/\/www.wedadint.org\/sponsor-a-country\/#webpage","url":"https:\/\/www.wedadint.org\/sponsor-a-country\/","name":"Parrainer un pays | WIF | Fondation internationale Wedad | Espoir des nourrissons abandonn\u00e9s","isPartOf":{"@id":"https:\/\/www.wedadint.org\/#website"},"primaryImageOfPage":{"@id":"https:\/\/www.wedadint.org\/sponsor-a-country\/#primaryimage"},"datePublished":"2020-05-03T08:56:27+00:00","dateModified":"2021-01-11T21:14:19+00:00","breadcrumb":{"@id":"https:\/\/www.wedadint.org\/sponsor-a-country\/#breadcrumb"},"inLanguage":"fr-FR","potentialAction":[{"@type":"ReadAction","target":["https:\/\/www.wedadint.org\/sponsor-a-country\/"]}]},{"@type":"BreadcrumbList","@id":"https:\/\/www.wedadint.org\/sponsor-a-country\/#breadcrumb","itemListElement":[{"@type":"ListItem","position":1,"name":"Home","item":"https:\/\/www.wedadint.org\/"},{"@type":"ListItem","position":2,"name":"Sponsor a country"}]}]}},"uagb_featured_image_src":{"full":["https:\/\/www.wedadint.org\/wp-content\/uploads\/2020\/05\/africa-1994846_1920-e1589108161657.jpg",1920,801,false],"thumbnail":["https:\/\/www.wedadint.org\/wp-content\/uploads\/2020\/05\/africa-1994846_1920-e1589108161657-150x150.jpg",150,150,true],"medium":["https:\/\/www.wedadint.org\/wp-content\/uploads\/2020\/05\/africa-1994846_1920-e1589108161657-300x125.jpg",300,125,true],"medium_large":["https:\/\/www.wedadint.org\/wp-content\/uploads\/2020\/05\/africa-1994846_1920-e1589108161657-768x320.jpg",750,313,true],"large":["https:\/\/www.wedadint.org\/wp-content\/uploads\/2020\/05\/africa-1994846_1920-e1589108161657-1024x427.jpg",750,313,true],"thumblist":["https:\/\/www.wedadint.org\/wp-content\/uploads\/2020\/05\/africa-1994846_1920-e1589108161657-300x300.jpg",300,300,true],"meccarouselthumb":["https:\/\/www.wedadint.org\/wp-content\/uploads\/2020\/05\/africa-1994846_1920-e1589108161657-474x324.jpg",474,324,true],"gridsquare":["https:\/\/www.wedadint.org\/wp-content\/uploads\/2020\/05\/africa-1994846_1920-e1589108161657-391x260.jpg",391,260,true],"tileview":["https:\/\/www.wedadint.org\/wp-content\/uploads\/2020\/05\/africa-1994846_1920-e1589108161657-300x400.jpg",300,400,true],"1536x1536":["https:\/\/www.wedadint.org\/wp-content\/uploads\/2020\/05\/africa-1994846_1920-e1589108161657-1536x641.jpg",1536,641,true],"2048x2048":["https:\/\/www.wedadint.org\/wp-content\/uploads\/2020\/05\/africa-1994846_1920-e1589108161657.jpg",1920,801,false],"hestia-blog":["https:\/\/www.wedadint.org\/wp-content\/uploads\/2020\/05\/africa-1994846_1920-e1589108161657-360x240.jpg",360,240,true]},"uagb_author_info":{"display_name":"wedad","author_link":"https:\/\/www.wedadint.org\/fr\/author\/wedad\/"},"uagb_comment_info":0,"uagb_excerpt":null,"_links":{"self":[{"href":"https:\/\/www.wedadint.org\/fr\/wp-json\/wp\/v2\/pages\/18498"}],"collection":[{"href":"https:\/\/www.wedadint.org\/fr\/wp-json\/wp\/v2\/pages"}],"about":[{"href":"https:\/\/www.wedadint.org\/fr\/wp-json\/wp\/v2\/types\/page"}],"author":[{"embeddable":true,"href":"https:\/\/www.wedadint.org\/fr\/wp-json\/wp\/v2\/users\/1"}],"replies":[{"embeddable":true,"href":"https:\/\/www.wedadint.org\/fr\/wp-json\/wp\/v2\/comments?post=18498"}],"version-history":[{"count":22,"href":"https:\/\/www.wedadint.org\/fr\/wp-json\/wp\/v2\/pages\/18498\/revisions"}],"predecessor-version":[{"id":20541,"href":"https:\/\/www.wedadint.org\/fr\/wp-json\/wp\/v2\/pages\/18498\/revisions\/20541"}],"wp:featuredmedia":[{"embeddable":true,"href":"https:\/\/www.wedadint.org\/fr\/wp-json\/wp\/v2\/media\/18903"}],"wp:attachment":[{"href":"https:\/\/www.wedadint.org\/fr\/wp-json\/wp\/v2\/media?parent=18498"}],"curies":[{"name":"wp","href":"https:\/\/api.w.org\/{rel}","templated":true}]}}