{"id":18974,"date":"2020-05-10T17:10:46","date_gmt":"2020-05-10T17:10:46","guid":{"rendered":"https:\/\/www.wedadint.org\/?page_id=18974"},"modified":"2021-02-25T00:30:58","modified_gmt":"2021-02-25T00:30:58","slug":"how-you-can-help","status":"publish","type":"page","link":"https:\/\/www.wedadint.org\/fr\/how-you-can-help\/","title":{"rendered":"Comment nous soutenir"},"content":{"rendered":"\n<h2 class=\"has-text-align-center\">Faites un don ou parrainez pour soutenir notre travail pour sauver les b\u00e9b\u00e9s abandonn\u00e9s.<\/h2>\n\n\n\n<div class=\"wp-block-themeisle-blocks-advanced-columns alignfull has-4-columns has-desktop-equal-layout has-tablet-equal-layout has-mobile-collapsedRows-layout has-nogap-gap has-vertical-unset\" id=\"wp-block-themeisle-blocks-advanced-columns-a6bcea01\"><div class=\"wp-block-themeisle-blocks-advanced-columns-overlay\"><\/div><div class=\"innerblocks-wrap\">\n<div class=\"wp-block-themeisle-blocks-advanced-column\" id=\"wp-block-themeisle-blocks-advanced-column-97a4b03e\">\n<div class=\"wp-block-image\"><figure class=\"aligncenter size-large\"><img loading=\"lazy\" width=\"1024\" height=\"1024\" src=\"https:\/\/www.wedadint.org\/wp-content\/uploads\/2021\/01\/global_traders_chocolate_gift_box_set_0004_-1024x1024.jpg\" alt=\"\" class=\"wp-image-20656\" srcset=\"https:\/\/www.wedadint.org\/wp-content\/uploads\/2021\/01\/global_traders_chocolate_gift_box_set_0004_-1024x1024.jpg 1024w, https:\/\/www.wedadint.org\/wp-content\/uploads\/2021\/01\/global_traders_chocolate_gift_box_set_0004_-300x300.jpg 300w, https:\/\/www.wedadint.org\/wp-content\/uploads\/2021\/01\/global_traders_chocolate_gift_box_set_0004_-150x150.jpg 150w, https:\/\/www.wedadint.org\/wp-content\/uploads\/2021\/01\/global_traders_chocolate_gift_box_set_0004_-768x768.jpg 768w, https:\/\/www.wedadint.org\/wp-content\/uploads\/2021\/01\/global_traders_chocolate_gift_box_set_0004_.jpg 1200w\" sizes=\"(max-width: 1024px) 100vw, 1024px\" \/><\/figure><\/div>\n\n\n\n<div class=\"wp-container-1 wp-block-buttons aligncenter ticss-9cf7cdfe\">\n<div class=\"wp-block-button w-100\"><a class=\"wp-block-button__link has-accent-background-color has-background\" href=\"https:\/\/www.wedadint.org\/encouragement-box\/\">Encouragement Gift Box<\/a><\/div>\n\n\n\n<div class=\"wp-block-button\"><a class=\"wp-block-button__link has-header-gradient-background-color has-background\" href=\"https:\/\/www.wedadint.org\/encouragement-box\/\">More Info<\/a><\/div>\n<\/div>\n<\/div>\n\n\n\n<div class=\"wp-block-themeisle-blocks-advanced-column\" id=\"wp-block-themeisle-blocks-advanced-column-c00ba184\">\n<div class=\"wp-block-image\"><figure class=\"aligncenter size-large\"><img loading=\"lazy\" width=\"720\" height=\"720\" src=\"https:\/\/www.wedadint.org\/wp-content\/uploads\/2021\/01\/explosion-box-4.jpg\" alt=\"\" class=\"wp-image-20653\" srcset=\"https:\/\/www.wedadint.org\/wp-content\/uploads\/2021\/01\/explosion-box-4.jpg 720w, https:\/\/www.wedadint.org\/wp-content\/uploads\/2021\/01\/explosion-box-4-300x300.jpg 300w, https:\/\/www.wedadint.org\/wp-content\/uploads\/2021\/01\/explosion-box-4-150x150.jpg 150w\" sizes=\"(max-width: 720px) 100vw, 720px\" \/><\/figure><\/div>\n\n\n\n<div class=\"wp-container-2 wp-block-buttons aligncenter\">\n<div class=\"wp-block-button w-100\"><a class=\"wp-block-button__link has-accent-background-color has-background\" href=\"https:\/\/www.wedadint.org\/generosity-box\/\">Generosity Box<\/a><\/div>\n\n\n\n<div class=\"wp-block-button\"><a class=\"wp-block-button__link has-header-gradient-background-color has-background\" href=\"https:\/\/www.wedadint.org\/generosity-box\/\">More Info<\/a><\/div>\n<\/div>\n<\/div>\n\n\n\n<div class=\"wp-block-themeisle-blocks-advanced-column\" id=\"wp-block-themeisle-blocks-advanced-column-f9981561\">\n<div class=\"wp-block-image\"><figure class=\"aligncenter size-large\"><img loading=\"lazy\" width=\"300\" height=\"300\" src=\"https:\/\/www.wedadint.org\/wp-content\/uploads\/2020\/05\/wif-sq-last-will.jpg\" alt=\"Last will give box\" class=\"wp-image-19008\" srcset=\"https:\/\/www.wedadint.org\/wp-content\/uploads\/2020\/05\/wif-sq-last-will.jpg 300w, https:\/\/www.wedadint.org\/wp-content\/uploads\/2020\/05\/wif-sq-last-will-150x150.jpg 150w\" sizes=\"(max-width: 300px) 100vw, 300px\" \/><\/figure><\/div>\n\n\n\n<div class=\"wp-container-3 wp-block-buttons aligncenter\">\n<div class=\"wp-block-button w-100\"><a class=\"wp-block-button__link has-accent-background-color has-background\" href=\"https:\/\/www.wedadint.org\/will-give-box\/\">Legacy Gift Box<\/a><\/div>\n\n\n\n<div class=\"wp-block-button\"><a class=\"wp-block-button__link has-header-gradient-background-color has-background\" href=\"https:\/\/www.wedadint.org\/will-give-box\/\">More Info<\/a><\/div>\n<\/div>\n<\/div>\n\n\n\n<div class=\"wp-block-themeisle-blocks-advanced-column\" id=\"wp-block-themeisle-blocks-advanced-column-2d5d8dd2\">\n<div class=\"wp-block-image\"><figure class=\"aligncenter size-large\"><img loading=\"lazy\" width=\"300\" height=\"301\" src=\"https:\/\/www.wedadint.org\/wp-content\/uploads\/2020\/05\/wif-sq-general-box.jpg\" alt=\"General given box\" class=\"wp-image-19009\" srcset=\"https:\/\/www.wedadint.org\/wp-content\/uploads\/2020\/05\/wif-sq-general-box.jpg 300w, https:\/\/www.wedadint.org\/wp-content\/uploads\/2020\/05\/wif-sq-general-box-150x150.jpg 150w\" sizes=\"(max-width: 300px) 100vw, 300px\" \/><\/figure><\/div>\n\n\n\n<div class=\"wp-container-4 wp-block-buttons aligncenter\">\n<div class=\"wp-block-button w-100\"><a class=\"wp-block-button__link has-accent-background-color has-background\" href=\"https:\/\/www.wedadint.org\/global-box\/\">General Gift Box<\/a><\/div>\n\n\n\n<div class=\"wp-block-button\"><a class=\"wp-block-button__link has-header-gradient-background-color has-background\" href=\"https:\/\/www.wedadint.org\/global-box\/\">More Info<\/a><\/div>\n<\/div>\n<\/div>\n<\/div><\/div>\n\n\n\n<div class=\"wp-block-themeisle-blocks-advanced-columns alignfull has-3-columns has-desktop-equal-layout has-tablet-equal-layout has-mobile-collapsedRows-layout has-nogap-gap has-vertical-unset\" id=\"wp-block-themeisle-blocks-advanced-columns-fa8f645a\"><div class=\"wp-block-themeisle-blocks-advanced-columns-overlay\"><\/div><div class=\"innerblocks-wrap\">\n<div class=\"wp-block-themeisle-blocks-advanced-column\" id=\"wp-block-themeisle-blocks-advanced-column-85417d00\">\n<div class=\"wp-block-image\"><figure class=\"aligncenter size-large\"><img loading=\"lazy\" width=\"300\" height=\"300\" src=\"https:\/\/www.wedadint.org\/wp-content\/uploads\/2020\/05\/wif-sq-child.jpg\" alt=\"General given box\" class=\"wp-image-19021\" srcset=\"https:\/\/www.wedadint.org\/wp-content\/uploads\/2020\/05\/wif-sq-child.jpg 300w, https:\/\/www.wedadint.org\/wp-content\/uploads\/2020\/05\/wif-sq-child-150x150.jpg 150w\" sizes=\"(max-width: 300px) 100vw, 300px\" \/><\/figure><\/div>\n\n\n\n<div class=\"wp-container-5 wp-block-buttons aligncenter\">\n<div class=\"wp-block-button w-100\"><a class=\"wp-block-button__link has-accent-background-color has-background\" href=\"\/donate\/?donation=Sponsor a child\">Sponsor a Child<\/a><\/div>\n\n\n\n<div class=\"wp-block-button\"><a class=\"wp-block-button__link has-header-gradient-background-color has-background\" href=\"\/sponsor-a-child-the-gift-of-bright-future\/\">More Info<\/a><\/div>\n<\/div>\n<\/div>\n\n\n\n<div class=\"wp-block-themeisle-blocks-advanced-column\" id=\"wp-block-themeisle-blocks-advanced-column-76bbb69c\">\n<div class=\"wp-block-image\"><figure class=\"aligncenter size-large\"><img loading=\"lazy\" width=\"300\" height=\"300\" src=\"https:\/\/www.wedadint.org\/wp-content\/uploads\/2020\/05\/wif-sq-family.jpg\" alt=\"Sponsor a family\" class=\"wp-image-19022\" srcset=\"https:\/\/www.wedadint.org\/wp-content\/uploads\/2020\/05\/wif-sq-family.jpg 300w, https:\/\/www.wedadint.org\/wp-content\/uploads\/2020\/05\/wif-sq-family-150x150.jpg 150w\" sizes=\"(max-width: 300px) 100vw, 300px\" \/><\/figure><\/div>\n\n\n\n<div class=\"wp-container-6 wp-block-buttons aligncenter\">\n<div class=\"wp-block-button w-100\"><a class=\"wp-block-button__link has-accent-background-color has-background\" href=\"\/donate\/?donation=Sponsor a family\">Sponsor a Family<\/a><\/div>\n\n\n\n<div class=\"wp-block-button\"><a class=\"wp-block-button__link has-header-gradient-background-color has-background\" href=\"\/sponsor-a-family\/\">More Info<\/a><\/div>\n<\/div>\n<\/div>\n\n\n\n<div class=\"wp-block-themeisle-blocks-advanced-column\" id=\"wp-block-themeisle-blocks-advanced-column-5526a4f2\">\n<div class=\"wp-block-image\"><figure class=\"aligncenter size-large\"><img loading=\"lazy\" width=\"300\" height=\"300\" src=\"https:\/\/www.wedadint.org\/wp-content\/uploads\/2020\/05\/wif-sq-country.jpg\" alt=\"Sponsor a country\" class=\"wp-image-19023\" srcset=\"https:\/\/www.wedadint.org\/wp-content\/uploads\/2020\/05\/wif-sq-country.jpg 300w, https:\/\/www.wedadint.org\/wp-content\/uploads\/2020\/05\/wif-sq-country-150x150.jpg 150w\" sizes=\"(max-width: 300px) 100vw, 300px\" \/><\/figure><\/div>\n\n\n\n<div class=\"wp-container-7 wp-block-buttons aligncenter\">\n<div class=\"wp-block-button w-100\"><a class=\"wp-block-button__link has-accent-background-color has-background\" href=\"\/donate\/?donation=Sponsor a country\">Sponsor a Country<\/a><\/div>\n\n\n\n<div class=\"wp-block-button\"><a class=\"wp-block-button__link has-header-gradient-background-color has-background\" href=\"\/sponsor-a-country\/\">More Info<\/a><\/div>\n<\/div>\n<\/div>\n<\/div><\/div>\n","protected":false},"excerpt":{"rendered":"<p>Faites un don ou parrainez pour soutenir notre travail pour sauver les b\u00e9b\u00e9s abandonn\u00e9s.<\/p>\n","protected":false},"author":1,"featured_media":19004,"parent":0,"menu_order":0,"comment_status":"closed","ping_status":"closed","template":"","meta":{"_coblocks_attr":"","_coblocks_dimensions":"","_coblocks_responsive_height":"","_coblocks_accordion_ie_support":"","_themeisle_gutenberg_block_has_review":false},"translation":{"provider":"WPGlobus","version":"2.8.11","language":"fr","enabled_languages":["en","ar","fr"],"languages":{"en":{"title":true,"content":true,"excerpt":false},"ar":{"title":true,"content":true,"excerpt":false},"fr":{"title":true,"content":true,"excerpt":false}}},"yoast_head":"<!-- This site is optimized with the Yoast SEO plugin v18.2 - https:\/\/yoast.com\/wordpress\/plugins\/seo\/ -->\n<title>Comment nous soutenir | WIF | Fondation internationale Wedad | Espoir des nourrissons abandonn\u00e9s<\/title>\n<meta name=\"robots\" content=\"index, follow, max-snippet:-1, max-image-preview:large, max-video-preview:-1\" \/>\n<link rel=\"canonical\" href=\"https:\/\/www.wedadint.org\/how-you-can-help\/\" \/>\n<meta property=\"og:locale\" content=\"fr_FR\" \/>\n<meta property=\"og:type\" content=\"article\" \/>\n<meta property=\"og:title\" content=\"Comment nous soutenir | WIF | Fondation internationale Wedad | Espoir des nourrissons abandonn\u00e9s\" \/>\n<meta property=\"og:url\" content=\"https:\/\/www.wedadint.org\/how-you-can-help\/\" \/>\n<meta property=\"og:site_name\" content=\"WIF | Fondation internationale Wedad | Espoir des nourrissons abandonn\u00e9s\" \/>\n<meta property=\"article:publisher\" content=\"https:\/\/www.facebook.com\/wedadint\" \/>\n<meta property=\"article:modified_time\" content=\"2021-02-25T00:30:58+00:00\" \/>\n<meta property=\"og:image\" content=\"https:\/\/www.wedadint.org\/wp-content\/uploads\/2020\/05\/ways-to-give-donate-falling.jpg\" \/>\n\t<meta property=\"og:image:width\" content=\"1140\" \/>\n\t<meta property=\"og:image:height\" content=\"655\" \/>\n\t<meta property=\"og:image:type\" content=\"image\/jpeg\" \/>\n<meta name=\"twitter:card\" content=\"summary_large_image\" \/>\n<meta name=\"twitter:site\" content=\"@Wedadint\" \/>\n<meta name=\"twitter:label1\" content=\"Dur\u00e9e de lecture estim\u00e9e\" \/>\n\t<meta name=\"twitter:data1\" content=\"2 minutes\" \/>\n<script type=\"application\/ld+json\" class=\"yoast-schema-graph\">{\"@context\":\"https:\/\/schema.org\",\"@graph\":[{\"@type\":\"Organization\",\"@id\":\"https:\/\/www.wedadint.org\/#organization\",\"name\":\"Wedad International Foundation\",\"url\":\"https:\/\/www.wedadint.org\/\",\"sameAs\":[\"https:\/\/www.facebook.com\/wedadint\",\"https:\/\/www.instagram.com\/wedadint\",\"https:\/\/twitter.com\/Wedadint\"],\"logo\":{\"@type\":\"ImageObject\",\"@id\":\"https:\/\/www.wedadint.org\/#logo\",\"inLanguage\":\"fr-FR\",\"url\":\"https:\/\/www.wedadint.org\/wp-content\/uploads\/2020\/06\/Wedad-Logo-N300.png\",\"contentUrl\":\"https:\/\/www.wedadint.org\/wp-content\/uploads\/2020\/06\/Wedad-Logo-N300.png\",\"width\":300,\"height\":299,\"caption\":\"Wedad International Foundation\"},\"image\":{\"@id\":\"https:\/\/www.wedadint.org\/#logo\"}},{\"@type\":\"WebSite\",\"@id\":\"https:\/\/www.wedadint.org\/#website\",\"url\":\"https:\/\/www.wedadint.org\/\",\"name\":\"WIF | Fondation internationale Wedad | Espoir des nourrissons abandonn\u00e9s\",\"description\":\"Espoir des nourrissons abandonn\u00e9s\",\"publisher\":{\"@id\":\"https:\/\/www.wedadint.org\/#organization\"},\"potentialAction\":[{\"@type\":\"SearchAction\",\"target\":{\"@type\":\"EntryPoint\",\"urlTemplate\":\"https:\/\/www.wedadint.org\/?s={search_term_string}\"},\"query-input\":\"required name=search_term_string\"}],\"inLanguage\":\"fr-FR\"},{\"@type\":\"ImageObject\",\"@id\":\"https:\/\/www.wedadint.org\/how-you-can-help\/#primaryimage\",\"inLanguage\":\"fr-FR\",\"url\":\"https:\/\/www.wedadint.org\/wp-content\/uploads\/2020\/05\/ways-to-give-donate-falling.jpg\",\"contentUrl\":\"https:\/\/www.wedadint.org\/wp-content\/uploads\/2020\/05\/ways-to-give-donate-falling.jpg\",\"width\":1140,\"height\":655,\"caption\":\"how you can support donate sponsor\"},{\"@type\":\"WebPage\",\"@id\":\"https:\/\/www.wedadint.org\/how-you-can-help\/#webpage\",\"url\":\"https:\/\/www.wedadint.org\/how-you-can-help\/\",\"name\":\"Comment nous soutenir | WIF | Fondation internationale Wedad | Espoir des nourrissons abandonn\u00e9s\",\"isPartOf\":{\"@id\":\"https:\/\/www.wedadint.org\/#website\"},\"primaryImageOfPage\":{\"@id\":\"https:\/\/www.wedadint.org\/how-you-can-help\/#primaryimage\"},\"datePublished\":\"2020-05-10T17:10:46+00:00\",\"dateModified\":\"2021-02-25T00:30:58+00:00\",\"description\":\"Donate and Sponsor to give hope to abandoned children and support our work to save abandoned children around the world.\",\"breadcrumb\":{\"@id\":\"https:\/\/www.wedadint.org\/how-you-can-help\/#breadcrumb\"},\"inLanguage\":\"fr-FR\",\"potentialAction\":[{\"@type\":\"ReadAction\",\"target\":[\"https:\/\/www.wedadint.org\/how-you-can-help\/\"]}]},{\"@type\":\"BreadcrumbList\",\"@id\":\"https:\/\/www.wedadint.org\/how-you-can-help\/#breadcrumb\",\"itemListElement\":[{\"@type\":\"ListItem\",\"position\":1,\"name\":\"Home\",\"item\":\"https:\/\/www.wedadint.org\/\"},{\"@type\":\"ListItem\",\"position\":2,\"name\":\"How You Can Help?\"}]}]}<\/script>\n<!-- \/ Yoast SEO plugin. -->","yoast_head_json":{"title":"Comment nous soutenir | WIF | Fondation internationale Wedad | Espoir des nourrissons abandonn\u00e9s","robots":{"index":"index","follow":"follow","max-snippet":"max-snippet:-1","max-image-preview":"max-image-preview:large","max-video-preview":"max-video-preview:-1"},"canonical":"https:\/\/www.wedadint.org\/how-you-can-help\/","og_locale":"fr_FR","og_type":"article","og_title":"Comment nous soutenir | WIF | Fondation internationale Wedad | Espoir des nourrissons abandonn\u00e9s","og_url":"https:\/\/www.wedadint.org\/how-you-can-help\/","og_site_name":"WIF | Fondation internationale Wedad | Espoir des nourrissons abandonn\u00e9s","article_publisher":"https:\/\/www.facebook.com\/wedadint","article_modified_time":"2021-02-25T00:30:58+00:00","og_image":[{"width":1140,"height":655,"url":"https:\/\/www.wedadint.org\/wp-content\/uploads\/2020\/05\/ways-to-give-donate-falling.jpg","type":"image\/jpeg"}],"twitter_card":"summary_large_image","twitter_site":"@Wedadint","twitter_misc":{"Dur\u00e9e de lecture estim\u00e9e":"2 minutes"},"schema":{"@context":"https:\/\/schema.org","@graph":[{"@type":"Organization","@id":"https:\/\/www.wedadint.org\/#organization","name":"Wedad International Foundation","url":"https:\/\/www.wedadint.org\/","sameAs":["https:\/\/www.facebook.com\/wedadint","https:\/\/www.instagram.com\/wedadint","https:\/\/twitter.com\/Wedadint"],"logo":{"@type":"ImageObject","@id":"https:\/\/www.wedadint.org\/#logo","inLanguage":"fr-FR","url":"https:\/\/www.wedadint.org\/wp-content\/uploads\/2020\/06\/Wedad-Logo-N300.png","contentUrl":"https:\/\/www.wedadint.org\/wp-content\/uploads\/2020\/06\/Wedad-Logo-N300.png","width":300,"height":299,"caption":"Wedad International Foundation"},"image":{"@id":"https:\/\/www.wedadint.org\/#logo"}},{"@type":"WebSite","@id":"https:\/\/www.wedadint.org\/#website","url":"https:\/\/www.wedadint.org\/","name":"WIF | Fondation internationale Wedad | Espoir des nourrissons abandonn\u00e9s","description":"Espoir des nourrissons abandonn\u00e9s","publisher":{"@id":"https:\/\/www.wedadint.org\/#organization"},"potentialAction":[{"@type":"SearchAction","target":{"@type":"EntryPoint","urlTemplate":"https:\/\/www.wedadint.org\/?s={search_term_string}"},"query-input":"required name=search_term_string"}],"inLanguage":"fr-FR"},{"@type":"ImageObject","@id":"https:\/\/www.wedadint.org\/how-you-can-help\/#primaryimage","inLanguage":"fr-FR","url":"https:\/\/www.wedadint.org\/wp-content\/uploads\/2020\/05\/ways-to-give-donate-falling.jpg","contentUrl":"https:\/\/www.wedadint.org\/wp-content\/uploads\/2020\/05\/ways-to-give-donate-falling.jpg","width":1140,"height":655,"caption":"how you can support donate sponsor"},{"@type":"WebPage","@id":"https:\/\/www.wedadint.org\/how-you-can-help\/#webpage","url":"https:\/\/www.wedadint.org\/how-you-can-help\/","name":"Comment nous soutenir | WIF | Fondation internationale Wedad | Espoir des nourrissons abandonn\u00e9s","isPartOf":{"@id":"https:\/\/www.wedadint.org\/#website"},"primaryImageOfPage":{"@id":"https:\/\/www.wedadint.org\/how-you-can-help\/#primaryimage"},"datePublished":"2020-05-10T17:10:46+00:00","dateModified":"2021-02-25T00:30:58+00:00","description":"Donate and Sponsor to give hope to abandoned children and support our work to save abandoned children around the world.","breadcrumb":{"@id":"https:\/\/www.wedadint.org\/how-you-can-help\/#breadcrumb"},"inLanguage":"fr-FR","potentialAction":[{"@type":"ReadAction","target":["https:\/\/www.wedadint.org\/how-you-can-help\/"]}]},{"@type":"BreadcrumbList","@id":"https:\/\/www.wedadint.org\/how-you-can-help\/#breadcrumb","itemListElement":[{"@type":"ListItem","position":1,"name":"Home","item":"https:\/\/www.wedadint.org\/"},{"@type":"ListItem","position":2,"name":"How You Can Help?"}]}]}},"uagb_featured_image_src":{"full":["https:\/\/www.wedadint.org\/wp-content\/uploads\/2020\/05\/ways-to-give-donate-falling.jpg",1140,655,false],"thumbnail":["https:\/\/www.wedadint.org\/wp-content\/uploads\/2020\/05\/ways-to-give-donate-falling-150x150.jpg",150,150,true],"medium":["https:\/\/www.wedadint.org\/wp-content\/uploads\/2020\/05\/ways-to-give-donate-falling-300x172.jpg",300,172,true],"medium_large":["https:\/\/www.wedadint.org\/wp-content\/uploads\/2020\/05\/ways-to-give-donate-falling-768x441.jpg",750,431,true],"large":["https:\/\/www.wedadint.org\/wp-content\/uploads\/2020\/05\/ways-to-give-donate-falling-1024x588.jpg",750,431,true],"thumblist":["https:\/\/www.wedadint.org\/wp-content\/uploads\/2020\/05\/ways-to-give-donate-falling-300x300.jpg",300,300,true],"meccarouselthumb":["https:\/\/www.wedadint.org\/wp-content\/uploads\/2020\/05\/ways-to-give-donate-falling-474x324.jpg",474,324,true],"gridsquare":["https:\/\/www.wedadint.org\/wp-content\/uploads\/2020\/05\/ways-to-give-donate-falling-391x260.jpg",391,260,true],"tileview":["https:\/\/www.wedadint.org\/wp-content\/uploads\/2020\/05\/ways-to-give-donate-falling-300x400.jpg",300,400,true],"1536x1536":["https:\/\/www.wedadint.org\/wp-content\/uploads\/2020\/05\/ways-to-give-donate-falling.jpg",1140,655,false],"2048x2048":["https:\/\/www.wedadint.org\/wp-content\/uploads\/2020\/05\/ways-to-give-donate-falling.jpg",1140,655,false],"hestia-blog":["https:\/\/www.wedadint.org\/wp-content\/uploads\/2020\/05\/ways-to-give-donate-falling-360x240.jpg",360,240,true]},"uagb_author_info":{"display_name":"wedad","author_link":"https:\/\/www.wedadint.org\/fr\/author\/wedad\/"},"uagb_comment_info":0,"uagb_excerpt":"Faites un don ou parrainez pour soutenir notre travail pour sauver les b\u00e9b\u00e9s abandonn\u00e9s.","_links":{"self":[{"href":"https:\/\/www.wedadint.org\/fr\/wp-json\/wp\/v2\/pages\/18974"}],"collection":[{"href":"https:\/\/www.wedadint.org\/fr\/wp-json\/wp\/v2\/pages"}],"about":[{"href":"https:\/\/www.wedadint.org\/fr\/wp-json\/wp\/v2\/types\/page"}],"author":[{"embeddable":true,"href":"https:\/\/www.wedadint.org\/fr\/wp-json\/wp\/v2\/users\/1"}],"replies":[{"embeddable":true,"href":"https:\/\/www.wedadint.org\/fr\/wp-json\/wp\/v2\/comments?post=18974"}],"version-history":[{"count":62,"href":"https:\/\/www.wedadint.org\/fr\/wp-json\/wp\/v2\/pages\/18974\/revisions"}],"predecessor-version":[{"id":20717,"href":"https:\/\/www.wedadint.org\/fr\/wp-json\/wp\/v2\/pages\/18974\/revisions\/20717"}],"wp:featuredmedia":[{"embeddable":true,"href":"https:\/\/www.wedadint.org\/fr\/wp-json\/wp\/v2\/media\/19004"}],"wp:attachment":[{"href":"https:\/\/www.wedadint.org\/fr\/wp-json\/wp\/v2\/media?parent=18974"}],"curies":[{"name":"wp","href":"https:\/\/api.w.org\/{rel}","templated":true}]}}