{"id":3,"date":"2020-04-02T09:40:59","date_gmt":"2020-04-02T09:40:59","guid":{"rendered":"http:\/\/wedadi.org\/?page_id=3"},"modified":"2020-04-30T13:55:19","modified_gmt":"2020-04-30T13:55:19","slug":"privacy-policy","status":"publish","type":"page","link":"https:\/\/www.wedadint.org\/fr\/privacy-policy\/","title":{"rendered":"politique de confidentialit\u00e9"},"content":{"rendered":"\n<p>J&rsquo;accepte les <strong><u>conditions<\/u><\/strong> concernant le traitement des donn\u00e9es<\/p>\n\n\n\n<p><strong>Dispositions sur la protection des donn\u00e9es<\/strong><\/p>\n\n\n\n<p>En soumettant ce formulaire, j\u2019accepte que les informations saisies sur ce site internet soient utilis\u00e9es, exploit\u00e9es, trait\u00e9es pour permettre de me recontacter, pour m\u2019envoyer des newsletters et autres alertes courriels, ainsi que des prestations et services, dans le cadre de mon soutien au but de la fondation ou toute autre demande que j\u2019adresse \u00e0 la fondation Wedad International Foundation (ci-apr\u00e8s WIF).<br><br>Je confirme \u00e9galement avoir \u00e9t\u00e9 inform\u00e9(e) des \u00e9l\u00e9ments suivants :<\/p>\n\n\n\n<ol><li>Les donn\u00e9es saisies seront sauvegard\u00e9es sur des serveurs h\u00e9berg\u00e9s en Suisse.<\/li><li>Le d\u00e9l\u00e9gu\u00e9 au traitement des donn\u00e9es peut \u00eatre contact\u00e9 via la fondation WIF<\/li><li>Je peux acc\u00e9der \u00e0 mes donn\u00e9es en tout temps en me connectant \u00e0 mon compte avec les donn\u00e9es d\u2019identification qui m\u2019ont \u00e9t\u00e9 transmises par Courriel. En cas de perte de ces donn\u00e9es, je peux demander \u00e0 la fondation WIF, de me les transmettre \u00e0 nouveau.<\/li><li>Les donn\u00e9es saisies seront conserv\u00e9es aussi longtemps que mon compte est actif et et\/ou, que je n\u2019aie explicitement demand\u00e9 l\u2019effacement \u00e0 la fondation WIF.<\/li><li>Je peux en tout temps demander \u00e0 la fondation WIF, que cette derni\u00e8re me transmette les donn\u00e9es que je lui ai transmises me concernant et ce, dans un fichier permettant la portabilit\u00e9 desdites donn\u00e9es.<\/li><li>Je peux en tout temps modifier moi-m\u00eame les informations qui me concernent via mon compte (voir point 3) ou en le demandant \u00e0 la fondation WIF<\/li><li>Je peux en tout temps me d\u00e9sinscrire des newsletters et autre(s) alerte(s) Courriel(s) auxquelles je suis abonn\u00e9(e)s via mon compte (voir point 3) ou en le demandant \u00e0 la fondation WIF<\/li><li>Je peux en tout temps demander \u00e0 la fondation WIF, l\u2019effacement complet et d\u00e9finitif des donn\u00e9es en sa possession me concernant (donn\u00e9es que j\u2019ai personnellement transmises).<\/li><\/ol>\n\n\n\n<p><strong>Cookies et analyse d&rsquo;audience<\/strong><br>Vous avez la possibilit\u00e9 de consulter notre site Internet de fa\u00e7on anonyme. Des donn\u00e9es d&rsquo;utilisation non personnelles, comme l&rsquo;adresse IP de votre appareil, les pages consult\u00e9es, le navigateur utilis\u00e9, la date, l&rsquo;heure, etc., que nous enregistrons au moyen de cookies sont cependant collect\u00e9es \u00e0 cette occasion.<\/p>\n\n\n\n<ul><li>Cookies de session pour le bon fonctionnement de certaines parties du site internet (principalement la partie \u00ab\u00a0mon compte\u00a0\u00bb, et les crit\u00e8res d\u00e9finis dans le(s) filtre(s)s de recherche).<\/li><li>Cookies Google Analytics Pour la compr\u00e9hension du comportement des utilisateurs et permettre des adaptations pour rendre la navigation plus agr\u00e9able et efficace notamment.<\/li><\/ul>\n\n\n\n<p>la fondation WIF est susceptible d&rsquo;utiliser des technologies d&rsquo;analyse anonymis\u00e9e des consultations des sites Internet afin d&rsquo;am\u00e9liorer en continu ces derniers. Ce faisant, des informations relatives au syst\u00e8me d&rsquo;exploitation, au navigateur, \u00e0 l&rsquo;origine g\u00e9ographique (pays uniquement), aux pages consult\u00e9es au cours de la visite ainsi qu&rsquo;aux interactions.<br>Nous analysons uniquement les donn\u00e9es de fa\u00e7on anonyme et \u00e0 des fins statistiques. Nous n\u2019exploitons pas de donn\u00e9es personnelles, \u00e0 moins que l&rsquo;utilisateur n&rsquo;ait lui-m\u00eame fourni ces donn\u00e9es en toute connaissance de cause lors par exemple de la demande d\u2019informations sur une prestation ou service de la fondation.<br><br><strong>Liens vers d&rsquo;autres sites internet<\/strong><br>Certains liens pr\u00e9sents sur notre site internet peuvent permettre d&rsquo;acc\u00e9der \u00e0 des sites Internet de tiers sur lesquels nous n\u2019avons aucune influence. D\u00e8s que vous cliquez sur ces liens, vous quittez la sph\u00e8re d&rsquo;influence de la fondation WIF. Nous n&rsquo;assumons donc aucune responsabilit\u00e9 quant \u00e0 l&rsquo;int\u00e9gralit\u00e9, l&rsquo;exhaustivit\u00e9 et la l\u00e9galit\u00e9 des contenus et liens avec d&rsquo;autres sites qui y figurent ou aux \u00e9ventuels produits, offres et prestations (de service) qui y sont pr\u00e9sent\u00e9s. Les conditions d&rsquo;utilisation et les dispositions sur la protection des donn\u00e9es de ces tiers s&rsquo;appliquent.<br><br><strong>Droits d&rsquo;auteur et d&rsquo;utilisation<\/strong><br>L&rsquo;ensemble du contenu de ce site internet est prot\u00e9g\u00e9 par un droit d&rsquo;auteur et, sauf disposition contraire, est la propri\u00e9t\u00e9 exclusive et totale de WIF Foundation. Le fait d&rsquo;ouvrir des pages \u00e0 l&rsquo;\u00e9cran, de les t\u00e9l\u00e9charger ou de les copier ne conduit pas \u00e0 l&rsquo;acquisition de droits (droits d\u2019utilisation, droits de propri\u00e9t\u00e9 intellectuelle, etc.). Sauf autorisation pr\u00e9alable \u00e9crite, il est interdit de reproduire, de transmettre (\u00e9lectroniquement ou par d\u2019autres moyens), de modifier, de mettre en lien ou d\u2019utiliser notre site internet \u00e0 des fins publiques ou commerciales, que ce soit en tout ou partie. De m\u00eame, toute utilisation du contenu et de notre site internet \u00e0 des fins ill\u00e9gales fera l\u2019objet de poursuites judiciaires \u00e0 l\u2019\u00e9gard des contrevenants.<br><br><strong>Exclusion de responsabilit\u00e9<\/strong><br>la fondation WIF d\u00e9cline sans restriction toute responsabilit\u00e9 en cas de perte ou de dommage, quels qu&rsquo;ils soient, r\u00e9sultant pour elle-m\u00eame ou des tiers de l&rsquo;acc\u00e8s ou de l&rsquo;utilisation du site internet ou de parties de celui-ci, ou caus\u00e9s par des liens vers des sites Internet de tiers. La visite de notre site Internet ainsi que l&rsquo;utilisation des informations qui y sont contenues s&rsquo;effectuent \u00e0 vos risques.<br>D&rsquo;autre part, la fondation WIF se r\u00e9serve le droit \u00e0 tout moment d&rsquo;interrompre, de modifier ou (de fa\u00e7on temporaire ou permanente) d\u2019annuler notre site internet avec ou sans pr\u00e9avis.<br>Toute responsabilit\u00e9 est \u00e9galement exclue en cas de manque \u00e0 gagner, d&rsquo;erreur d&rsquo;Internet, quelle qu&rsquo;elle soit (par ex. interruption de l&rsquo;exploitation, dysfonctionnements, virus, composants dommageables, actes p\u00e9nalement r\u00e9pr\u00e9hensibles, etc.), d&rsquo;abus par des tiers (consultation de donn\u00e9es, copies, etc.). Ces exclusions s&rsquo;appliquent m\u00eame pour le cas o\u00f9 notre site internet attirerait l&rsquo;attention sur le risque de tels dommages.<br><br>L&rsquo;utilisation de m\u00e9dias \u00e9lectroniques tels qu&rsquo;Internet, Courriel, etc. comporte un risque (virus et autres piratages informatiques). Afin de r\u00e9duire ces risques, veuillez utiliser une version \u00e0 jour (derni\u00e8re version mise \u00e0 jour par le d\u00e9veloppeur) de votre navigateur et installez un antivirus r\u00e9guli\u00e8rement mis \u00e0 jour. N&rsquo;ouvrez pas les courriels d&rsquo;origine inconnue et les pi\u00e8ces jointes avec une extension \u00ab\u00a0.EXE\u00a0\u00bb ou \u00ab\u00a0.ZIP\u00a0\u00bb par exemple.<\/p>\n","protected":false},"excerpt":{"rendered":"<p>J&rsquo;accepte les conditions concernant le traitement des donn\u00e9es Dispositions sur la protection des donn\u00e9es En soumettant ce formulaire, j\u2019accepte que les informations saisies sur ce site internet soient utilis\u00e9es, exploit\u00e9es, trait\u00e9es pour permettre de me recontacter, pour m\u2019envoyer des newsletters et autres alertes courriels, ainsi que des prestations et services, [&hellip;]<\/p>\n","protected":false},"author":1,"featured_media":18224,"parent":0,"menu_order":0,"comment_status":"closed","ping_status":"closed","template":"","meta":{"_coblocks_attr":"","_coblocks_dimensions":"","_coblocks_responsive_height":"","_coblocks_accordion_ie_support":"","_themeisle_gutenberg_block_has_review":false},"translation":{"provider":"WPGlobus","version":"2.8.11","language":"fr","enabled_languages":["en","ar","fr"],"languages":{"en":{"title":true,"content":true,"excerpt":false},"ar":{"title":true,"content":true,"excerpt":false},"fr":{"title":true,"content":true,"excerpt":false}}},"yoast_head":"<!-- This site is optimized with the Yoast SEO plugin v18.2 - https:\/\/yoast.com\/wordpress\/plugins\/seo\/ -->\n<title>politique de confidentialit\u00e9 | WIF | Fondation internationale Wedad | Espoir des nourrissons abandonn\u00e9s<\/title>\n<meta name=\"robots\" content=\"index, follow, max-snippet:-1, max-image-preview:large, max-video-preview:-1\" \/>\n<link rel=\"canonical\" href=\"https:\/\/www.wedadint.org\/fr\/privacy-policy\/\" \/>\n<meta property=\"og:locale\" content=\"fr_FR\" \/>\n<meta property=\"og:type\" content=\"article\" \/>\n<meta property=\"og:title\" content=\"politique de confidentialit\u00e9 | WIF | Fondation internationale Wedad | Espoir des nourrissons abandonn\u00e9s\" \/>\n<meta property=\"og:url\" content=\"https:\/\/www.wedadint.org\/fr\/privacy-policy\/\" \/>\n<meta property=\"og:site_name\" content=\"WIF | Fondation internationale Wedad | Espoir des nourrissons abandonn\u00e9s\" \/>\n<meta property=\"article:publisher\" content=\"https:\/\/www.facebook.com\/wedadint\" \/>\n<meta property=\"article:modified_time\" content=\"2020-04-30T13:55:19+00:00\" \/>\n<meta property=\"og:image\" content=\"https:\/\/www.wedadint.org\/wp-content\/uploads\/2020\/04\/privacy-policy-wif.jpg\" \/>\n\t<meta property=\"og:image:width\" content=\"1260\" \/>\n\t<meta property=\"og:image:height\" content=\"401\" \/>\n\t<meta property=\"og:image:type\" content=\"image\/jpeg\" \/>\n<meta name=\"twitter:card\" content=\"summary_large_image\" \/>\n<meta name=\"twitter:site\" content=\"@Wedadint\" \/>\n<meta name=\"twitter:label1\" content=\"Dur\u00e9e de lecture estim\u00e9e\" \/>\n\t<meta name=\"twitter:data1\" content=\"9 minutes\" \/>\n<script type=\"application\/ld+json\" class=\"yoast-schema-graph\">{\"@context\":\"https:\/\/schema.org\",\"@graph\":[{\"@type\":\"Organization\",\"@id\":\"https:\/\/www.wedadint.org\/#organization\",\"name\":\"Wedad International Foundation\",\"url\":\"https:\/\/www.wedadint.org\/\",\"sameAs\":[\"https:\/\/www.facebook.com\/wedadint\",\"https:\/\/www.instagram.com\/wedadint\",\"https:\/\/twitter.com\/Wedadint\"],\"logo\":{\"@type\":\"ImageObject\",\"@id\":\"https:\/\/www.wedadint.org\/#logo\",\"inLanguage\":\"fr-FR\",\"url\":\"https:\/\/www.wedadint.org\/wp-content\/uploads\/2020\/06\/Wedad-Logo-N300.png\",\"contentUrl\":\"https:\/\/www.wedadint.org\/wp-content\/uploads\/2020\/06\/Wedad-Logo-N300.png\",\"width\":300,\"height\":299,\"caption\":\"Wedad International Foundation\"},\"image\":{\"@id\":\"https:\/\/www.wedadint.org\/#logo\"}},{\"@type\":\"WebSite\",\"@id\":\"https:\/\/www.wedadint.org\/#website\",\"url\":\"https:\/\/www.wedadint.org\/\",\"name\":\"WIF | Fondation internationale Wedad | Espoir des nourrissons abandonn\u00e9s\",\"description\":\"Espoir des nourrissons abandonn\u00e9s\",\"publisher\":{\"@id\":\"https:\/\/www.wedadint.org\/#organization\"},\"potentialAction\":[{\"@type\":\"SearchAction\",\"target\":{\"@type\":\"EntryPoint\",\"urlTemplate\":\"https:\/\/www.wedadint.org\/?s={search_term_string}\"},\"query-input\":\"required name=search_term_string\"}],\"inLanguage\":\"fr-FR\"},{\"@type\":\"ImageObject\",\"@id\":\"https:\/\/www.wedadint.org\/fr\/privacy-policy\/#primaryimage\",\"inLanguage\":\"fr-FR\",\"url\":\"https:\/\/www.wedadint.org\/wp-content\/uploads\/2020\/04\/privacy-policy-wif.jpg\",\"contentUrl\":\"https:\/\/www.wedadint.org\/wp-content\/uploads\/2020\/04\/privacy-policy-wif.jpg\",\"width\":1260,\"height\":401},{\"@type\":\"WebPage\",\"@id\":\"https:\/\/www.wedadint.org\/fr\/privacy-policy\/#webpage\",\"url\":\"https:\/\/www.wedadint.org\/fr\/privacy-policy\/\",\"name\":\"politique de confidentialit\u00e9 | WIF | Fondation internationale Wedad | Espoir des nourrissons abandonn\u00e9s\",\"isPartOf\":{\"@id\":\"https:\/\/www.wedadint.org\/#website\"},\"primaryImageOfPage\":{\"@id\":\"https:\/\/www.wedadint.org\/fr\/privacy-policy\/#primaryimage\"},\"datePublished\":\"2020-04-02T09:40:59+00:00\",\"dateModified\":\"2020-04-30T13:55:19+00:00\",\"breadcrumb\":{\"@id\":\"https:\/\/www.wedadint.org\/fr\/privacy-policy\/#breadcrumb\"},\"inLanguage\":\"fr-FR\",\"potentialAction\":[{\"@type\":\"ReadAction\",\"target\":[\"https:\/\/www.wedadint.org\/fr\/privacy-policy\/\"]}]},{\"@type\":\"BreadcrumbList\",\"@id\":\"https:\/\/www.wedadint.org\/fr\/privacy-policy\/#breadcrumb\",\"itemListElement\":[{\"@type\":\"ListItem\",\"position\":1,\"name\":\"Home\",\"item\":\"https:\/\/www.wedadint.org\/\"},{\"@type\":\"ListItem\",\"position\":2,\"name\":\"politique de confidentialit\u00e9\"}]}]}<\/script>\n<!-- \/ Yoast SEO plugin. -->","yoast_head_json":{"title":"politique de confidentialit\u00e9 | WIF | Fondation internationale Wedad | Espoir des nourrissons abandonn\u00e9s","robots":{"index":"index","follow":"follow","max-snippet":"max-snippet:-1","max-image-preview":"max-image-preview:large","max-video-preview":"max-video-preview:-1"},"canonical":"https:\/\/www.wedadint.org\/fr\/privacy-policy\/","og_locale":"fr_FR","og_type":"article","og_title":"politique de confidentialit\u00e9 | WIF | Fondation internationale Wedad | Espoir des nourrissons abandonn\u00e9s","og_url":"https:\/\/www.wedadint.org\/fr\/privacy-policy\/","og_site_name":"WIF | Fondation internationale Wedad | Espoir des nourrissons abandonn\u00e9s","article_publisher":"https:\/\/www.facebook.com\/wedadint","article_modified_time":"2020-04-30T13:55:19+00:00","og_image":[{"width":1260,"height":401,"url":"https:\/\/www.wedadint.org\/wp-content\/uploads\/2020\/04\/privacy-policy-wif.jpg","type":"image\/jpeg"}],"twitter_card":"summary_large_image","twitter_site":"@Wedadint","twitter_misc":{"Dur\u00e9e de lecture estim\u00e9e":"9 minutes"},"schema":{"@context":"https:\/\/schema.org","@graph":[{"@type":"Organization","@id":"https:\/\/www.wedadint.org\/#organization","name":"Wedad International Foundation","url":"https:\/\/www.wedadint.org\/","sameAs":["https:\/\/www.facebook.com\/wedadint","https:\/\/www.instagram.com\/wedadint","https:\/\/twitter.com\/Wedadint"],"logo":{"@type":"ImageObject","@id":"https:\/\/www.wedadint.org\/#logo","inLanguage":"fr-FR","url":"https:\/\/www.wedadint.org\/wp-content\/uploads\/2020\/06\/Wedad-Logo-N300.png","contentUrl":"https:\/\/www.wedadint.org\/wp-content\/uploads\/2020\/06\/Wedad-Logo-N300.png","width":300,"height":299,"caption":"Wedad International Foundation"},"image":{"@id":"https:\/\/www.wedadint.org\/#logo"}},{"@type":"WebSite","@id":"https:\/\/www.wedadint.org\/#website","url":"https:\/\/www.wedadint.org\/","name":"WIF | Fondation internationale Wedad | Espoir des nourrissons abandonn\u00e9s","description":"Espoir des nourrissons abandonn\u00e9s","publisher":{"@id":"https:\/\/www.wedadint.org\/#organization"},"potentialAction":[{"@type":"SearchAction","target":{"@type":"EntryPoint","urlTemplate":"https:\/\/www.wedadint.org\/?s={search_term_string}"},"query-input":"required name=search_term_string"}],"inLanguage":"fr-FR"},{"@type":"ImageObject","@id":"https:\/\/www.wedadint.org\/fr\/privacy-policy\/#primaryimage","inLanguage":"fr-FR","url":"https:\/\/www.wedadint.org\/wp-content\/uploads\/2020\/04\/privacy-policy-wif.jpg","contentUrl":"https:\/\/www.wedadint.org\/wp-content\/uploads\/2020\/04\/privacy-policy-wif.jpg","width":1260,"height":401},{"@type":"WebPage","@id":"https:\/\/www.wedadint.org\/fr\/privacy-policy\/#webpage","url":"https:\/\/www.wedadint.org\/fr\/privacy-policy\/","name":"politique de confidentialit\u00e9 | WIF | Fondation internationale Wedad | Espoir des nourrissons abandonn\u00e9s","isPartOf":{"@id":"https:\/\/www.wedadint.org\/#website"},"primaryImageOfPage":{"@id":"https:\/\/www.wedadint.org\/fr\/privacy-policy\/#primaryimage"},"datePublished":"2020-04-02T09:40:59+00:00","dateModified":"2020-04-30T13:55:19+00:00","breadcrumb":{"@id":"https:\/\/www.wedadint.org\/fr\/privacy-policy\/#breadcrumb"},"inLanguage":"fr-FR","potentialAction":[{"@type":"ReadAction","target":["https:\/\/www.wedadint.org\/fr\/privacy-policy\/"]}]},{"@type":"BreadcrumbList","@id":"https:\/\/www.wedadint.org\/fr\/privacy-policy\/#breadcrumb","itemListElement":[{"@type":"ListItem","position":1,"name":"Home","item":"https:\/\/www.wedadint.org\/"},{"@type":"ListItem","position":2,"name":"politique de confidentialit\u00e9"}]}]}},"uagb_featured_image_src":{"full":["https:\/\/www.wedadint.org\/wp-content\/uploads\/2020\/04\/privacy-policy-wif.jpg",1260,401,false],"thumbnail":["https:\/\/www.wedadint.org\/wp-content\/uploads\/2020\/04\/privacy-policy-wif-150x150.jpg",150,150,true],"medium":["https:\/\/www.wedadint.org\/wp-content\/uploads\/2020\/04\/privacy-policy-wif-300x95.jpg",300,95,true],"medium_large":["https:\/\/www.wedadint.org\/wp-content\/uploads\/2020\/04\/privacy-policy-wif-768x244.jpg",750,238,true],"large":["https:\/\/www.wedadint.org\/wp-content\/uploads\/2020\/04\/privacy-policy-wif-1024x326.jpg",750,239,true],"thumblist":["https:\/\/www.wedadint.org\/wp-content\/uploads\/2020\/04\/privacy-policy-wif-300x300.jpg",300,300,true],"meccarouselthumb":["https:\/\/www.wedadint.org\/wp-content\/uploads\/2020\/04\/privacy-policy-wif-474x324.jpg",474,324,true],"gridsquare":["https:\/\/www.wedadint.org\/wp-content\/uploads\/2020\/04\/privacy-policy-wif-391x260.jpg",391,260,true],"tileview":["https:\/\/www.wedadint.org\/wp-content\/uploads\/2020\/04\/privacy-policy-wif-300x400.jpg",300,400,true],"1536x1536":["https:\/\/www.wedadint.org\/wp-content\/uploads\/2020\/04\/privacy-policy-wif.jpg",1260,401,false],"2048x2048":["https:\/\/www.wedadint.org\/wp-content\/uploads\/2020\/04\/privacy-policy-wif.jpg",1260,401,false],"hestia-blog":["https:\/\/www.wedadint.org\/wp-content\/uploads\/2020\/04\/privacy-policy-wif-360x240.jpg",360,240,true]},"uagb_author_info":{"display_name":"wedad","author_link":"https:\/\/www.wedadint.org\/fr\/author\/wedad\/"},"uagb_comment_info":0,"uagb_excerpt":"J&rsquo;accepte les conditions concernant le traitement des donn\u00e9es Dispositions sur la protection des donn\u00e9es En soumettant ce formulaire, j\u2019accepte que les informations saisies sur ce site internet soient utilis\u00e9es, exploit\u00e9es, trait\u00e9es pour permettre de me recontacter, pour m\u2019envoyer des newsletters et autres alertes courriels, ainsi que des prestations et services, [&hellip;]","_links":{"self":[{"href":"https:\/\/www.wedadint.org\/fr\/wp-json\/wp\/v2\/pages\/3"}],"collection":[{"href":"https:\/\/www.wedadint.org\/fr\/wp-json\/wp\/v2\/pages"}],"about":[{"href":"https:\/\/www.wedadint.org\/fr\/wp-json\/wp\/v2\/types\/page"}],"author":[{"embeddable":true,"href":"https:\/\/www.wedadint.org\/fr\/wp-json\/wp\/v2\/users\/1"}],"replies":[{"embeddable":true,"href":"https:\/\/www.wedadint.org\/fr\/wp-json\/wp\/v2\/comments?post=3"}],"version-history":[{"count":7,"href":"https:\/\/www.wedadint.org\/fr\/wp-json\/wp\/v2\/pages\/3\/revisions"}],"predecessor-version":[{"id":18226,"href":"https:\/\/www.wedadint.org\/fr\/wp-json\/wp\/v2\/pages\/3\/revisions\/18226"}],"wp:featuredmedia":[{"embeddable":true,"href":"https:\/\/www.wedadint.org\/fr\/wp-json\/wp\/v2\/media\/18224"}],"wp:attachment":[{"href":"https:\/\/www.wedadint.org\/fr\/wp-json\/wp\/v2\/media?parent=3"}],"curies":[{"name":"wp","href":"https:\/\/api.w.org\/{rel}","templated":true}]}}